{"id":4016,"date":"2026-02-12T11:14:20","date_gmt":"2026-02-12T11:14:20","guid":{"rendered":"https:\/\/highlightsofhvar.com\/dozivljaji\/tecaj-tradicionalne-kuhinje-hvara\/"},"modified":"2026-04-02T06:44:05","modified_gmt":"2026-04-02T06:44:05","slug":"tecaj-tradicionalne-kuhinje-hvara","status":"publish","type":"page","link":"https:\/\/highlightsofhvar.com\/hr\/dozivljaji\/tecaj-tradicionalne-kuhinje-hvara\/","title":{"rendered":"Te\u010daj kuhanja hvarske ba\u0161tine"},"content":{"rendered":"<p>Privatno kulinarske ba\u0161tine \u2013 Hrvatska<\/p>\n<h2>Otkrij Hvar kao rijetko tko<\/h2>\n<p><a href=\"https:\/\/highlightsofhvar.com\/hr\/kontakt\/\"><br \/>\nZatra\u017eite ovo iskustvo \u2192<br \/>\n<\/a><\/p>\n<p>Reci nam \u0161to tra\u017ei\u0161 i mi \u0107emo to osmisliti za tebe.<\/p>\n<ul>\n<li>Lokacija: Otok Hvar, Hrvatska<\/li>\n<li>Trajanje: 2:30 sata<\/li>\n<li data-start=\"1311\" data-end=\"1336\">Veli\u010dina grupe: 2-12<\/li>\n<li data-start=\"1341\" data-end=\"1400\">Tip<strong data-start=\"614\" data-end=\"623\">:<\/strong> Kulturno i gastronomsko prakti\u010dno iskustvo \/ Privatno<\/li>\n<li data-start=\"1341\" data-end=\"1400\">Idealno za: Ljubitelje hrane i kulture, kao i parove, obitelji i prijatelje.<\/li>\n<\/ul>\n<h6>Pregled<\/h6>\n<p>Zakora\u010dite na stoljetno obiteljsko imanje na otoku Hvaru, gdje se spajaju povijest, tradicija i kulinarska strast. Svako jelo pri\u010da pri\u010du Hvara, poslu\u017eeno uz doma\u0107i kruh, ku\u0161anje maslinovog ulja i lokalne oto\u010dne slastice.<br \/>\nOvo nije standardni te\u010daj kuhanja \u2013 to je intimno kulturno uranjanje, podijeljeno samo s odabranima, \u010duvaju\u0107i stolje\u0107a obiteljske kulinarske ba\u0161tine. <\/p>\n<h4>Kuhaj privatno s obiteljskim doma\u0107inom i iskusi mediteranske rituale<\/h4>\n<p>Tvoj doma\u0107in \u2013 predani \u010dlan imanja \u2013 osobno \u0107e te voditi kroz autenti\u010dno kulinarske i kulturno putovanje. Zajedno \u0107ete pripremiti jela inspirirana pomorskom i poljoprivrednom ba\u0161tinom Hvara, do\u017eivljavaju\u0107i okuse, tradicije i pri\u010de otoka u privatnom, intimnom okru\u017eenju. <\/p>\n<h4>Istaknuto<\/h4>\n<ul>\n<li>Privatni ru\u010dak<\/li>\n<li>Sezonski sastojci koji odra\u017eavaju prirodni ritam Hvara<\/li>\n<li>Doma\u0107i kruh pe\u010den prema pradjedovskim obiteljskim metodama<\/li>\n<li>Ku\u0161anje maslinovog ulja, koje predstavlja temelj mediteranske kuhinje<\/li>\n<li>Pri\u010de o zemlji, godi\u0161njim dobima i oto\u010dnim tradicijama<\/li>\n<li>Sudjelovanje u trenucima tradicionalnog oto\u010dnog \u017eivota<\/li>\n<li>Vo\u0111eno istra\u017eivanje obiteljskog imanja, u\u010denje o njegovoj povijesti i ba\u0161tini<\/li>\n<\/ul>\n<h4>Uklju\u010deno<\/h4>\n<ul>\n<li>Privatno iskustvo kulinarske ba\u0161tine<\/li>\n<li>Vrtno bilje i stoljetna uporaba u kuhinji<\/li>\n<li>Doma\u0107i kruh i ku\u0161anje maslinovog ulja<\/li>\n<li>Ku\u0161anje tradicionalnih oto\u010dnih slastica i biljnih sirupa<\/li>\n<\/ul>\n<p><img fetchpriority=\"high\" decoding=\"async\" src=\"https:\/\/highlightsofhvar.com\/wp-content\/uploads\/2026\/02\/cc-Jaksa-i-jedna-gda-kuha-1.jpeg\" sizes=\"(max-width: 900px) 100vw, 900px\" srcset=\"https:\/\/highlightsofhvar.com\/wp-content\/uploads\/2026\/02\/cc-Jaksa-i-jedna-gda-kuha-1.jpeg 900w, https:\/\/highlightsofhvar.com\/wp-content\/uploads\/2026\/02\/cc-Jaksa-i-jedna-gda-kuha-1-169x300.jpeg 169w, https:\/\/highlightsofhvar.com\/wp-content\/uploads\/2026\/02\/cc-Jaksa-i-jedna-gda-kuha-1-576x1024.jpeg 576w, https:\/\/highlightsofhvar.com\/wp-content\/uploads\/2026\/02\/cc-Jaksa-i-jedna-gda-kuha-1-768x1365.jpeg 768w, https:\/\/highlightsofhvar.com\/wp-content\/uploads\/2026\/02\/cc-Jaksa-i-jedna-gda-kuha-1-864x1536.jpeg 864w\" alt=\"\" width=\"900\" height=\"1600\"> <img decoding=\"async\" src=\"https:\/\/highlightsofhvar.com\/wp-content\/uploads\/2026\/03\/Terra-Arhaica-18.jpg\" sizes=\"(max-width: 1680px) 100vw, 1680px\" srcset=\"https:\/\/highlightsofhvar.com\/wp-content\/uploads\/2026\/03\/Terra-Arhaica-18.jpg 1680w, https:\/\/highlightsofhvar.com\/wp-content\/uploads\/2026\/03\/Terra-Arhaica-18-300x200.jpg 300w, https:\/\/highlightsofhvar.com\/wp-content\/uploads\/2026\/03\/Terra-Arhaica-18-1024x683.jpg 1024w, https:\/\/highlightsofhvar.com\/wp-content\/uploads\/2026\/03\/Terra-Arhaica-18-768x512.jpg 768w, https:\/\/highlightsofhvar.com\/wp-content\/uploads\/2026\/03\/Terra-Arhaica-18-1536x1024.jpg 1536w\" alt=\"\" width=\"1680\" height=\"1120\"> <img decoding=\"async\" src=\"https:\/\/highlightsofhvar.com\/wp-content\/uploads\/2026\/03\/Terra-Arhaica-30.jpg\" sizes=\"(max-width: 1680px) 100vw, 1680px\" srcset=\"https:\/\/highlightsofhvar.com\/wp-content\/uploads\/2026\/03\/Terra-Arhaica-30.jpg 1680w, https:\/\/highlightsofhvar.com\/wp-content\/uploads\/2026\/03\/Terra-Arhaica-30-300x200.jpg 300w, https:\/\/highlightsofhvar.com\/wp-content\/uploads\/2026\/03\/Terra-Arhaica-30-1024x683.jpg 1024w, https:\/\/highlightsofhvar.com\/wp-content\/uploads\/2026\/03\/Terra-Arhaica-30-768x512.jpg 768w, https:\/\/highlightsofhvar.com\/wp-content\/uploads\/2026\/03\/Terra-Arhaica-30-1536x1024.jpg 1536w\" alt=\"\" width=\"1680\" height=\"1120\"> <a href=\"https:\/\/highlightsofhvar.com\/hr\/kontakt\/\"><br \/>\nZatra\u017eite ovo iskustvo \u2192<br \/>\n<\/a><\/p>\n<p>Bez obveze \u2013 samo prva ideja prilago\u0111ena tebi.<\/p>\n<p><img loading=\"lazy\" decoding=\"async\" src=\"https:\/\/highlightsofhvar.com\/wp-content\/uploads\/2026\/03\/Terra-Arhaica-28-1024x683.jpg\" sizes=\"(max-width: 800px) 100vw, 800px\" srcset=\"https:\/\/highlightsofhvar.com\/wp-content\/uploads\/2026\/03\/Terra-Arhaica-28-1024x683.jpg 1024w, https:\/\/highlightsofhvar.com\/wp-content\/uploads\/2026\/03\/Terra-Arhaica-28-300x200.jpg 300w, https:\/\/highlightsofhvar.com\/wp-content\/uploads\/2026\/03\/Terra-Arhaica-28-768x512.jpg 768w, https:\/\/highlightsofhvar.com\/wp-content\/uploads\/2026\/03\/Terra-Arhaica-28-1536x1024.jpg 1536w, https:\/\/highlightsofhvar.com\/wp-content\/uploads\/2026\/03\/Terra-Arhaica-28.jpg 1680w\" alt=\"\" width=\"800\" height=\"534\"> <img loading=\"lazy\" decoding=\"async\" src=\"https:\/\/highlightsofhvar.com\/wp-content\/uploads\/2026\/02\/IMG_6898-1-1024x768.jpeg\" sizes=\"(max-width: 800px) 100vw, 800px\" srcset=\"https:\/\/highlightsofhvar.com\/wp-content\/uploads\/2026\/02\/IMG_6898-1-1024x768.jpeg 1024w, https:\/\/highlightsofhvar.com\/wp-content\/uploads\/2026\/02\/IMG_6898-1-300x225.jpeg 300w, https:\/\/highlightsofhvar.com\/wp-content\/uploads\/2026\/02\/IMG_6898-1-768x576.jpeg 768w, https:\/\/highlightsofhvar.com\/wp-content\/uploads\/2026\/02\/IMG_6898-1-1536x1152.jpeg 1536w, https:\/\/highlightsofhvar.com\/wp-content\/uploads\/2026\/02\/IMG_6898-1.jpeg 1680w\" alt=\"\" width=\"800\" height=\"600\"><\/p>\n<h2>Nezaboravni trenuci<\/h2>\n<p><strong>Za\u0161to odabrati ovo iskustvo<\/strong><\/p>\n<p>Privatno i impresivno kulturno i kulinarsko iskustvo smje\u0161teno na povijesnom obiteljskom imanju na Hvaru.<br \/>\nOvo intimno okupljanje, koje osobno vodi \u010dlan lokalne obitelji, nudi rijedak uvid u autenti\u010dan oto\u010dni \u017eivot kroz sezonsku kuhinju, pripovijedanje, tradicionalno umije\u0107e i dugogodi\u0161nje rituale \u2014 diskretno, autenti\u010dno i daleko od tipi\u010dne turisti\u010dke staze.<\/p>\n<p>Ovo privatno iskustvo po\u010dinje od <strong>660 \u20ac<\/strong> za 3 gosta, s cijenama prilago\u0111enim va\u0161oj rezervaciji.<\/p>\n<p><a href=\"https:\/\/highlightsofhvar.com\/hr\/kontakt\/\"><br \/>\nZatra\u017eite svoje iskustvo \u2192<br \/>\n<\/a><\/p>\n<p>Dostupnost je ograni\u010dena, \u0161to nam omogu\u0107uje pru\u017eanje istinski personaliziranog iskustva<\/p>\n<h6>prije nego stigne\u0161<\/h6>\n<p><a tabindex=\"0\">Jesu li va\u0161a iskustva privatna?<\/a><\/p>\n<p>Da. Sva iskustva su privatna ili u malim grupama i prilago\u0111ena tebi. Bez grupa, bez fiksnih rasporeda \u2013 sve je osmi\u0161ljeno prema tvom ritmu.  <\/p>\n<p><a tabindex=\"0\">\u0160to \u010dini va\u0161a iskustva razli\u010ditima?<\/a><\/p>\n<p>Na\u0161a iskustva nisu ture \u2013 to su privatna, duboka putovanja u \u017eivu ba\u0161tinu Hvara. Ne promatra\u0161 samo, ve\u0107 sudjeluje\u0161, ku\u0161a\u0161 i stvara\u0161 <\/p>\n<p><a tabindex=\"0\">\u0160to mogu o\u010dekivati tijekom iskustva?<\/a><\/p>\n<p>Mo\u017ee\u0161 o\u010dekivati potpuno iskustvo koje anga\u017eira sva osjetila \u2013 od tradicionalne hrane i lokalnih obrta do pripovijedanja i prakti\u010dnih aktivnosti.<\/p>\n<p><a tabindex=\"0\">Mogu li se iskustva prilagoditi?<\/a><\/p>\n<p>Da. Svako iskustvo mo\u017ee biti prilago\u0111eno \u2013 od vremena i sadr\u017eaja do posebnih prigoda i osobnih preferencija. <\/p>\n<p><a tabindex=\"0\">Je li ovo prikladno za parove \/ obitelji?<\/a><\/p>\n<p>Da. Iskustva su idealna za: <\/p>\n<ul>\n<li>parove (romanti\u010dna, privatna okru\u017eenja)<\/li>\n<li>obitelji (interaktivno i edukativno)<\/li>\n<li>male grupe<\/li>\n<\/ul>\n<p><a tabindex=\"0\">\u0160to trebam nositi ili ponijeti?<\/a><\/p>\n<p>Udobnu odje\u0107u i radoznalost. Sve ostalo je osigurano. <\/p>\n<p><a tabindex=\"0\">\u0160to se doga\u0111a u slu\u010daju lo\u0161eg vremena?<\/a><\/p>\n<p>Ova iskustva osmi\u0161ljena su tako da se odvijaju i u zatvorenom i na otvorenom, osiguravaju\u0107i da vremenski uvjeti nikada ne poremete tvoje u\u017eivanje<\/p>\n<p><a tabindex=\"0\">Kako rezervirati?<\/a><\/p>\n<p>Mo\u017ee\u0161 zatra\u017eiti svoje iskustvo izravno putem na\u0161e web stranice ili nas kontaktirati za prilago\u0111enu ponudu.<\/p>\n<p><a tabindex=\"0\">Jesu li va\u0161a iskustva prikladna za ku\u0107ne ljubimce?<\/a><\/p>\n<p>Da. Dobro odgojeni ku\u0107ni ljubimci su dobrodo\u0161li <\/p>\n<p><a tabindex=\"0\">Mo\u017eete li organizirati prijevoz?<\/a><\/p>\n<p>Da. Mo\u017eemo organizirati privatni prijevoz do i od iskustva na zahtjev. <\/p>\n<p><a tabindex=\"0\">Dijetetska ograni\u010denja?<\/a><\/p>\n<p>Prilago\u0111eno uz prethodnu najavu.<\/p>\n<p><a tabindex=\"0\">Tko je doma\u0107in iskustva?<\/a><\/p>\n<p>Lokalni stru\u010dnjak za tradicionalne hvarske ku\u0107anske prakse.<\/p>\n<p><a tabindex=\"-1\" href=\"#\" aria-label=\"Unique\"> <\/a><\/p>\n<h5><a href=\"#\"><br \/>\nJedinstvena  <\/a><\/h5>\n<p><a tabindex=\"-1\" href=\"#\" aria-label=\"Private Tour\"> <\/a><\/p>\n<h5><a href=\"#\"><br \/>\nPrivatna tura  <\/a><\/h5>\n<p><a tabindex=\"-1\" href=\"#\" aria-label=\"Start from \u20ac 620\"> <\/a><\/p>\n<h5><a href=\"#\"><br \/>\nPo\u010dev\u0161i od 620 \u20ac  <\/a><\/h5>\n<p><a href=\"https:\/\/highlightsofhvar.com\/hr\/kontakt\/\"><br \/>\nKontaktiraj nas<br \/>\n<\/a><\/p>\n","protected":false},"excerpt":{"rendered":"<p>Privatno kulinarske ba\u0161tine \u2013 Hrvatska Otkrij Hvar kao rijetko tko Zatra\u017eite ovo iskustvo \u2192 Reci nam \u0161to tra\u017ei\u0161 i mi \u0107emo to osmisliti za tebe. Lokacija: Otok Hvar, Hrvatska Trajanje: 2:30 sata Veli\u010dina grupe: 2-12 Tip: Kulturno i gastronomsko prakti\u010dno iskustvo \/ Privatno Idealno za: Ljubitelje hrane i kulture, kao i parove, obitelji i prijatelje. [&hellip;]<\/p>\n","protected":false},"author":1,"featured_media":0,"parent":3977,"menu_order":0,"comment_status":"closed","ping_status":"closed","template":"elementor_header_footer","meta":{"_joinchat":[],"footnotes":""},"class_list":["post-4016","page","type-page","status-publish","hentry"],"yoast_head":"<!-- This site is optimized with the Yoast SEO plugin v27.3 - https:\/\/yoast.com\/product\/yoast-seo-wordpress\/ -->\n<title>Te\u010daj kuhanja hvarske ba\u0161tine - Highlights of Hvar<\/title>\n<meta name=\"robots\" content=\"index, follow, max-snippet:-1, max-image-preview:large, max-video-preview:-1\" \/>\n<link rel=\"canonical\" href=\"https:\/\/highlightsofhvar.com\/hr\/dozivljaji\/tecaj-tradicionalne-kuhinje-hvara\/\" \/>\n<meta property=\"og:locale\" content=\"hr_HR\" \/>\n<meta property=\"og:type\" content=\"article\" \/>\n<meta property=\"og:title\" content=\"Te\u010daj kuhanja hvarske ba\u0161tine - Highlights of Hvar\" \/>\n<meta property=\"og:description\" content=\"Privatno kulinarske ba\u0161tine \u2013 Hrvatska Otkrij Hvar kao rijetko tko Zatra\u017eite ovo iskustvo \u2192 Reci nam \u0161to tra\u017ei\u0161 i mi \u0107emo to osmisliti za tebe. Lokacija: Otok Hvar, Hrvatska Trajanje: 2:30 sata Veli\u010dina grupe: 2-12 Tip: Kulturno i gastronomsko prakti\u010dno iskustvo \/ Privatno Idealno za: Ljubitelje hrane i kulture, kao i parove, obitelji i prijatelje. [&hellip;]\" \/>\n<meta property=\"og:url\" content=\"https:\/\/highlightsofhvar.com\/hr\/dozivljaji\/tecaj-tradicionalne-kuhinje-hvara\/\" \/>\n<meta property=\"og:site_name\" content=\"Highlights of Hvar\" \/>\n<meta property=\"article:modified_time\" content=\"2026-04-02T06:44:05+00:00\" \/>\n<meta property=\"og:image\" content=\"https:\/\/highlightsofhvar.com\/wp-content\/uploads\/2026\/02\/cc-Jaksa-i-jedna-gda-kuha-1.jpeg\" \/>\n<meta name=\"twitter:card\" content=\"summary_large_image\" \/>\n<meta name=\"twitter:label1\" content=\"Procijenjeno vrijeme \u010ditanja\" \/>\n\t<meta name=\"twitter:data1\" content=\"3 minute\" \/>\n<script type=\"application\/ld+json\" class=\"yoast-schema-graph\">{\"@context\":\"https:\\\/\\\/schema.org\",\"@graph\":[{\"@type\":\"WebPage\",\"@id\":\"https:\\\/\\\/highlightsofhvar.com\\\/hr\\\/dozivljaji\\\/tecaj-tradicionalne-kuhinje-hvara\\\/\",\"url\":\"https:\\\/\\\/highlightsofhvar.com\\\/hr\\\/dozivljaji\\\/tecaj-tradicionalne-kuhinje-hvara\\\/\",\"name\":\"Te\u010daj kuhanja hvarske ba\u0161tine - Highlights of Hvar\",\"isPartOf\":{\"@id\":\"https:\\\/\\\/highlightsofhvar.com\\\/hr\\\/#website\"},\"primaryImageOfPage\":{\"@id\":\"https:\\\/\\\/highlightsofhvar.com\\\/hr\\\/dozivljaji\\\/tecaj-tradicionalne-kuhinje-hvara\\\/#primaryimage\"},\"image\":{\"@id\":\"https:\\\/\\\/highlightsofhvar.com\\\/hr\\\/dozivljaji\\\/tecaj-tradicionalne-kuhinje-hvara\\\/#primaryimage\"},\"thumbnailUrl\":\"https:\\\/\\\/highlightsofhvar.com\\\/wp-content\\\/uploads\\\/2026\\\/02\\\/cc-Jaksa-i-jedna-gda-kuha-1.jpeg\",\"datePublished\":\"2026-02-12T11:14:20+00:00\",\"dateModified\":\"2026-04-02T06:44:05+00:00\",\"breadcrumb\":{\"@id\":\"https:\\\/\\\/highlightsofhvar.com\\\/hr\\\/dozivljaji\\\/tecaj-tradicionalne-kuhinje-hvara\\\/#breadcrumb\"},\"inLanguage\":\"hr\",\"potentialAction\":[{\"@type\":\"ReadAction\",\"target\":[\"https:\\\/\\\/highlightsofhvar.com\\\/hr\\\/dozivljaji\\\/tecaj-tradicionalne-kuhinje-hvara\\\/\"]}]},{\"@type\":\"ImageObject\",\"inLanguage\":\"hr\",\"@id\":\"https:\\\/\\\/highlightsofhvar.com\\\/hr\\\/dozivljaji\\\/tecaj-tradicionalne-kuhinje-hvara\\\/#primaryimage\",\"url\":\"https:\\\/\\\/highlightsofhvar.com\\\/wp-content\\\/uploads\\\/2026\\\/02\\\/cc-Jaksa-i-jedna-gda-kuha-1.jpeg\",\"contentUrl\":\"https:\\\/\\\/highlightsofhvar.com\\\/wp-content\\\/uploads\\\/2026\\\/02\\\/cc-Jaksa-i-jedna-gda-kuha-1.jpeg\"},{\"@type\":\"BreadcrumbList\",\"@id\":\"https:\\\/\\\/highlightsofhvar.com\\\/hr\\\/dozivljaji\\\/tecaj-tradicionalne-kuhinje-hvara\\\/#breadcrumb\",\"itemListElement\":[{\"@type\":\"ListItem\",\"position\":1,\"name\":\"Home\",\"item\":\"https:\\\/\\\/highlightsofhvar.com\\\/hr\\\/\"},{\"@type\":\"ListItem\",\"position\":2,\"name\":\"Do\u017eivljaji\",\"item\":\"https:\\\/\\\/highlightsofhvar.com\\\/hr\\\/dozivljaji\\\/\"},{\"@type\":\"ListItem\",\"position\":3,\"name\":\"Te\u010daj kuhanja hvarske ba\u0161tine\"}]},{\"@type\":\"WebSite\",\"@id\":\"https:\\\/\\\/highlightsofhvar.com\\\/hr\\\/#website\",\"url\":\"https:\\\/\\\/highlightsofhvar.com\\\/hr\\\/\",\"name\":\"Highlights of Hvar\",\"description\":\"Highlights of Hvar\",\"publisher\":{\"@id\":\"https:\\\/\\\/highlightsofhvar.com\\\/hr\\\/#organization\"},\"potentialAction\":[{\"@type\":\"SearchAction\",\"target\":{\"@type\":\"EntryPoint\",\"urlTemplate\":\"https:\\\/\\\/highlightsofhvar.com\\\/hr\\\/?s={search_term_string}\"},\"query-input\":{\"@type\":\"PropertyValueSpecification\",\"valueRequired\":true,\"valueName\":\"search_term_string\"}}],\"inLanguage\":\"hr\"},{\"@type\":\"Organization\",\"@id\":\"https:\\\/\\\/highlightsofhvar.com\\\/hr\\\/#organization\",\"name\":\"Highlights of Hvar\",\"url\":\"https:\\\/\\\/highlightsofhvar.com\\\/hr\\\/\",\"logo\":{\"@type\":\"ImageObject\",\"inLanguage\":\"hr\",\"@id\":\"https:\\\/\\\/highlightsofhvar.com\\\/hr\\\/#\\\/schema\\\/logo\\\/image\\\/\",\"url\":\"https:\\\/\\\/highlightsofhvar.com\\\/wp-content\\\/uploads\\\/2026\\\/01\\\/cropped-Logo-Hvar-Highlights-Gold.png\",\"contentUrl\":\"https:\\\/\\\/highlightsofhvar.com\\\/wp-content\\\/uploads\\\/2026\\\/01\\\/cropped-Logo-Hvar-Highlights-Gold.png\",\"width\":512,\"height\":512,\"caption\":\"Highlights of Hvar\"},\"image\":{\"@id\":\"https:\\\/\\\/highlightsofhvar.com\\\/hr\\\/#\\\/schema\\\/logo\\\/image\\\/\"}}]}<\/script>\n<!-- \/ Yoast SEO plugin. -->","yoast_head_json":{"title":"Te\u010daj kuhanja hvarske ba\u0161tine - Highlights of Hvar","robots":{"index":"index","follow":"follow","max-snippet":"max-snippet:-1","max-image-preview":"max-image-preview:large","max-video-preview":"max-video-preview:-1"},"canonical":"https:\/\/highlightsofhvar.com\/hr\/dozivljaji\/tecaj-tradicionalne-kuhinje-hvara\/","og_locale":"hr_HR","og_type":"article","og_title":"Te\u010daj kuhanja hvarske ba\u0161tine - Highlights of Hvar","og_description":"Privatno kulinarske ba\u0161tine \u2013 Hrvatska Otkrij Hvar kao rijetko tko Zatra\u017eite ovo iskustvo \u2192 Reci nam \u0161to tra\u017ei\u0161 i mi \u0107emo to osmisliti za tebe. Lokacija: Otok Hvar, Hrvatska Trajanje: 2:30 sata Veli\u010dina grupe: 2-12 Tip: Kulturno i gastronomsko prakti\u010dno iskustvo \/ Privatno Idealno za: Ljubitelje hrane i kulture, kao i parove, obitelji i prijatelje. [&hellip;]","og_url":"https:\/\/highlightsofhvar.com\/hr\/dozivljaji\/tecaj-tradicionalne-kuhinje-hvara\/","og_site_name":"Highlights of Hvar","article_modified_time":"2026-04-02T06:44:05+00:00","og_image":[{"url":"https:\/\/highlightsofhvar.com\/wp-content\/uploads\/2026\/02\/cc-Jaksa-i-jedna-gda-kuha-1.jpeg","type":"","width":"","height":""}],"twitter_card":"summary_large_image","twitter_misc":{"Procijenjeno vrijeme \u010ditanja":"3 minute"},"schema":{"@context":"https:\/\/schema.org","@graph":[{"@type":"WebPage","@id":"https:\/\/highlightsofhvar.com\/hr\/dozivljaji\/tecaj-tradicionalne-kuhinje-hvara\/","url":"https:\/\/highlightsofhvar.com\/hr\/dozivljaji\/tecaj-tradicionalne-kuhinje-hvara\/","name":"Te\u010daj kuhanja hvarske ba\u0161tine - Highlights of Hvar","isPartOf":{"@id":"https:\/\/highlightsofhvar.com\/hr\/#website"},"primaryImageOfPage":{"@id":"https:\/\/highlightsofhvar.com\/hr\/dozivljaji\/tecaj-tradicionalne-kuhinje-hvara\/#primaryimage"},"image":{"@id":"https:\/\/highlightsofhvar.com\/hr\/dozivljaji\/tecaj-tradicionalne-kuhinje-hvara\/#primaryimage"},"thumbnailUrl":"https:\/\/highlightsofhvar.com\/wp-content\/uploads\/2026\/02\/cc-Jaksa-i-jedna-gda-kuha-1.jpeg","datePublished":"2026-02-12T11:14:20+00:00","dateModified":"2026-04-02T06:44:05+00:00","breadcrumb":{"@id":"https:\/\/highlightsofhvar.com\/hr\/dozivljaji\/tecaj-tradicionalne-kuhinje-hvara\/#breadcrumb"},"inLanguage":"hr","potentialAction":[{"@type":"ReadAction","target":["https:\/\/highlightsofhvar.com\/hr\/dozivljaji\/tecaj-tradicionalne-kuhinje-hvara\/"]}]},{"@type":"ImageObject","inLanguage":"hr","@id":"https:\/\/highlightsofhvar.com\/hr\/dozivljaji\/tecaj-tradicionalne-kuhinje-hvara\/#primaryimage","url":"https:\/\/highlightsofhvar.com\/wp-content\/uploads\/2026\/02\/cc-Jaksa-i-jedna-gda-kuha-1.jpeg","contentUrl":"https:\/\/highlightsofhvar.com\/wp-content\/uploads\/2026\/02\/cc-Jaksa-i-jedna-gda-kuha-1.jpeg"},{"@type":"BreadcrumbList","@id":"https:\/\/highlightsofhvar.com\/hr\/dozivljaji\/tecaj-tradicionalne-kuhinje-hvara\/#breadcrumb","itemListElement":[{"@type":"ListItem","position":1,"name":"Home","item":"https:\/\/highlightsofhvar.com\/hr\/"},{"@type":"ListItem","position":2,"name":"Do\u017eivljaji","item":"https:\/\/highlightsofhvar.com\/hr\/dozivljaji\/"},{"@type":"ListItem","position":3,"name":"Te\u010daj kuhanja hvarske ba\u0161tine"}]},{"@type":"WebSite","@id":"https:\/\/highlightsofhvar.com\/hr\/#website","url":"https:\/\/highlightsofhvar.com\/hr\/","name":"Highlights of Hvar","description":"Highlights of Hvar","publisher":{"@id":"https:\/\/highlightsofhvar.com\/hr\/#organization"},"potentialAction":[{"@type":"SearchAction","target":{"@type":"EntryPoint","urlTemplate":"https:\/\/highlightsofhvar.com\/hr\/?s={search_term_string}"},"query-input":{"@type":"PropertyValueSpecification","valueRequired":true,"valueName":"search_term_string"}}],"inLanguage":"hr"},{"@type":"Organization","@id":"https:\/\/highlightsofhvar.com\/hr\/#organization","name":"Highlights of Hvar","url":"https:\/\/highlightsofhvar.com\/hr\/","logo":{"@type":"ImageObject","inLanguage":"hr","@id":"https:\/\/highlightsofhvar.com\/hr\/#\/schema\/logo\/image\/","url":"https:\/\/highlightsofhvar.com\/wp-content\/uploads\/2026\/01\/cropped-Logo-Hvar-Highlights-Gold.png","contentUrl":"https:\/\/highlightsofhvar.com\/wp-content\/uploads\/2026\/01\/cropped-Logo-Hvar-Highlights-Gold.png","width":512,"height":512,"caption":"Highlights of Hvar"},"image":{"@id":"https:\/\/highlightsofhvar.com\/hr\/#\/schema\/logo\/image\/"}}]}},"_links":{"self":[{"href":"https:\/\/highlightsofhvar.com\/hr\/wp-json\/wp\/v2\/pages\/4016","targetHints":{"allow":["GET"]}}],"collection":[{"href":"https:\/\/highlightsofhvar.com\/hr\/wp-json\/wp\/v2\/pages"}],"about":[{"href":"https:\/\/highlightsofhvar.com\/hr\/wp-json\/wp\/v2\/types\/page"}],"author":[{"embeddable":true,"href":"https:\/\/highlightsofhvar.com\/hr\/wp-json\/wp\/v2\/users\/1"}],"replies":[{"embeddable":true,"href":"https:\/\/highlightsofhvar.com\/hr\/wp-json\/wp\/v2\/comments?post=4016"}],"version-history":[{"count":5,"href":"https:\/\/highlightsofhvar.com\/hr\/wp-json\/wp\/v2\/pages\/4016\/revisions"}],"predecessor-version":[{"id":4134,"href":"https:\/\/highlightsofhvar.com\/hr\/wp-json\/wp\/v2\/pages\/4016\/revisions\/4134"}],"up":[{"embeddable":true,"href":"https:\/\/highlightsofhvar.com\/hr\/wp-json\/wp\/v2\/pages\/3977"}],"wp:attachment":[{"href":"https:\/\/highlightsofhvar.com\/hr\/wp-json\/wp\/v2\/media?parent=4016"}],"curies":[{"name":"wp","href":"https:\/\/api.w.org\/{rel}","templated":true}]}}