{"id":3899,"date":"2026-01-26T18:20:19","date_gmt":"2026-01-26T18:20:19","guid":{"rendered":"https:\/\/highlightsofhvar.com\/o-nama\/"},"modified":"2026-03-31T10:11:52","modified_gmt":"2026-03-31T10:11:52","slug":"o-nama","status":"publish","type":"page","link":"https:\/\/highlightsofhvar.com\/hr\/o-nama\/","title":{"rendered":"O nama"},"content":{"rendered":"\t\t<div data-elementor-type=\"wp-page\" data-elementor-id=\"3899\" class=\"elementor elementor-3899 elementor-93\" data-elementor-post-type=\"page\">\n\t\t\t\t<div class=\"elementor-element elementor-element-5d15e406 e-flex e-con-boxed elementor-invisible e-con e-parent\" data-id=\"5d15e406\" data-element_type=\"container\" data-e-type=\"container\" data-settings=\"{&quot;animation&quot;:&quot;fadeIn&quot;,&quot;background_background&quot;:&quot;slideshow&quot;,&quot;background_slideshow_gallery&quot;:[{&quot;id&quot;:3901,&quot;url&quot;:&quot;https:\\\/\\\/highlightsofhvar.com\\\/wp-content\\\/uploads\\\/2026\\\/02\\\/PHOTO-2025-03-20-10-11-58-1.jpg&quot;}],&quot;background_slideshow_loop&quot;:&quot;yes&quot;,&quot;background_slideshow_slide_duration&quot;:5000,&quot;background_slideshow_slide_transition&quot;:&quot;fade&quot;,&quot;background_slideshow_transition_duration&quot;:500}\">\n\t\t\t\t\t<div class=\"e-con-inner\">\n\t\t<div class=\"elementor-element elementor-element-422ef5a2 e-con-full e-flex e-con e-child\" data-id=\"422ef5a2\" data-element_type=\"container\" data-e-type=\"container\">\n\t\t\t\t<div class=\"elementor-element elementor-element-2e93431b elementor-invisible elementor-widget elementor-widget-heading\" data-id=\"2e93431b\" data-element_type=\"widget\" data-e-type=\"widget\" data-settings=\"{&quot;_animation&quot;:&quot;fadeInUp&quot;}\" data-widget_type=\"heading.default\">\n\t\t\t\t\t<h1 class=\"elementor-heading-title elementor-size-default\">O nama<\/h1>\t\t\t\t<\/div>\n\t\t\t\t<div class=\"elementor-element elementor-element-8833671 elementor-invisible elementor-widget elementor-widget-text-editor\" data-id=\"8833671\" data-element_type=\"widget\" data-e-type=\"widget\" data-settings=\"{&quot;_animation&quot;:&quot;fadeInUp&quot;}\" data-widget_type=\"text-editor.default\">\n\t\t\t\t\t\t\t\t\t<p>Ne mo\u017ee\u0161 zaustaviti vrijeme, ali mo\u017ee\u0161 u\u017eivati u trenutku \u2014 a mi ga \u010dinimo nezaboravnim.<\/p>\t\t\t\t\t\t\t\t<\/div>\n\t\t\t\t<\/div>\n\t\t\t\t\t<\/div>\n\t\t\t\t<\/div>\n\t\t<div class=\"elementor-element elementor-element-e2ab20e e-flex e-con-boxed e-con e-parent\" data-id=\"e2ab20e\" data-element_type=\"container\" data-e-type=\"container\">\n\t\t\t\t\t<div class=\"e-con-inner\">\n\t\t\t\t\t<\/div>\n\t\t\t\t<\/div>\n\t\t<div class=\"elementor-element elementor-element-d234b64 e-flex e-con-boxed e-con e-parent\" data-id=\"d234b64\" data-element_type=\"container\" data-e-type=\"container\">\n\t\t\t\t\t<div class=\"e-con-inner\">\n\t\t\t\t<div class=\"elementor-element elementor-element-fdd4eaa elementor-widget elementor-widget-heading\" data-id=\"fdd4eaa\" data-element_type=\"widget\" data-e-type=\"widget\" data-widget_type=\"heading.default\">\n\t\t\t\t\t<h4 class=\"elementor-heading-title elementor-size-default\">Ne mo\u017ee\u0161 zaustaviti vrijeme, ali mo\u017ee\u0161 u\u017eivati u trenutku \u2014 a mi ga \u010dinimo nezaboravnim.<\/h4>\t\t\t\t<\/div>\n\t\t\t\t\t<\/div>\n\t\t\t\t<\/div>\n\t\t<div class=\"elementor-element elementor-element-cc7d361 e-flex e-con-boxed e-con e-parent\" data-id=\"cc7d361\" data-element_type=\"container\" data-e-type=\"container\">\n\t\t\t\t\t<div class=\"e-con-inner\">\n\t\t<div class=\"elementor-element elementor-element-434cbb1 e-con-full e-flex e-con e-child\" data-id=\"434cbb1\" data-element_type=\"container\" data-e-type=\"container\">\n\t\t\t\t<div class=\"elementor-element elementor-element-c2dc4ca elementor-widget elementor-widget-text-editor\" data-id=\"c2dc4ca\" data-element_type=\"widget\" data-e-type=\"widget\" data-widget_type=\"text-editor.default\">\n\t\t\t\t\t\t\t\t\t<h4 data-section-id=\"1a0eptn\" data-start=\"159\" data-end=\"178\"><span role=\"text\">Na\u0161 pristup<\/span><\/h4><p data-start=\"180\" data-end=\"281\">Na\u0161a iskustva nadilaze tradicionalne obilazak\u2014pozivaju goste da zakora\u010de u ritam oto\u010dnog \u017eivota.<\/p><p data-start=\"283\" data-end=\"452\">Prakti\u010dna, osjetilna i oblikovana godi\u0161njim dobom, svaki trenutak je ukorijenjen u stvarnom<\/p>\t\t\t\t\t\t\t\t<\/div>\n\t\t\t\t<\/div>\n\t\t\t\t\t<\/div>\n\t\t\t\t<\/div>\n\t\t<div class=\"elementor-element elementor-element-c3b0685 e-flex e-con-boxed e-con e-parent\" data-id=\"c3b0685\" data-element_type=\"container\" data-e-type=\"container\">\n\t\t\t\t\t<div class=\"e-con-inner\">\n\t\t<div class=\"elementor-element elementor-element-92dabde e-con-full e-flex e-con e-child\" data-id=\"92dabde\" data-element_type=\"container\" data-e-type=\"container\">\n\t\t\t\t<div class=\"elementor-element elementor-element-939fa65 elementor-widget elementor-widget-text-editor\" data-id=\"939fa65\" data-element_type=\"widget\" data-e-type=\"widget\" data-widget_type=\"text-editor.default\">\n\t\t\t\t\t\t\t\t\t<h4 data-section-id=\"ffqopq\" data-start=\"166\" data-end=\"188\"><span role=\"text\">Upoznaj svoje doma\u0107ine<\/span><\/h4><p data-start=\"190\" data-end=\"320\">Mi smo Magda i Jak\u0161a\u2014osniva\u010di <em data-start=\"229\" data-end=\"249\">Highlights of Hvar<\/em> i tvoji doma\u0107ini na otoku <span class=\"hover:entity-accent entity-underline inline cursor-pointer align-baseline\"><span class=\"whitespace-normal\">Hvaru<\/span><\/span>.<\/p><p data-start=\"322\" data-end=\"520\">Ro\u0111eni i odrasli ovdje, na\u0161a povezanost s ovim mjestom je duboko osobna. Iskustva koja dijelimo dio su na\u0161eg svakodnevnog \u017eivota, oblikovana tradicijom, lokalnim znanjem i dubokim po\u0161tovanjem prema zemlji. <\/p><p data-start=\"522\" data-end=\"738\">Magda donosi toplinu i pa\u017enju, stvaraju\u0107i iskustva koja djeluju prirodno i bez napora.<br data-start=\"615\" data-end=\"618\">Jak\u0161a pristupi turizmu s dugoro\u010dnom vizijom\u2014fokusiran na o\u010duvanje ba\u0161tine i za\u0161titu oto\u010dnog na\u010dina \u017eivota.<\/p><p data-start=\"740\" data-end=\"831\">Zajedno smo stvorili <em data-start=\"761\" data-end=\"781\">Highlights of Hvar<\/em> kako bismo ponudili pristup autenti\u010dnijoj strani Hvara.<\/p><p data-start=\"833\" data-end=\"913\"><strong data-start=\"833\" data-end=\"913\">Ne predstavu.<br data-start=\"853\" data-end=\"856\">Ve\u0107 istinsku povezanost\u2014s ljudima, kulturom i mjestom.<\/strong><\/p><p data-start=\"915\" data-end=\"1047\">Kao kreatori <em data-start=\"934\" data-end=\"961\">Terra Arhaica Experiences<\/em>, na\u0161 rad je ukorijenjen u o\u010duvanju i dijeljenju tradicija koje definiraju oto\u010dni \u017eivot.<\/p><p data-start=\"1049\" data-end=\"1111\">Za na\u0161e partnere, djelujemo kao pouzdana prisutnost na terenu.<\/p><h4 data-start=\"1281\" data-end=\"1411\"> <\/h4>\t\t\t\t\t\t\t\t<\/div>\n\t\t\t\t<\/div>\n\t\t<div class=\"elementor-element elementor-element-c21902e e-con-full e-flex e-con e-child\" data-id=\"c21902e\" data-element_type=\"container\" data-e-type=\"container\">\n\t\t\t\t<div class=\"elementor-element elementor-element-9be355b elementor-widget elementor-widget-image\" data-id=\"9be355b\" data-element_type=\"widget\" data-e-type=\"widget\" data-widget_type=\"image.default\">\n\t\t\t\t\t\t\t\t\t\t\t\t\t\t\t<img fetchpriority=\"high\" decoding=\"async\" width=\"669\" height=\"1024\" src=\"https:\/\/highlightsofhvar.com\/wp-content\/uploads\/2026\/02\/MG_2553-669x1024.jpg\" class=\"attachment-large size-large wp-image-3902\" alt=\"\" srcset=\"https:\/\/highlightsofhvar.com\/wp-content\/uploads\/2026\/02\/MG_2553-669x1024.jpg 669w, https:\/\/highlightsofhvar.com\/wp-content\/uploads\/2026\/02\/MG_2553-196x300.jpg 196w, https:\/\/highlightsofhvar.com\/wp-content\/uploads\/2026\/02\/MG_2553-768x1175.jpg 768w, https:\/\/highlightsofhvar.com\/wp-content\/uploads\/2026\/02\/MG_2553-1004x1536.jpg 1004w, https:\/\/highlightsofhvar.com\/wp-content\/uploads\/2026\/02\/MG_2553.jpg 1098w\" sizes=\"(max-width: 669px) 100vw, 669px\" \/>\t\t\t\t\t\t\t\t\t\t\t\t\t\t\t<\/div>\n\t\t\t\t<div class=\"elementor-element elementor-element-389d2c4 elementor-widget elementor-widget-image\" data-id=\"389d2c4\" data-element_type=\"widget\" data-e-type=\"widget\" data-widget_type=\"image.default\">\n\t\t\t\t\t\t\t\t\t\t\t\t\t\t\t<img decoding=\"async\" width=\"800\" height=\"432\" src=\"https:\/\/highlightsofhvar.com\/wp-content\/uploads\/2026\/03\/DSC04751-1-1024x553.jpg\" class=\"attachment-large size-large wp-image-4109\" alt=\"\" srcset=\"https:\/\/highlightsofhvar.com\/wp-content\/uploads\/2026\/03\/DSC04751-1-1024x553.jpg 1024w, https:\/\/highlightsofhvar.com\/wp-content\/uploads\/2026\/03\/DSC04751-1-300x162.jpg 300w, https:\/\/highlightsofhvar.com\/wp-content\/uploads\/2026\/03\/DSC04751-1-768x415.jpg 768w, https:\/\/highlightsofhvar.com\/wp-content\/uploads\/2026\/03\/DSC04751-1-1536x830.jpg 1536w, https:\/\/highlightsofhvar.com\/wp-content\/uploads\/2026\/03\/DSC04751-1.jpg 1680w\" sizes=\"(max-width: 800px) 100vw, 800px\" \/>\t\t\t\t\t\t\t\t\t\t\t\t\t\t\t<\/div>\n\t\t\t\t<\/div>\n\t\t\t\t\t<\/div>\n\t\t\t\t<\/div>\n\t\t<div class=\"elementor-element elementor-element-10da3e2 e-flex e-con-boxed e-con e-parent\" data-id=\"10da3e2\" data-element_type=\"container\" data-e-type=\"container\">\n\t\t\t\t\t<div class=\"e-con-inner\">\n\t\t\t\t<div class=\"elementor-element elementor-element-e602f99 elementor-widget elementor-widget-text-editor\" data-id=\"e602f99\" data-element_type=\"widget\" data-e-type=\"widget\" data-widget_type=\"text-editor.default\">\n\t\t\t\t\t\t\t\t\t<h4 data-section-id=\"1xzpxgi\" data-start=\"635\" data-end=\"656\"><span role=\"text\">Na\u0161a filozofija<\/span><\/h4><p data-start=\"658\" data-end=\"696\">Putovanje, duboko osje\u0107eno \u2014 ne samo vi\u0111eno.<\/p><p data-start=\"698\" data-end=\"850\">Vjerujemo da su najzna\u010dajnija putovanja ona koja povezuju ljude s mjestom, kulturom i tradicijom\u2014ostavljaju\u0107i trajan dojam izvan trenutka.<\/p>\t\t\t\t\t\t\t\t<\/div>\n\t\t\t\t\t<\/div>\n\t\t\t\t<\/div>\n\t\t<div class=\"elementor-element elementor-element-1662775 e-flex e-con-boxed e-con e-child\" data-id=\"1662775\" data-element_type=\"container\" data-e-type=\"container\" data-settings=\"{&quot;background_background&quot;:&quot;classic&quot;}\">\n\t\t\t\t\t<div class=\"e-con-inner\">\n\t\t\t\t<div class=\"elementor-element elementor-element-518c093 elementor-widget elementor-widget-text-editor\" data-id=\"518c093\" data-element_type=\"widget\" data-e-type=\"widget\" data-widget_type=\"text-editor.default\">\n\t\t\t\t\t\t\t\t\t<h5 style=\"text-align: center;\">Spreman si do\u017eivjeti Hvar druga\u010dije?<\/h5>\t\t\t\t\t\t\t\t<\/div>\n\t\t\t\t<div class=\"elementor-element elementor-element-f709d5f elementor-widget__width-initial elementor-widget elementor-widget-button\" data-id=\"f709d5f\" data-element_type=\"widget\" data-e-type=\"widget\" data-widget_type=\"button.default\">\n\t\t\t\t\t\t\t\t\t\t<a class=\"elementor-button elementor-button-link elementor-size-sm\" href=\"https:\/\/highlightsofhvar.com\/hr\/kontakt\/\">\n\t\t\t\t\t\t<span class=\"elementor-button-content-wrapper\">\n\t\t\t\t\t\t\t\t\t<span class=\"elementor-button-text\">Planiraj svoje iskustvo \u2192<\/span>\n\t\t\t\t\t<\/span>\n\t\t\t\t\t<\/a>\n\t\t\t\t\t\t\t\t<\/div>\n\t\t\t\t<div class=\"elementor-element elementor-element-fca0f3a elementor-widget elementor-widget-text-editor\" data-id=\"fca0f3a\" data-element_type=\"widget\" data-e-type=\"widget\" data-widget_type=\"text-editor.default\">\n\t\t\t\t\t\t\t\t\t<p style=\"text-align: left;\">Autenti\u010dnija strana Hvara te \u010deka.<\/p>\t\t\t\t\t\t\t\t<\/div>\n\t\t\t\t\t<\/div>\n\t\t\t\t<\/div>\n\t\t\t\t<\/div>\n\t\t","protected":false},"excerpt":{"rendered":"<p>O nama Ne mo\u017ee\u0161 zaustaviti vrijeme, ali mo\u017ee\u0161 u\u017eivati u trenutku \u2014 a mi ga \u010dinimo nezaboravnim. Ne mo\u017ee\u0161 zaustaviti vrijeme, ali mo\u017ee\u0161 u\u017eivati u trenutku \u2014 a mi ga \u010dinimo nezaboravnim. Na\u0161 pristup Na\u0161a iskustva nadilaze tradicionalne obilazak\u2014pozivaju goste da zakora\u010de u ritam oto\u010dnog \u017eivota. Prakti\u010dna, osjetilna i oblikovana godi\u0161njim dobom, svaki trenutak je [&hellip;]<\/p>\n","protected":false},"author":1,"featured_media":0,"parent":0,"menu_order":0,"comment_status":"closed","ping_status":"closed","template":"elementor_header_footer","meta":{"_joinchat":[],"footnotes":""},"class_list":["post-3899","page","type-page","status-publish","hentry"],"yoast_head":"<!-- This site is optimized with the Yoast SEO plugin v27.3 - https:\/\/yoast.com\/product\/yoast-seo-wordpress\/ -->\n<title>O nama - Highlights of Hvar<\/title>\n<meta name=\"robots\" content=\"index, follow, max-snippet:-1, max-image-preview:large, max-video-preview:-1\" \/>\n<link rel=\"canonical\" href=\"https:\/\/highlightsofhvar.com\/hr\/o-nama\/\" \/>\n<meta property=\"og:locale\" content=\"hr_HR\" \/>\n<meta property=\"og:type\" content=\"article\" \/>\n<meta property=\"og:title\" content=\"O nama - Highlights of Hvar\" \/>\n<meta property=\"og:description\" content=\"O nama Ne mo\u017ee\u0161 zaustaviti vrijeme, ali mo\u017ee\u0161 u\u017eivati u trenutku \u2014 a mi ga \u010dinimo nezaboravnim. Ne mo\u017ee\u0161 zaustaviti vrijeme, ali mo\u017ee\u0161 u\u017eivati u trenutku \u2014 a mi ga \u010dinimo nezaboravnim. Na\u0161 pristup Na\u0161a iskustva nadilaze tradicionalne obilazak\u2014pozivaju goste da zakora\u010de u ritam oto\u010dnog \u017eivota. Prakti\u010dna, osjetilna i oblikovana godi\u0161njim dobom, svaki trenutak je [&hellip;]\" \/>\n<meta property=\"og:url\" content=\"https:\/\/highlightsofhvar.com\/hr\/o-nama\/\" \/>\n<meta property=\"og:site_name\" content=\"Highlights of Hvar\" \/>\n<meta property=\"article:modified_time\" content=\"2026-03-31T10:11:52+00:00\" \/>\n<meta property=\"og:image\" content=\"https:\/\/highlightsofhvar.com\/wp-content\/uploads\/2026\/02\/MG_2553.jpg\" \/>\n\t<meta property=\"og:image:width\" content=\"1098\" \/>\n\t<meta property=\"og:image:height\" content=\"1680\" \/>\n\t<meta property=\"og:image:type\" content=\"image\/jpeg\" \/>\n<meta name=\"twitter:card\" content=\"summary_large_image\" \/>\n<meta name=\"twitter:label1\" content=\"Procijenjeno vrijeme \u010ditanja\" \/>\n\t<meta name=\"twitter:data1\" content=\"1 minuta\" \/>\n<script type=\"application\/ld+json\" class=\"yoast-schema-graph\">{\"@context\":\"https:\\\/\\\/schema.org\",\"@graph\":[{\"@type\":\"WebPage\",\"@id\":\"https:\\\/\\\/highlightsofhvar.com\\\/hr\\\/o-nama\\\/\",\"url\":\"https:\\\/\\\/highlightsofhvar.com\\\/hr\\\/o-nama\\\/\",\"name\":\"O nama - Highlights of Hvar\",\"isPartOf\":{\"@id\":\"https:\\\/\\\/highlightsofhvar.com\\\/hr\\\/#website\"},\"primaryImageOfPage\":{\"@id\":\"https:\\\/\\\/highlightsofhvar.com\\\/hr\\\/o-nama\\\/#primaryimage\"},\"image\":{\"@id\":\"https:\\\/\\\/highlightsofhvar.com\\\/hr\\\/o-nama\\\/#primaryimage\"},\"thumbnailUrl\":\"https:\\\/\\\/highlightsofhvar.com\\\/wp-content\\\/uploads\\\/2026\\\/02\\\/MG_2553-669x1024.jpg\",\"datePublished\":\"2026-01-26T18:20:19+00:00\",\"dateModified\":\"2026-03-31T10:11:52+00:00\",\"breadcrumb\":{\"@id\":\"https:\\\/\\\/highlightsofhvar.com\\\/hr\\\/o-nama\\\/#breadcrumb\"},\"inLanguage\":\"hr\",\"potentialAction\":[{\"@type\":\"ReadAction\",\"target\":[\"https:\\\/\\\/highlightsofhvar.com\\\/hr\\\/o-nama\\\/\"]}]},{\"@type\":\"ImageObject\",\"inLanguage\":\"hr\",\"@id\":\"https:\\\/\\\/highlightsofhvar.com\\\/hr\\\/o-nama\\\/#primaryimage\",\"url\":\"https:\\\/\\\/highlightsofhvar.com\\\/wp-content\\\/uploads\\\/2026\\\/02\\\/MG_2553-669x1024.jpg\",\"contentUrl\":\"https:\\\/\\\/highlightsofhvar.com\\\/wp-content\\\/uploads\\\/2026\\\/02\\\/MG_2553-669x1024.jpg\"},{\"@type\":\"BreadcrumbList\",\"@id\":\"https:\\\/\\\/highlightsofhvar.com\\\/hr\\\/o-nama\\\/#breadcrumb\",\"itemListElement\":[{\"@type\":\"ListItem\",\"position\":1,\"name\":\"Home\",\"item\":\"https:\\\/\\\/highlightsofhvar.com\\\/hr\\\/\"},{\"@type\":\"ListItem\",\"position\":2,\"name\":\"O nama\"}]},{\"@type\":\"WebSite\",\"@id\":\"https:\\\/\\\/highlightsofhvar.com\\\/hr\\\/#website\",\"url\":\"https:\\\/\\\/highlightsofhvar.com\\\/hr\\\/\",\"name\":\"Highlights of Hvar\",\"description\":\"Highlights of Hvar\",\"publisher\":{\"@id\":\"https:\\\/\\\/highlightsofhvar.com\\\/hr\\\/#organization\"},\"potentialAction\":[{\"@type\":\"SearchAction\",\"target\":{\"@type\":\"EntryPoint\",\"urlTemplate\":\"https:\\\/\\\/highlightsofhvar.com\\\/hr\\\/?s={search_term_string}\"},\"query-input\":{\"@type\":\"PropertyValueSpecification\",\"valueRequired\":true,\"valueName\":\"search_term_string\"}}],\"inLanguage\":\"hr\"},{\"@type\":\"Organization\",\"@id\":\"https:\\\/\\\/highlightsofhvar.com\\\/hr\\\/#organization\",\"name\":\"Highlights of Hvar\",\"url\":\"https:\\\/\\\/highlightsofhvar.com\\\/hr\\\/\",\"logo\":{\"@type\":\"ImageObject\",\"inLanguage\":\"hr\",\"@id\":\"https:\\\/\\\/highlightsofhvar.com\\\/hr\\\/#\\\/schema\\\/logo\\\/image\\\/\",\"url\":\"https:\\\/\\\/highlightsofhvar.com\\\/wp-content\\\/uploads\\\/2026\\\/01\\\/cropped-Logo-Hvar-Highlights-Gold.png\",\"contentUrl\":\"https:\\\/\\\/highlightsofhvar.com\\\/wp-content\\\/uploads\\\/2026\\\/01\\\/cropped-Logo-Hvar-Highlights-Gold.png\",\"width\":512,\"height\":512,\"caption\":\"Highlights of Hvar\"},\"image\":{\"@id\":\"https:\\\/\\\/highlightsofhvar.com\\\/hr\\\/#\\\/schema\\\/logo\\\/image\\\/\"}}]}<\/script>\n<!-- \/ Yoast SEO plugin. -->","yoast_head_json":{"title":"O nama - Highlights of Hvar","robots":{"index":"index","follow":"follow","max-snippet":"max-snippet:-1","max-image-preview":"max-image-preview:large","max-video-preview":"max-video-preview:-1"},"canonical":"https:\/\/highlightsofhvar.com\/hr\/o-nama\/","og_locale":"hr_HR","og_type":"article","og_title":"O nama - Highlights of Hvar","og_description":"O nama Ne mo\u017ee\u0161 zaustaviti vrijeme, ali mo\u017ee\u0161 u\u017eivati u trenutku \u2014 a mi ga \u010dinimo nezaboravnim. Ne mo\u017ee\u0161 zaustaviti vrijeme, ali mo\u017ee\u0161 u\u017eivati u trenutku \u2014 a mi ga \u010dinimo nezaboravnim. Na\u0161 pristup Na\u0161a iskustva nadilaze tradicionalne obilazak\u2014pozivaju goste da zakora\u010de u ritam oto\u010dnog \u017eivota. Prakti\u010dna, osjetilna i oblikovana godi\u0161njim dobom, svaki trenutak je [&hellip;]","og_url":"https:\/\/highlightsofhvar.com\/hr\/o-nama\/","og_site_name":"Highlights of Hvar","article_modified_time":"2026-03-31T10:11:52+00:00","og_image":[{"width":1098,"height":1680,"url":"https:\/\/highlightsofhvar.com\/wp-content\/uploads\/2026\/02\/MG_2553.jpg","type":"image\/jpeg"}],"twitter_card":"summary_large_image","twitter_misc":{"Procijenjeno vrijeme \u010ditanja":"1 minuta"},"schema":{"@context":"https:\/\/schema.org","@graph":[{"@type":"WebPage","@id":"https:\/\/highlightsofhvar.com\/hr\/o-nama\/","url":"https:\/\/highlightsofhvar.com\/hr\/o-nama\/","name":"O nama - Highlights of Hvar","isPartOf":{"@id":"https:\/\/highlightsofhvar.com\/hr\/#website"},"primaryImageOfPage":{"@id":"https:\/\/highlightsofhvar.com\/hr\/o-nama\/#primaryimage"},"image":{"@id":"https:\/\/highlightsofhvar.com\/hr\/o-nama\/#primaryimage"},"thumbnailUrl":"https:\/\/highlightsofhvar.com\/wp-content\/uploads\/2026\/02\/MG_2553-669x1024.jpg","datePublished":"2026-01-26T18:20:19+00:00","dateModified":"2026-03-31T10:11:52+00:00","breadcrumb":{"@id":"https:\/\/highlightsofhvar.com\/hr\/o-nama\/#breadcrumb"},"inLanguage":"hr","potentialAction":[{"@type":"ReadAction","target":["https:\/\/highlightsofhvar.com\/hr\/o-nama\/"]}]},{"@type":"ImageObject","inLanguage":"hr","@id":"https:\/\/highlightsofhvar.com\/hr\/o-nama\/#primaryimage","url":"https:\/\/highlightsofhvar.com\/wp-content\/uploads\/2026\/02\/MG_2553-669x1024.jpg","contentUrl":"https:\/\/highlightsofhvar.com\/wp-content\/uploads\/2026\/02\/MG_2553-669x1024.jpg"},{"@type":"BreadcrumbList","@id":"https:\/\/highlightsofhvar.com\/hr\/o-nama\/#breadcrumb","itemListElement":[{"@type":"ListItem","position":1,"name":"Home","item":"https:\/\/highlightsofhvar.com\/hr\/"},{"@type":"ListItem","position":2,"name":"O nama"}]},{"@type":"WebSite","@id":"https:\/\/highlightsofhvar.com\/hr\/#website","url":"https:\/\/highlightsofhvar.com\/hr\/","name":"Highlights of Hvar","description":"Highlights of Hvar","publisher":{"@id":"https:\/\/highlightsofhvar.com\/hr\/#organization"},"potentialAction":[{"@type":"SearchAction","target":{"@type":"EntryPoint","urlTemplate":"https:\/\/highlightsofhvar.com\/hr\/?s={search_term_string}"},"query-input":{"@type":"PropertyValueSpecification","valueRequired":true,"valueName":"search_term_string"}}],"inLanguage":"hr"},{"@type":"Organization","@id":"https:\/\/highlightsofhvar.com\/hr\/#organization","name":"Highlights of Hvar","url":"https:\/\/highlightsofhvar.com\/hr\/","logo":{"@type":"ImageObject","inLanguage":"hr","@id":"https:\/\/highlightsofhvar.com\/hr\/#\/schema\/logo\/image\/","url":"https:\/\/highlightsofhvar.com\/wp-content\/uploads\/2026\/01\/cropped-Logo-Hvar-Highlights-Gold.png","contentUrl":"https:\/\/highlightsofhvar.com\/wp-content\/uploads\/2026\/01\/cropped-Logo-Hvar-Highlights-Gold.png","width":512,"height":512,"caption":"Highlights of Hvar"},"image":{"@id":"https:\/\/highlightsofhvar.com\/hr\/#\/schema\/logo\/image\/"}}]}},"_links":{"self":[{"href":"https:\/\/highlightsofhvar.com\/hr\/wp-json\/wp\/v2\/pages\/3899","targetHints":{"allow":["GET"]}}],"collection":[{"href":"https:\/\/highlightsofhvar.com\/hr\/wp-json\/wp\/v2\/pages"}],"about":[{"href":"https:\/\/highlightsofhvar.com\/hr\/wp-json\/wp\/v2\/types\/page"}],"author":[{"embeddable":true,"href":"https:\/\/highlightsofhvar.com\/hr\/wp-json\/wp\/v2\/users\/1"}],"replies":[{"embeddable":true,"href":"https:\/\/highlightsofhvar.com\/hr\/wp-json\/wp\/v2\/comments?post=3899"}],"version-history":[{"count":4,"href":"https:\/\/highlightsofhvar.com\/hr\/wp-json\/wp\/v2\/pages\/3899\/revisions"}],"predecessor-version":[{"id":4110,"href":"https:\/\/highlightsofhvar.com\/hr\/wp-json\/wp\/v2\/pages\/3899\/revisions\/4110"}],"wp:attachment":[{"href":"https:\/\/highlightsofhvar.com\/hr\/wp-json\/wp\/v2\/media?parent=3899"}],"curies":[{"name":"wp","href":"https:\/\/api.w.org\/{rel}","templated":true}]}}