{"id":3844,"date":"2026-01-26T18:19:06","date_gmt":"2026-01-26T18:19:06","guid":{"rendered":"https:\/\/highlightsofhvar.com\/kontakt\/"},"modified":"2026-03-31T09:51:16","modified_gmt":"2026-03-31T09:51:16","slug":"kontakt","status":"publish","type":"page","link":"https:\/\/highlightsofhvar.com\/hr\/kontakt\/","title":{"rendered":"Kontakt"},"content":{"rendered":"\t\t<div data-elementor-type=\"wp-page\" data-elementor-id=\"3844\" class=\"elementor elementor-3844 elementor-84\" data-elementor-post-type=\"page\">\n\t\t\t\t<div class=\"elementor-element elementor-element-344ed4a5 e-flex e-con-boxed elementor-invisible e-con e-parent\" data-id=\"344ed4a5\" data-element_type=\"container\" data-e-type=\"container\" data-settings=\"{&quot;background_background&quot;:&quot;classic&quot;,&quot;animation&quot;:&quot;fadeIn&quot;}\">\n\t\t\t\t\t<div class=\"e-con-inner\">\n\t\t<div class=\"elementor-element elementor-element-3087b5f9 e-con-full e-flex e-con e-child\" data-id=\"3087b5f9\" data-element_type=\"container\" data-e-type=\"container\">\n\t\t\t\t<div class=\"elementor-element elementor-element-4a7f53d7 elementor-invisible elementor-widget elementor-widget-heading\" data-id=\"4a7f53d7\" data-element_type=\"widget\" data-e-type=\"widget\" data-settings=\"{&quot;_animation&quot;:&quot;fadeInUp&quot;}\" data-widget_type=\"heading.default\">\n\t\t\t\t\t<h1 class=\"elementor-heading-title elementor-size-default\">Kontaktirajte nas<\/h1>\t\t\t\t<\/div>\n\t\t\t\t<\/div>\n\t\t\t\t\t<\/div>\n\t\t\t\t<\/div>\n\t\t<div class=\"elementor-element elementor-element-59cc5f0b e-flex e-con-boxed e-con e-parent\" data-id=\"59cc5f0b\" data-element_type=\"container\" data-e-type=\"container\">\n\t\t\t\t\t<div class=\"e-con-inner\">\n\t\t\t\t<div class=\"elementor-element elementor-element-054213e elementor-widget__width-initial elementor-widget elementor-widget-text-editor\" data-id=\"054213e\" data-element_type=\"widget\" data-e-type=\"widget\" data-widget_type=\"text-editor.default\">\n\t\t\t\t\t\t\t\t\t<p>  <img decoding=\"async\" class=\"alignnone wp-image-108\" src=\"https:\/\/highlightsofhvar.com\/wp-content\/uploads\/2026\/01\/Logo-Hvar-Highlights-Gold-300x300.png\" alt=\"\" width=\"67\" height=\"67\" srcset=\"https:\/\/highlightsofhvar.com\/wp-content\/uploads\/2026\/01\/Logo-Hvar-Highlights-Gold-300x300.png 300w, https:\/\/highlightsofhvar.com\/wp-content\/uploads\/2026\/01\/Logo-Hvar-Highlights-Gold-1024x1024.png 1024w, https:\/\/highlightsofhvar.com\/wp-content\/uploads\/2026\/01\/Logo-Hvar-Highlights-Gold-150x150.png 150w, https:\/\/highlightsofhvar.com\/wp-content\/uploads\/2026\/01\/Logo-Hvar-Highlights-Gold-768x768.png 768w, https:\/\/highlightsofhvar.com\/wp-content\/uploads\/2026\/01\/Logo-Hvar-Highlights-Gold.png 1080w\" sizes=\"(max-width: 67px) 100vw, 67px\" \/><\/p><p> <strong>Highlights of Hvar<\/strong><\/p><p>\ud83d\udccd Vukovarska cesta 6<\/p><p>  21465 Stari Grad, Hrvatska<\/p><p>\ud83d\udcde\ud83d\udcac+385 99 493 6141<\/p><p>\u2709\ufe0f info@higlightsofhvar.com<\/p>\t\t\t\t\t\t\t\t<\/div>\n\t\t<div class=\"elementor-element elementor-element-589c8a5e e-con-full e-flex e-con e-child\" data-id=\"589c8a5e\" data-element_type=\"container\" data-e-type=\"container\">\n\t\t\t\t<div class=\"elementor-element elementor-element-eb6f0ff elementor-widget__width-auto elementor-invisible elementor-widget elementor-widget-heading\" data-id=\"eb6f0ff\" data-element_type=\"widget\" data-e-type=\"widget\" data-settings=\"{&quot;_animation&quot;:&quot;fadeInLeft&quot;}\" data-widget_type=\"heading.default\">\n\t\t\t\t\t<h6 class=\"elementor-heading-title elementor-size-default\">Javi nam se<\/h6>\t\t\t\t<\/div>\n\t\t\t\t<div class=\"elementor-element elementor-element-67f35f64 elementor-invisible elementor-widget elementor-widget-heading\" data-id=\"67f35f64\" data-element_type=\"widget\" data-e-type=\"widget\" data-settings=\"{&quot;_animation&quot;:&quot;fadeInLeft&quot;}\" data-widget_type=\"heading.default\">\n\t\t\t\t\t<h4 class=\"elementor-heading-title elementor-size-default\">Oblikuj svoje iskustvo<\/h4>\t\t\t\t<\/div>\n\t\t\t\t<div class=\"elementor-element elementor-element-8c8bfb8 elementor-invisible elementor-widget elementor-widget-heading\" data-id=\"8c8bfb8\" data-element_type=\"widget\" data-e-type=\"widget\" data-settings=\"{&quot;_animation&quot;:&quot;fadeInLeft&quot;}\" data-widget_type=\"heading.default\">\n\t\t\t\t\t<h5 class=\"elementor-heading-title elementor-size-default\">Svako iskustvo stvaramo od nule \u2014 bez predlo\u017eaka, bez fiksnih programa.<\/h5>\t\t\t\t<\/div>\n\t\t\t\t<div class=\"elementor-element elementor-element-6914f71 elementor-button-align-stretch elementor-widget elementor-widget-form\" data-id=\"6914f71\" data-element_type=\"widget\" data-e-type=\"widget\" data-settings=\"{&quot;step_next_label&quot;:&quot;Sljede\\u0107e&quot;,&quot;step_previous_label&quot;:&quot;Prethodno&quot;,&quot;button_width&quot;:&quot;100&quot;,&quot;step_type&quot;:&quot;number_text&quot;,&quot;step_icon_shape&quot;:&quot;circle&quot;}\" data-widget_type=\"form.default\">\n\t\t\t\t\t\t\t<form class=\"elementor-form\" method=\"post\" name=\"Novi obrazac\" aria-label=\"Novi obrazac\">\n\t\t\t<input type=\"hidden\" name=\"post_id\" value=\"3844\"\/>\n\t\t\t<input type=\"hidden\" name=\"form_id\" value=\"6914f71\"\/>\n\t\t\t<input type=\"hidden\" name=\"referer_title\" value=\"Kontakt - Highlights of Hvar\" \/>\n\n\t\t\t\t\t\t\t<input type=\"hidden\" name=\"queried_id\" value=\"3844\"\/>\n\t\t\t\n\t\t\t<div class=\"elementor-form-fields-wrapper elementor-labels-above\">\n\t\t\t\t\t\t\t\t<div class=\"elementor-field-type-text elementor-field-group elementor-column elementor-field-group-name elementor-col-100 elementor-field-required\">\n\t\t\t\t\t\t\t\t\t\t\t\t<label for=\"form-field-name\" class=\"elementor-field-label\">\n\t\t\t\t\t\t\t\tIme\t\t\t\t\t\t\t<\/label>\n\t\t\t\t\t\t\t\t\t\t\t\t\t\t<input size=\"1\" type=\"text\" name=\"form_fields[name]\" id=\"form-field-name\" class=\"elementor-field elementor-size-sm  elementor-field-textual\" placeholder=\"Ime\" required=\"required\">\n\t\t\t\t\t\t\t\t\t\t\t<\/div>\n\t\t\t\t\t\t\t\t<div class=\"elementor-field-type-text elementor-field-group elementor-column elementor-field-group-field_becc685 elementor-col-100 elementor-field-required\">\n\t\t\t\t\t\t\t\t\t\t\t\t<label for=\"form-field-field_becc685\" class=\"elementor-field-label\">\n\t\t\t\t\t\t\t\tPrezime\t\t\t\t\t\t\t<\/label>\n\t\t\t\t\t\t\t\t\t\t\t\t\t\t<input size=\"1\" type=\"text\" name=\"form_fields[field_becc685]\" id=\"form-field-field_becc685\" class=\"elementor-field elementor-size-sm  elementor-field-textual\" placeholder=\"Prezime\" required=\"required\">\n\t\t\t\t\t\t\t\t\t\t\t<\/div>\n\t\t\t\t\t\t\t\t<div class=\"elementor-field-type-email elementor-field-group elementor-column elementor-field-group-email elementor-col-100 elementor-field-required\">\n\t\t\t\t\t\t\t\t\t\t\t\t<label for=\"form-field-email\" class=\"elementor-field-label\">\n\t\t\t\t\t\t\t\tEmail\t\t\t\t\t\t\t<\/label>\n\t\t\t\t\t\t\t\t\t\t\t\t\t\t<input size=\"1\" type=\"email\" name=\"form_fields[email]\" id=\"form-field-email\" class=\"elementor-field elementor-size-sm  elementor-field-textual\" placeholder=\"Email\" required=\"required\">\n\t\t\t\t\t\t\t\t\t\t\t<\/div>\n\t\t\t\t\t\t\t\t<div class=\"elementor-field-type-checkbox elementor-field-group elementor-column elementor-field-group-field_3f751c7 elementor-col-100\">\n\t\t\t\t\t\t\t\t\t\t\t\t<label for=\"form-field-field_3f751c7\" class=\"elementor-field-label\">\n\t\t\t\t\t\t\t\tKakvo te iskustvo inspirira?\t\t\t\t\t\t\t<\/label>\n\t\t\t\t\t\t<div class=\"elementor-field-subgroup  elementor-subgroup-inline\"><span class=\"elementor-field-option\"><input type=\"checkbox\" value=\"Povratak korijenima\" id=\"form-field-field_3f751c7-0\" name=\"form_fields[field_3f751c7][]\"> <label for=\"form-field-field_3f751c7-0\">Povratak korijenima<\/label><\/span><span class=\"elementor-field-option\"><input type=\"checkbox\" value=\"Slatki Hvar\" id=\"form-field-field_3f751c7-1\" name=\"form_fields[field_3f751c7][]\"> <label for=\"form-field-field_3f751c7-1\">Slatki Hvar<\/label><\/span><span class=\"elementor-field-option\"><input type=\"checkbox\" value=\"Te\u010daj kuhanja hvarskog naslije\u0111a\" id=\"form-field-field_3f751c7-2\" name=\"form_fields[field_3f751c7][]\"> <label for=\"form-field-field_3f751c7-2\">Te\u010daj kuhanja hvarskog naslije\u0111a<\/label><\/span><span class=\"elementor-field-option\"><input type=\"checkbox\" value=\"Obiteljski dan na Hvaru\" id=\"form-field-field_3f751c7-3\" name=\"form_fields[field_3f751c7][]\"> <label for=\"form-field-field_3f751c7-3\">Obiteljski dan na Hvaru<\/label><\/span><span class=\"elementor-field-option\"><input type=\"checkbox\" value=\"Kad Hvar utihne\" id=\"form-field-field_3f751c7-4\" name=\"form_fields[field_3f751c7][]\"> <label for=\"form-field-field_3f751c7-4\">Kad Hvar utihne<\/label><\/span><span class=\"elementor-field-option\"><input type=\"checkbox\" value=\"Mediteranska prehrana\" id=\"form-field-field_3f751c7-5\" name=\"form_fields[field_3f751c7][]\"> <label for=\"form-field-field_3f751c7-5\">Mediteranska prehrana<\/label><\/span><span class=\"elementor-field-option\"><input type=\"checkbox\" value=\"\u0160apat kamena\" id=\"form-field-field_3f751c7-6\" name=\"form_fields[field_3f751c7][]\"> <label for=\"form-field-field_3f751c7-6\">\u0160apat kamena<\/label><\/span><span class=\"elementor-field-option\"><input type=\"checkbox\" value=\"Ve\u010dera u dalmatinskom domu\" id=\"form-field-field_3f751c7-7\" name=\"form_fields[field_3f751c7][]\"> <label for=\"form-field-field_3f751c7-7\">Ve\u010dera u dalmatinskom domu<\/label><\/span><span class=\"elementor-field-option\"><input type=\"checkbox\" value=\"Kolijevka ljubavi\" id=\"form-field-field_3f751c7-8\" name=\"form_fields[field_3f751c7][]\"> <label for=\"form-field-field_3f751c7-8\">Kolijevka ljubavi<\/label><\/span><span class=\"elementor-field-option\"><input type=\"checkbox\" value=\"Vjen\u010danja\" id=\"form-field-field_3f751c7-9\" name=\"form_fields[field_3f751c7][]\"> <label for=\"form-field-field_3f751c7-9\">Vjen\u010danja<\/label><\/span><\/div>\t\t\t\t<\/div>\n\t\t\t\t\t\t\t\t<div class=\"elementor-field-type-textarea elementor-field-group elementor-column elementor-field-group-message elementor-col-100\">\n\t\t\t\t\t\t\t\t\t\t\t\t<label for=\"form-field-message\" class=\"elementor-field-label\">\n\t\t\t\t\t\t\t\tPoruka\t\t\t\t\t\t\t<\/label>\n\t\t\t\t\t\t<textarea class=\"elementor-field-textual elementor-field  elementor-size-sm\" name=\"form_fields[message]\" id=\"form-field-message\" rows=\"4\" placeholder=\"Poruka\"><\/textarea>\t\t\t\t<\/div>\n\t\t\t\t\t\t\t\t<div class=\"elementor-field-type-acceptance elementor-field-group elementor-column elementor-field-group-field_f5532a5 elementor-col-100 elementor-field-required\">\n\t\t\t\t\t\t\t\t\t\t\t\t<label for=\"form-field-field_f5532a5\" class=\"elementor-field-label\">\n\t\t\t\t\t\t\t\tGDPR\t\t\t\t\t\t\t<\/label>\n\t\t\t\t\t\t\t\t<div class=\"elementor-field-subgroup\">\n\t\t\t<span class=\"elementor-field-option\">\n\t\t\t\t<input type=\"checkbox\" name=\"form_fields[field_f5532a5]\" id=\"form-field-field_f5532a5\" class=\"elementor-field elementor-size-sm  elementor-acceptance-field\" required=\"required\">\n\t\t\t\t<label for=\"form-field-field_f5532a5\">Ovime dajem svoju suglasnost turisti\u010dkoj agenciji Highlights of Hvar da koristi moje osobne podatke prikupljene putem ovog obrasca u svrhu odgovora na moj upit. Ova suglasnost ostaje na snazi dok se ne opozove, \u0161to se mo\u017ee u\u010diniti slanjem zahtjeva putem emaila info@highlightsofhvar.com<\/label>\t\t\t<\/span>\n\t\t<\/div>\n\t\t\t\t\t\t<\/div>\n\t\t\t\t\t\t\t\t<div class=\"elementor-field-type-recaptcha_v3 elementor-field-group elementor-column elementor-field-group-field_befc9ef elementor-col-100 recaptcha_v3-bottomright\">\n\t\t\t\t\t<div class=\"elementor-field\" id=\"form-field-field_befc9ef\"><div class=\"elementor-g-recaptcha\" data-sitekey=\"6Le3opssAAAAAA4kS6WwDaARP_dc9_rHqFWPIEHb\" data-type=\"v3\" data-action=\"Form\" data-badge=\"bottomright\" data-size=\"invisible\"><\/div><\/div>\t\t\t\t<\/div>\n\t\t\t\t\t\t\t\t<div class=\"elementor-field-group elementor-column elementor-field-type-submit elementor-col-100 e-form__buttons\">\n\t\t\t\t\t<button class=\"elementor-button elementor-size-sm\" type=\"submit\">\n\t\t\t\t\t\t<span class=\"elementor-button-content-wrapper\">\n\t\t\t\t\t\t\t\t\t\t\t\t\t\t\t\t\t\t\t\t\t\t<span class=\"elementor-button-text\">Zatra\u017ei svoje iskustvo<\/span>\n\t\t\t\t\t\t\t\t\t\t\t\t\t<\/span>\n\t\t\t\t\t<\/button>\n\t\t\t\t<\/div>\n\t\t\t<\/div>\n\t\t<\/form>\n\t\t\t\t\t\t<\/div>\n\t\t\t\t<\/div>\n\t\t\t\t\t<\/div>\n\t\t\t\t<\/div>\n\t\t<div class=\"elementor-element elementor-element-36b7b04 e-flex e-con-boxed e-con e-parent\" data-id=\"36b7b04\" data-element_type=\"container\" data-e-type=\"container\">\n\t\t\t\t\t<div class=\"e-con-inner\">\n\t\t\t\t\t<\/div>\n\t\t\t\t<\/div>\n\t\t\t\t<\/div>\n\t\t","protected":false},"excerpt":{"rendered":"<p>Kontaktirajte nas Highlights of Hvar \ud83d\udccd Vukovarska cesta 6 21465 Stari Grad, Hrvatska \ud83d\udcde\ud83d\udcac+385 99 493 6141 \u2709\ufe0f info@higlightsofhvar.com Javi nam se Oblikuj svoje iskustvo Svako iskustvo stvaramo od nule \u2014 bez predlo\u017eaka, bez fiksnih programa.<\/p>\n","protected":false},"author":1,"featured_media":0,"parent":0,"menu_order":0,"comment_status":"closed","ping_status":"closed","template":"elementor_header_footer","meta":{"_joinchat":[],"footnotes":""},"class_list":["post-3844","page","type-page","status-publish","hentry"],"yoast_head":"<!-- This site is optimized with the Yoast SEO plugin v27.3 - https:\/\/yoast.com\/product\/yoast-seo-wordpress\/ -->\n<title>Kontakt - Highlights of Hvar<\/title>\n<meta name=\"robots\" content=\"index, follow, max-snippet:-1, max-image-preview:large, max-video-preview:-1\" \/>\n<link rel=\"canonical\" href=\"https:\/\/highlightsofhvar.com\/hr\/kontakt\/\" \/>\n<meta property=\"og:locale\" content=\"hr_HR\" \/>\n<meta property=\"og:type\" content=\"article\" \/>\n<meta property=\"og:title\" content=\"Kontakt - Highlights of Hvar\" \/>\n<meta property=\"og:description\" content=\"Kontaktirajte nas Highlights of Hvar \ud83d\udccd Vukovarska cesta 6 21465 Stari Grad, Hrvatska \ud83d\udcde\ud83d\udcac+385 99 493 6141 \u2709\ufe0f info@higlightsofhvar.com Javi nam se Oblikuj svoje iskustvo Svako iskustvo stvaramo od nule \u2014 bez predlo\u017eaka, bez fiksnih programa.\" \/>\n<meta property=\"og:url\" content=\"https:\/\/highlightsofhvar.com\/hr\/kontakt\/\" \/>\n<meta property=\"og:site_name\" content=\"Highlights of Hvar\" \/>\n<meta property=\"article:modified_time\" content=\"2026-03-31T09:51:16+00:00\" \/>\n<meta property=\"og:image\" content=\"https:\/\/highlightsofhvar.com\/wp-content\/uploads\/2026\/01\/Logo-Hvar-Highlights-Gold.png\" \/>\n\t<meta property=\"og:image:width\" content=\"1080\" \/>\n\t<meta property=\"og:image:height\" content=\"1080\" \/>\n\t<meta property=\"og:image:type\" content=\"image\/png\" \/>\n<meta name=\"twitter:card\" content=\"summary_large_image\" \/>\n<script type=\"application\/ld+json\" class=\"yoast-schema-graph\">{\"@context\":\"https:\\\/\\\/schema.org\",\"@graph\":[{\"@type\":\"WebPage\",\"@id\":\"https:\\\/\\\/highlightsofhvar.com\\\/hr\\\/kontakt\\\/\",\"url\":\"https:\\\/\\\/highlightsofhvar.com\\\/hr\\\/kontakt\\\/\",\"name\":\"Kontakt - Highlights of Hvar\",\"isPartOf\":{\"@id\":\"https:\\\/\\\/highlightsofhvar.com\\\/hr\\\/#website\"},\"primaryImageOfPage\":{\"@id\":\"https:\\\/\\\/highlightsofhvar.com\\\/hr\\\/kontakt\\\/#primaryimage\"},\"image\":{\"@id\":\"https:\\\/\\\/highlightsofhvar.com\\\/hr\\\/kontakt\\\/#primaryimage\"},\"thumbnailUrl\":\"https:\\\/\\\/highlightsofhvar.com\\\/wp-content\\\/uploads\\\/2026\\\/01\\\/Logo-Hvar-Highlights-Gold-300x300.png\",\"datePublished\":\"2026-01-26T18:19:06+00:00\",\"dateModified\":\"2026-03-31T09:51:16+00:00\",\"breadcrumb\":{\"@id\":\"https:\\\/\\\/highlightsofhvar.com\\\/hr\\\/kontakt\\\/#breadcrumb\"},\"inLanguage\":\"hr\",\"potentialAction\":[{\"@type\":\"ReadAction\",\"target\":[\"https:\\\/\\\/highlightsofhvar.com\\\/hr\\\/kontakt\\\/\"]}]},{\"@type\":\"ImageObject\",\"inLanguage\":\"hr\",\"@id\":\"https:\\\/\\\/highlightsofhvar.com\\\/hr\\\/kontakt\\\/#primaryimage\",\"url\":\"https:\\\/\\\/highlightsofhvar.com\\\/wp-content\\\/uploads\\\/2026\\\/01\\\/Logo-Hvar-Highlights-Gold-300x300.png\",\"contentUrl\":\"https:\\\/\\\/highlightsofhvar.com\\\/wp-content\\\/uploads\\\/2026\\\/01\\\/Logo-Hvar-Highlights-Gold-300x300.png\"},{\"@type\":\"BreadcrumbList\",\"@id\":\"https:\\\/\\\/highlightsofhvar.com\\\/hr\\\/kontakt\\\/#breadcrumb\",\"itemListElement\":[{\"@type\":\"ListItem\",\"position\":1,\"name\":\"Home\",\"item\":\"https:\\\/\\\/highlightsofhvar.com\\\/hr\\\/\"},{\"@type\":\"ListItem\",\"position\":2,\"name\":\"Kontakt\"}]},{\"@type\":\"WebSite\",\"@id\":\"https:\\\/\\\/highlightsofhvar.com\\\/hr\\\/#website\",\"url\":\"https:\\\/\\\/highlightsofhvar.com\\\/hr\\\/\",\"name\":\"Highlights of Hvar\",\"description\":\"Highlights of Hvar\",\"publisher\":{\"@id\":\"https:\\\/\\\/highlightsofhvar.com\\\/hr\\\/#organization\"},\"potentialAction\":[{\"@type\":\"SearchAction\",\"target\":{\"@type\":\"EntryPoint\",\"urlTemplate\":\"https:\\\/\\\/highlightsofhvar.com\\\/hr\\\/?s={search_term_string}\"},\"query-input\":{\"@type\":\"PropertyValueSpecification\",\"valueRequired\":true,\"valueName\":\"search_term_string\"}}],\"inLanguage\":\"hr\"},{\"@type\":\"Organization\",\"@id\":\"https:\\\/\\\/highlightsofhvar.com\\\/hr\\\/#organization\",\"name\":\"Highlights of Hvar\",\"url\":\"https:\\\/\\\/highlightsofhvar.com\\\/hr\\\/\",\"logo\":{\"@type\":\"ImageObject\",\"inLanguage\":\"hr\",\"@id\":\"https:\\\/\\\/highlightsofhvar.com\\\/hr\\\/#\\\/schema\\\/logo\\\/image\\\/\",\"url\":\"https:\\\/\\\/highlightsofhvar.com\\\/wp-content\\\/uploads\\\/2026\\\/01\\\/cropped-Logo-Hvar-Highlights-Gold.png\",\"contentUrl\":\"https:\\\/\\\/highlightsofhvar.com\\\/wp-content\\\/uploads\\\/2026\\\/01\\\/cropped-Logo-Hvar-Highlights-Gold.png\",\"width\":512,\"height\":512,\"caption\":\"Highlights of Hvar\"},\"image\":{\"@id\":\"https:\\\/\\\/highlightsofhvar.com\\\/hr\\\/#\\\/schema\\\/logo\\\/image\\\/\"}}]}<\/script>\n<!-- \/ Yoast SEO plugin. -->","yoast_head_json":{"title":"Kontakt - Highlights of Hvar","robots":{"index":"index","follow":"follow","max-snippet":"max-snippet:-1","max-image-preview":"max-image-preview:large","max-video-preview":"max-video-preview:-1"},"canonical":"https:\/\/highlightsofhvar.com\/hr\/kontakt\/","og_locale":"hr_HR","og_type":"article","og_title":"Kontakt - Highlights of Hvar","og_description":"Kontaktirajte nas Highlights of Hvar \ud83d\udccd Vukovarska cesta 6 21465 Stari Grad, Hrvatska \ud83d\udcde\ud83d\udcac+385 99 493 6141 \u2709\ufe0f info@higlightsofhvar.com Javi nam se Oblikuj svoje iskustvo Svako iskustvo stvaramo od nule \u2014 bez predlo\u017eaka, bez fiksnih programa.","og_url":"https:\/\/highlightsofhvar.com\/hr\/kontakt\/","og_site_name":"Highlights of Hvar","article_modified_time":"2026-03-31T09:51:16+00:00","og_image":[{"width":1080,"height":1080,"url":"https:\/\/highlightsofhvar.com\/wp-content\/uploads\/2026\/01\/Logo-Hvar-Highlights-Gold.png","type":"image\/png"}],"twitter_card":"summary_large_image","schema":{"@context":"https:\/\/schema.org","@graph":[{"@type":"WebPage","@id":"https:\/\/highlightsofhvar.com\/hr\/kontakt\/","url":"https:\/\/highlightsofhvar.com\/hr\/kontakt\/","name":"Kontakt - Highlights of Hvar","isPartOf":{"@id":"https:\/\/highlightsofhvar.com\/hr\/#website"},"primaryImageOfPage":{"@id":"https:\/\/highlightsofhvar.com\/hr\/kontakt\/#primaryimage"},"image":{"@id":"https:\/\/highlightsofhvar.com\/hr\/kontakt\/#primaryimage"},"thumbnailUrl":"https:\/\/highlightsofhvar.com\/wp-content\/uploads\/2026\/01\/Logo-Hvar-Highlights-Gold-300x300.png","datePublished":"2026-01-26T18:19:06+00:00","dateModified":"2026-03-31T09:51:16+00:00","breadcrumb":{"@id":"https:\/\/highlightsofhvar.com\/hr\/kontakt\/#breadcrumb"},"inLanguage":"hr","potentialAction":[{"@type":"ReadAction","target":["https:\/\/highlightsofhvar.com\/hr\/kontakt\/"]}]},{"@type":"ImageObject","inLanguage":"hr","@id":"https:\/\/highlightsofhvar.com\/hr\/kontakt\/#primaryimage","url":"https:\/\/highlightsofhvar.com\/wp-content\/uploads\/2026\/01\/Logo-Hvar-Highlights-Gold-300x300.png","contentUrl":"https:\/\/highlightsofhvar.com\/wp-content\/uploads\/2026\/01\/Logo-Hvar-Highlights-Gold-300x300.png"},{"@type":"BreadcrumbList","@id":"https:\/\/highlightsofhvar.com\/hr\/kontakt\/#breadcrumb","itemListElement":[{"@type":"ListItem","position":1,"name":"Home","item":"https:\/\/highlightsofhvar.com\/hr\/"},{"@type":"ListItem","position":2,"name":"Kontakt"}]},{"@type":"WebSite","@id":"https:\/\/highlightsofhvar.com\/hr\/#website","url":"https:\/\/highlightsofhvar.com\/hr\/","name":"Highlights of Hvar","description":"Highlights of Hvar","publisher":{"@id":"https:\/\/highlightsofhvar.com\/hr\/#organization"},"potentialAction":[{"@type":"SearchAction","target":{"@type":"EntryPoint","urlTemplate":"https:\/\/highlightsofhvar.com\/hr\/?s={search_term_string}"},"query-input":{"@type":"PropertyValueSpecification","valueRequired":true,"valueName":"search_term_string"}}],"inLanguage":"hr"},{"@type":"Organization","@id":"https:\/\/highlightsofhvar.com\/hr\/#organization","name":"Highlights of Hvar","url":"https:\/\/highlightsofhvar.com\/hr\/","logo":{"@type":"ImageObject","inLanguage":"hr","@id":"https:\/\/highlightsofhvar.com\/hr\/#\/schema\/logo\/image\/","url":"https:\/\/highlightsofhvar.com\/wp-content\/uploads\/2026\/01\/cropped-Logo-Hvar-Highlights-Gold.png","contentUrl":"https:\/\/highlightsofhvar.com\/wp-content\/uploads\/2026\/01\/cropped-Logo-Hvar-Highlights-Gold.png","width":512,"height":512,"caption":"Highlights of Hvar"},"image":{"@id":"https:\/\/highlightsofhvar.com\/hr\/#\/schema\/logo\/image\/"}}]}},"_links":{"self":[{"href":"https:\/\/highlightsofhvar.com\/hr\/wp-json\/wp\/v2\/pages\/3844","targetHints":{"allow":["GET"]}}],"collection":[{"href":"https:\/\/highlightsofhvar.com\/hr\/wp-json\/wp\/v2\/pages"}],"about":[{"href":"https:\/\/highlightsofhvar.com\/hr\/wp-json\/wp\/v2\/types\/page"}],"author":[{"embeddable":true,"href":"https:\/\/highlightsofhvar.com\/hr\/wp-json\/wp\/v2\/users\/1"}],"replies":[{"embeddable":true,"href":"https:\/\/highlightsofhvar.com\/hr\/wp-json\/wp\/v2\/comments?post=3844"}],"version-history":[{"count":4,"href":"https:\/\/highlightsofhvar.com\/hr\/wp-json\/wp\/v2\/pages\/3844\/revisions"}],"predecessor-version":[{"id":4098,"href":"https:\/\/highlightsofhvar.com\/hr\/wp-json\/wp\/v2\/pages\/3844\/revisions\/4098"}],"wp:attachment":[{"href":"https:\/\/highlightsofhvar.com\/hr\/wp-json\/wp\/v2\/media?parent=3844"}],"curies":[{"name":"wp","href":"https:\/\/api.w.org\/{rel}","templated":true}]}}