{"id":3699,"date":"2026-02-16T13:27:37","date_gmt":"2026-02-16T13:27:37","guid":{"rendered":"https:\/\/highlightsofhvar.com\/uvjeti-i-odredbe\/"},"modified":"2026-03-30T19:08:18","modified_gmt":"2026-03-30T19:08:18","slug":"uvjeti-i-odredbe","status":"publish","type":"page","link":"https:\/\/highlightsofhvar.com\/hr\/uvjeti-i-odredbe\/","title":{"rendered":"Uvjeti i odredbe"},"content":{"rendered":"\t\t<div data-elementor-type=\"wp-page\" data-elementor-id=\"3699\" class=\"elementor elementor-3699 elementor-509\" data-elementor-post-type=\"page\">\n\t\t\t\t<div class=\"elementor-element elementor-element-1e3aab7 e-flex e-con-boxed elementor-invisible e-con e-parent\" data-id=\"1e3aab7\" data-element_type=\"container\" data-e-type=\"container\" data-settings=\"{&quot;background_background&quot;:&quot;classic&quot;,&quot;animation&quot;:&quot;fadeIn&quot;}\">\n\t\t\t\t\t<div class=\"e-con-inner\">\n\t\t<div class=\"elementor-element elementor-element-65d74871 e-con-full e-flex e-con e-child\" data-id=\"65d74871\" data-element_type=\"container\" data-e-type=\"container\">\n\t\t\t\t<div class=\"elementor-element elementor-element-516f0497 elementor-invisible elementor-widget elementor-widget-heading\" data-id=\"516f0497\" data-element_type=\"widget\" data-e-type=\"widget\" data-settings=\"{&quot;_animation&quot;:&quot;fadeInUp&quot;}\" data-widget_type=\"heading.default\">\n\t\t\t\t\t<h1 class=\"elementor-heading-title elementor-size-default\">Uvjeti i odredbe<\/h1>\t\t\t\t<\/div>\n\t\t\t\t<\/div>\n\t\t\t\t\t<\/div>\n\t\t\t\t<\/div>\n\t\t<div class=\"elementor-element elementor-element-186d01b6 e-flex e-con-boxed e-con e-parent\" data-id=\"186d01b6\" data-element_type=\"container\" data-e-type=\"container\">\n\t\t\t\t\t<div class=\"e-con-inner\">\n\t\t<div class=\"elementor-element elementor-element-700d7507 e-con-full e-flex e-con e-child\" data-id=\"700d7507\" data-element_type=\"container\" data-e-type=\"container\">\n\t\t\t\t<div class=\"elementor-element elementor-element-001795a elementor-widget elementor-widget-text-editor\" data-id=\"001795a\" data-element_type=\"widget\" data-e-type=\"widget\" data-widget_type=\"text-editor.default\">\n\t\t\t\t\t\t\t\t\t<h1 data-section-id=\"1betcn1\" data-start=\"234\" data-end=\"256\">Uvjeti i odredbe<\/h1><p data-start=\"257\" data-end=\"288\"><strong data-start=\"257\" data-end=\"288\">HIGHLIGHTS OF HVAR j.d.o.o.<\/strong><\/p><hr data-start=\"290\" data-end=\"293\"><h3 data-section-id=\"sdjvwc\" data-start=\"295\" data-end=\"318\">OP\u0106E INFORMACIJE<\/h3><p data-start=\"320\" data-end=\"414\">Online prodaju do\u017eivljaja, izleta i transfera na <a class=\"decorated-link\" href=\"http:\/\/www.highlightsofhvar.com\" target=\"_new\" rel=\"noopener\" data-start=\"373\" data-end=\"397\">www.highlightsofhvar.com<\/a> obavlja:<\/p><p data-start=\"416\" data-end=\"644\"><strong data-start=\"416\" data-end=\"467\">HIGHLIGHTS OF HVAR j.d.o.o. turisti\u010dka agencija<\/strong><br data-start=\"467\" data-end=\"470\">Vukovarska cesta 6<br data-start=\"488\" data-end=\"491\">21460 Stari Grad, Hrvatska<br data-start=\"516\" data-end=\"519\">OIB: 10451755769<br data-start=\"535\" data-end=\"538\">Registrirano pri Trgova\u010dkom sudu u Splitu<br data-start=\"581\" data-end=\"584\">E-mail: <a class=\"decorated-link cursor-pointer\" rel=\"noopener\" data-start=\"591\" data-end=\"616\">info@highlightsofhvar.com<\/a><br data-start=\"616\" data-end=\"619\">Telefon: +385 99 493 6141<\/p><p data-start=\"646\" data-end=\"719\">Rezervacijom na\u0161ih usluga, ti (\u201eGost\u201c) prihva\u0107a\u0161 ove Uvjete i odredbe.<\/p><hr data-start=\"721\" data-end=\"724\"><h3 data-section-id=\"see4cg\" data-start=\"726\" data-end=\"748\">REZERVACIJE I PLA\u0106ANJE<\/h3><ul data-start=\"750\" data-end=\"1139\"><li data-section-id=\"f1gzkw\" data-start=\"750\" data-end=\"830\">Sve rezervacije su potvr\u0111ene po primitku uplate (polog ili puni iznos).<\/li><li data-section-id=\"izvwkv\" data-start=\"831\" data-end=\"925\">Osoba koja vr\u0161i rezervaciju odgovorna je za to\u010dnost svih pru\u017eenih informacija.<\/li><li data-section-id=\"1u8w31r\" data-start=\"926\" data-end=\"998\">Ovisno o usluzi, mo\u017ee biti potrebna puna uplata ili polog.<\/li><li data-section-id=\"1lpwffz\" data-start=\"999\" data-end=\"1062\">Preostali iznos mora biti podmiren prije pru\u017eanja usluge.<\/li><li data-section-id=\"1y37xv4\" data-start=\"1063\" data-end=\"1139\">Dostupnost i cijene podlo\u017ene su promjenama dok se ne primi uplata.<\/li><\/ul><hr data-start=\"1141\" data-end=\"1144\"><h3 data-section-id=\"acpgm8\" data-start=\"1146\" data-end=\"1162\">NA\u0160E USLUGE<\/h3><p data-start=\"1164\" data-end=\"1254\">Pru\u017eamo <strong data-start=\"1175\" data-end=\"1228\">privatne ture, transfere i prilago\u0111ene do\u017eivljaje<\/strong> koje kreiraju lokalni stru\u010dnjaci.<\/p><p data-start=\"1256\" data-end=\"1332\">Zadr\u017eavamo pravo prilagodbe elemenata usluge kada je to potrebno zbog:<\/p><ul data-start=\"1333\" data-end=\"1403\"><li data-section-id=\"gfy4sw\" data-start=\"1333\" data-end=\"1355\">vremenskih uvjeta<\/li><li data-section-id=\"k2vczn\" data-start=\"1356\" data-end=\"1374\">sigurnosnih razloga<\/li><li data-section-id=\"gjz130\" data-start=\"1375\" data-end=\"1403\">operativnih zahtjeva<\/li><\/ul><hr data-start=\"1405\" data-end=\"1408\"><h3 data-section-id=\"xd21ew\" data-start=\"1410\" data-end=\"1439\">ODGOVORNOSTI KORISNIKA<\/h3><p data-start=\"1441\" data-end=\"1464\">Gosti su du\u017eni:<\/p><ul data-start=\"1465\" data-end=\"1648\"><li data-section-id=\"1vzo286\" data-start=\"1465\" data-end=\"1501\">pru\u017eiti to\u010dne podatke o rezervaciji<\/li><li data-section-id=\"rbjxwn\" data-start=\"1502\" data-end=\"1520\">do\u0107i na vrijeme<\/li><li data-section-id=\"sdahya\" data-start=\"1521\" data-end=\"1586\">slijediti sigurnosne upute voza\u010da, skipera i vodi\u010da<\/li><li data-section-id=\"12qtgb6\" data-start=\"1587\" data-end=\"1648\">po\u0161tivati lokalne obi\u010daje, okoli\u0161 i pru\u017eatelje usluga<\/li><\/ul><p data-start=\"1650\" data-end=\"1724\">Nepo\u0161tivanje mo\u017ee rezultirati prekidom usluge bez povrata novca.<\/p><hr data-start=\"1726\" data-end=\"1729\"><h3 data-section-id=\"1hk7k15\" data-start=\"1731\" data-end=\"1758\">PROMJENE I VI\u0160A SILA<\/h3><p data-start=\"1760\" data-end=\"1861\">Zadr\u017eavamo pravo izmjene ili otkazivanja usluga zbog okolnosti izvan na\u0161e kontrole, uklju\u010duju\u0107i:<\/p><ul data-start=\"1862\" data-end=\"1930\"><li data-section-id=\"gfy4sw\" data-start=\"1862\" data-end=\"1884\">vremenske uvjete<\/li><li data-section-id=\"pr99bz\" data-start=\"1885\" data-end=\"1904\">sigurnosne razloge<\/li><li data-section-id=\"123rrv1\" data-start=\"1905\" data-end=\"1930\">poreme\u0107aje u prometu<\/li><\/ul><p data-start=\"1932\" data-end=\"1946\">U takvim slu\u010dajevima:<\/p><ul data-start=\"1947\" data-end=\"2056\"><li data-section-id=\"z0zbkw\" data-start=\"1947\" data-end=\"2009\">bit \u0107e ponu\u0111ena alternativna usluga ili novi raspored, ili<\/li><li data-section-id=\"13612w9\" data-start=\"2010\" data-end=\"2056\">bit \u0107e osiguran povrat novca gdje je primjenjivo<\/li><\/ul><p data-start=\"2058\" data-end=\"2131\">Nismo odgovorni za ka\u0161njenja ili prekide uzrokovane tre\u0107im stranama.<\/p><hr data-start=\"2133\" data-end=\"2136\"><h3 data-section-id=\"1qbay6p\" data-start=\"2138\" data-end=\"2161\">POLITIKA OTKAZIVANJA<\/h3><p data-start=\"2163\" data-end=\"2261\">Uvjeti otkazivanja mogu se razlikovati ovisno o usluzi i bit \u0107e navedeni u trenutku rezervacije.<\/p><p data-start=\"2263\" data-end=\"2287\">Osim ako nije druga\u010dije navedeno:<\/p><p data-start=\"2289\" data-end=\"2328\"><strong data-start=\"2289\" data-end=\"2328\">Do\u017eivljaji \/ usluge po mjeri:<\/strong><\/p><ul data-start=\"2329\" data-end=\"2448\"><li data-section-id=\"1lo2u6u\" data-start=\"2329\" data-end=\"2355\">60+ dana: zadr\u017eava se 25%<\/li><li data-section-id=\"190c1sy\" data-start=\"2356\" data-end=\"2384\">59\u201340 dana: zadr\u017eava se 50%<\/li><li data-section-id=\"xn0rvo\" data-start=\"2385\" data-end=\"2413\">39\u201330 dana: zadr\u017eava se 75%<\/li><li data-section-id=\"1tbqvsi\" data-start=\"2414\" data-end=\"2448\">29 dana ili manje: zadr\u017eava se 100%<\/li><\/ul><p data-start=\"2450\" data-end=\"2464\"><strong data-start=\"2450\" data-end=\"2464\">Transferi:<\/strong><\/p><ul data-start=\"2465\" data-end=\"2570\"><li data-section-id=\"1g2pso0\" data-start=\"2465\" data-end=\"2509\">Do 72 sata prije: besplatno otkazivanje<\/li><li data-section-id=\"stbs4b\" data-start=\"2510\" data-end=\"2530\">72\u201348 sati: 50%<\/li><li data-section-id=\"6px12p\" data-start=\"2531\" data-end=\"2570\">Manje od 48 sati ili nedolazak: 100%<\/li><\/ul><p data-start=\"2572\" data-end=\"2591\"><strong data-start=\"2572\" data-end=\"2591\">Transferi brodom:<\/strong><\/p><ul data-start=\"2592\" data-end=\"2700\"><li data-section-id=\"14t7gw1\" data-start=\"2592\" data-end=\"2634\">Do 8 dana prije: besplatno otkazivanje<\/li><li data-section-id=\"11s7aa2\" data-start=\"2635\" data-end=\"2652\">7\u20135 dana: 30%<\/li><li data-section-id=\"1a8qwy1\" data-start=\"2653\" data-end=\"2670\">4\u20133 dana: 50%<\/li><li data-section-id=\"11dagh6\" data-start=\"2671\" data-end=\"2700\">2\u20130 dana ili nedolazak: 100%<\/li><\/ul><p data-start=\"2702\" data-end=\"2758\">Svi pologovi su nepovratni, osim ako nije druga\u010dije navedeno.<\/p><hr data-start=\"2760\" data-end=\"2763\"><h3 data-section-id=\"1708b6j\" data-start=\"2765\" data-end=\"2776\">POVRATI NOVCA<\/h3><ul data-start=\"2778\" data-end=\"2940\"><li data-section-id=\"j26tpr\" data-start=\"2778\" data-end=\"2857\">Nema povrata novca za neiskori\u0161tene usluge nakon \u0161to je usluga zapo\u010dela.<\/li><li data-section-id=\"15fzyvg\" data-start=\"2858\" data-end=\"2940\">Ako agencija otka\u017ee uslugu, bit \u0107e ponu\u0111en puni povrat novca ili alternativa.<\/li><\/ul><hr data-start=\"2942\" data-end=\"2945\"><h3 data-section-id=\"x5a5wh\" data-start=\"2947\" data-end=\"2960\">ODGOVORNOST<\/h3><p data-start=\"2962\" data-end=\"3026\">Djelujemo kao organizator ili posrednik ovisno o usluzi.<\/p><p data-start=\"3028\" data-end=\"3050\">Nismo odgovorni za:<\/p><ul data-start=\"3051\" data-end=\"3230\"><li data-section-id=\"y9w2j\" data-start=\"3051\" data-end=\"3097\">radnje ili propuste pru\u017eatelja usluga tre\u0107ih strana<\/li><li data-section-id=\"1rovmbj\" data-start=\"3098\" data-end=\"3158\">ka\u0161njenja uzrokovana prijevoznicima ili vanjskim \u010dimbenicima<\/li><li data-section-id=\"1diu7ga\" data-start=\"3159\" data-end=\"3205\">gubitak, ozljedu ili \u0161tetu izvan na\u0161e kontrole<\/li><li data-section-id=\"gl19wr\" data-start=\"3206\" data-end=\"3230\">doga\u0111aje vi\u0161e sile<\/li><\/ul><p data-start=\"3232\" data-end=\"3303\">Gdje je primjenjivo, odgovornost je ograni\u010dena u skladu s hrvatskim zakonom.<\/p><hr data-start=\"3305\" data-end=\"3308\"><h3 data-section-id=\"1a5svb0\" data-start=\"3310\" data-end=\"3323\">OSIGURANJE<\/h3><p data-start=\"3325\" data-end=\"3370\">Preporu\u010dujemo svim gostima da pribave:<\/p><ul data-start=\"3371\" data-end=\"3450\"><li data-section-id=\"751b62\" data-start=\"3371\" data-end=\"3391\">putno osiguranje<\/li><li data-section-id=\"ws60a6\" data-start=\"3392\" data-end=\"3412\">zdravstveno osiguranje<\/li><li data-section-id=\"1i14u6n\" data-start=\"3413\" data-end=\"3450\">osiguranje za osobne stvari<\/li><\/ul><hr data-start=\"3452\" data-end=\"3455\"><h3 data-section-id=\"6ug3ga\" data-start=\"3457\" data-end=\"3471\">PRITU\u017dBE<\/h3><p data-start=\"3473\" data-end=\"3534\">Gosti moraju odmah prijaviti sve probleme tijekom usluge.<\/p><p data-start=\"3536\" data-end=\"3626\">Pisane pritu\u017ebe moraju se podnijeti u roku od <strong data-start=\"3580\" data-end=\"3590\">8 dana<\/strong> na:<br data-start=\"3594\" data-end=\"3597\"><strong data-start=\"3597\" data-end=\"3626\"><a class=\"decorated-link cursor-pointer\" rel=\"noopener\" data-start=\"3599\" data-end=\"3624\">info@highlightsofhvar.com<\/a><\/strong><\/p><p data-start=\"3628\" data-end=\"3683\">Pisani odgovor bit \u0107e dostavljen u roku od <strong data-start=\"3671\" data-end=\"3682\">15 dana<\/strong>.<\/p><hr data-start=\"3685\" data-end=\"3688\"><h3 data-section-id=\"wco87p\" data-start=\"3690\" data-end=\"3709\">ZA\u0160TITA PODATAKA<\/h3><p data-start=\"3711\" data-end=\"3879\">Osobni podaci prikupljaju se i obra\u0111uju isklju\u010divo u svrhu pru\u017eanja usluga i komunikacije, u skladu s Op\u0107om uredbom o za\u0161titi podataka (GDPR).<\/p><hr data-start=\"3881\" data-end=\"3884\"><h3 data-section-id=\"kp50ag\" data-start=\"3886\" data-end=\"3918\">MJERODAVNO PRAVO I NADLE\u017dNOST<\/h3><p data-start=\"3920\" data-end=\"3974\">Ovi Uvjeti i odredbe regulirani su hrvatskim zakonom.<\/p><p data-start=\"3976\" data-end=\"4017\">Nadle\u017ean sud je u Splitu, Hrvatska.<\/p>\t\t\t\t\t\t\t\t<\/div>\n\t\t\t\t<\/div>\n\t\t\t\t\t<\/div>\n\t\t\t\t<\/div>\n\t\t<div class=\"elementor-element elementor-element-7a476b07 e-flex e-con-boxed e-con e-parent\" data-id=\"7a476b07\" data-element_type=\"container\" data-e-type=\"container\" data-settings=\"{&quot;background_background&quot;:&quot;classic&quot;}\">\n\t\t\t\t\t<div class=\"e-con-inner\">\n\t\t<div class=\"elementor-element elementor-element-5b235b3d e-con-full e-flex e-con e-child\" data-id=\"5b235b3d\" data-element_type=\"container\" data-e-type=\"container\">\n\t\t\t\t<div class=\"elementor-element elementor-element-3c071434 elementor-invisible elementor-widget elementor-widget-heading\" data-id=\"3c071434\" data-element_type=\"widget\" data-e-type=\"widget\" data-settings=\"{&quot;_animation&quot;:&quot;fadeInLeft&quot;}\" data-widget_type=\"heading.default\">\n\t\t\t\t\t<h3 class=\"elementor-heading-title elementor-size-default\">Trebate pomo\u0107? Po\u0161aljite nam poruku <\/h3>\t\t\t\t<\/div>\n\t\t\t\t<\/div>\n\t\t<div class=\"elementor-element elementor-element-71a31d76 e-con-full e-flex e-con e-child\" data-id=\"71a31d76\" data-element_type=\"container\" data-e-type=\"container\">\n\t\t\t\t<div class=\"elementor-element elementor-element-37db484c elementor-align-right elementor-mobile-align-left elementor-widget-mobile__width-inherit elementor-invisible elementor-widget elementor-widget-button\" data-id=\"37db484c\" data-element_type=\"widget\" data-e-type=\"widget\" data-settings=\"{&quot;_animation&quot;:&quot;fadeInRight&quot;}\" data-widget_type=\"button.default\">\n\t\t\t\t\t\t\t\t\t\t<a class=\"elementor-button elementor-button-link elementor-size-sm\" href=\"#\">\n\t\t\t\t\t\t<span class=\"elementor-button-content-wrapper\">\n\t\t\t\t\t\t\t\t\t<span class=\"elementor-button-text\">Kontaktiraj nas<\/span>\n\t\t\t\t\t<\/span>\n\t\t\t\t\t<\/a>\n\t\t\t\t\t\t\t\t<\/div>\n\t\t\t\t<\/div>\n\t\t\t\t\t<\/div>\n\t\t\t\t<\/div>\n\t\t\t\t<\/div>\n\t\t","protected":false},"excerpt":{"rendered":"<p>Uvjeti i odredbe Uvjeti i odredbe HIGHLIGHTS OF HVAR j.d.o.o. OP\u0106E INFORMACIJE Online prodaju do\u017eivljaja, izleta i transfera na www.highlightsofhvar.com obavlja: HIGHLIGHTS OF HVAR j.d.o.o. turisti\u010dka agencijaVukovarska cesta 621460 Stari Grad, HrvatskaOIB: 10451755769Registrirano pri Trgova\u010dkom sudu u SplituE-mail: info@highlightsofhvar.comTelefon: +385 99 493 6141 Rezervacijom na\u0161ih usluga, ti (\u201eGost\u201c) prihva\u0107a\u0161 ove Uvjete i odredbe. REZERVACIJE I [&hellip;]<\/p>\n","protected":false},"author":2,"featured_media":0,"parent":0,"menu_order":0,"comment_status":"closed","ping_status":"closed","template":"elementor_header_footer","meta":{"_joinchat":[],"footnotes":""},"class_list":["post-3699","page","type-page","status-publish","hentry"],"yoast_head":"<!-- This site is optimized with the Yoast SEO plugin v27.3 - https:\/\/yoast.com\/product\/yoast-seo-wordpress\/ -->\n<title>Uvjeti i odredbe - Highlights of Hvar<\/title>\n<meta name=\"robots\" content=\"index, follow, max-snippet:-1, max-image-preview:large, max-video-preview:-1\" \/>\n<link rel=\"canonical\" href=\"https:\/\/highlightsofhvar.com\/hr\/uvjeti-i-odredbe\/\" \/>\n<meta property=\"og:locale\" content=\"hr_HR\" \/>\n<meta property=\"og:type\" content=\"article\" \/>\n<meta property=\"og:title\" content=\"Uvjeti i odredbe - Highlights of Hvar\" \/>\n<meta property=\"og:description\" content=\"Uvjeti i odredbe Uvjeti i odredbe HIGHLIGHTS OF HVAR j.d.o.o. OP\u0106E INFORMACIJE Online prodaju do\u017eivljaja, izleta i transfera na www.highlightsofhvar.com obavlja: HIGHLIGHTS OF HVAR j.d.o.o. turisti\u010dka agencijaVukovarska cesta 621460 Stari Grad, HrvatskaOIB: 10451755769Registrirano pri Trgova\u010dkom sudu u SplituE-mail: info@highlightsofhvar.comTelefon: +385 99 493 6141 Rezervacijom na\u0161ih usluga, ti (\u201eGost\u201c) prihva\u0107a\u0161 ove Uvjete i odredbe. REZERVACIJE I [&hellip;]\" \/>\n<meta property=\"og:url\" content=\"https:\/\/highlightsofhvar.com\/hr\/uvjeti-i-odredbe\/\" \/>\n<meta property=\"og:site_name\" content=\"Highlights of Hvar\" \/>\n<meta property=\"article:modified_time\" content=\"2026-03-30T19:08:18+00:00\" \/>\n<meta name=\"twitter:card\" content=\"summary_large_image\" \/>\n<meta name=\"twitter:label1\" content=\"Procijenjeno vrijeme \u010ditanja\" \/>\n\t<meta name=\"twitter:data1\" content=\"3 minute\" \/>\n<script type=\"application\/ld+json\" class=\"yoast-schema-graph\">{\"@context\":\"https:\\\/\\\/schema.org\",\"@graph\":[{\"@type\":\"WebPage\",\"@id\":\"https:\\\/\\\/highlightsofhvar.com\\\/hr\\\/uvjeti-i-odredbe\\\/\",\"url\":\"https:\\\/\\\/highlightsofhvar.com\\\/hr\\\/uvjeti-i-odredbe\\\/\",\"name\":\"Uvjeti i odredbe - Highlights of Hvar\",\"isPartOf\":{\"@id\":\"https:\\\/\\\/highlightsofhvar.com\\\/hr\\\/#website\"},\"datePublished\":\"2026-02-16T13:27:37+00:00\",\"dateModified\":\"2026-03-30T19:08:18+00:00\",\"breadcrumb\":{\"@id\":\"https:\\\/\\\/highlightsofhvar.com\\\/hr\\\/uvjeti-i-odredbe\\\/#breadcrumb\"},\"inLanguage\":\"hr\",\"potentialAction\":[{\"@type\":\"ReadAction\",\"target\":[\"https:\\\/\\\/highlightsofhvar.com\\\/hr\\\/uvjeti-i-odredbe\\\/\"]}]},{\"@type\":\"BreadcrumbList\",\"@id\":\"https:\\\/\\\/highlightsofhvar.com\\\/hr\\\/uvjeti-i-odredbe\\\/#breadcrumb\",\"itemListElement\":[{\"@type\":\"ListItem\",\"position\":1,\"name\":\"Home\",\"item\":\"https:\\\/\\\/highlightsofhvar.com\\\/hr\\\/\"},{\"@type\":\"ListItem\",\"position\":2,\"name\":\"Uvjeti i odredbe\"}]},{\"@type\":\"WebSite\",\"@id\":\"https:\\\/\\\/highlightsofhvar.com\\\/hr\\\/#website\",\"url\":\"https:\\\/\\\/highlightsofhvar.com\\\/hr\\\/\",\"name\":\"Highlights of Hvar\",\"description\":\"Highlights of Hvar\",\"publisher\":{\"@id\":\"https:\\\/\\\/highlightsofhvar.com\\\/hr\\\/#organization\"},\"potentialAction\":[{\"@type\":\"SearchAction\",\"target\":{\"@type\":\"EntryPoint\",\"urlTemplate\":\"https:\\\/\\\/highlightsofhvar.com\\\/hr\\\/?s={search_term_string}\"},\"query-input\":{\"@type\":\"PropertyValueSpecification\",\"valueRequired\":true,\"valueName\":\"search_term_string\"}}],\"inLanguage\":\"hr\"},{\"@type\":\"Organization\",\"@id\":\"https:\\\/\\\/highlightsofhvar.com\\\/hr\\\/#organization\",\"name\":\"Highlights of Hvar\",\"url\":\"https:\\\/\\\/highlightsofhvar.com\\\/hr\\\/\",\"logo\":{\"@type\":\"ImageObject\",\"inLanguage\":\"hr\",\"@id\":\"https:\\\/\\\/highlightsofhvar.com\\\/hr\\\/#\\\/schema\\\/logo\\\/image\\\/\",\"url\":\"https:\\\/\\\/highlightsofhvar.com\\\/wp-content\\\/uploads\\\/2026\\\/01\\\/cropped-Logo-Hvar-Highlights-Gold.png\",\"contentUrl\":\"https:\\\/\\\/highlightsofhvar.com\\\/wp-content\\\/uploads\\\/2026\\\/01\\\/cropped-Logo-Hvar-Highlights-Gold.png\",\"width\":512,\"height\":512,\"caption\":\"Highlights of Hvar\"},\"image\":{\"@id\":\"https:\\\/\\\/highlightsofhvar.com\\\/hr\\\/#\\\/schema\\\/logo\\\/image\\\/\"}}]}<\/script>\n<!-- \/ Yoast SEO plugin. -->","yoast_head_json":{"title":"Uvjeti i odredbe - Highlights of Hvar","robots":{"index":"index","follow":"follow","max-snippet":"max-snippet:-1","max-image-preview":"max-image-preview:large","max-video-preview":"max-video-preview:-1"},"canonical":"https:\/\/highlightsofhvar.com\/hr\/uvjeti-i-odredbe\/","og_locale":"hr_HR","og_type":"article","og_title":"Uvjeti i odredbe - Highlights of Hvar","og_description":"Uvjeti i odredbe Uvjeti i odredbe HIGHLIGHTS OF HVAR j.d.o.o. OP\u0106E INFORMACIJE Online prodaju do\u017eivljaja, izleta i transfera na www.highlightsofhvar.com obavlja: HIGHLIGHTS OF HVAR j.d.o.o. turisti\u010dka agencijaVukovarska cesta 621460 Stari Grad, HrvatskaOIB: 10451755769Registrirano pri Trgova\u010dkom sudu u SplituE-mail: info@highlightsofhvar.comTelefon: +385 99 493 6141 Rezervacijom na\u0161ih usluga, ti (\u201eGost\u201c) prihva\u0107a\u0161 ove Uvjete i odredbe. REZERVACIJE I [&hellip;]","og_url":"https:\/\/highlightsofhvar.com\/hr\/uvjeti-i-odredbe\/","og_site_name":"Highlights of Hvar","article_modified_time":"2026-03-30T19:08:18+00:00","twitter_card":"summary_large_image","twitter_misc":{"Procijenjeno vrijeme \u010ditanja":"3 minute"},"schema":{"@context":"https:\/\/schema.org","@graph":[{"@type":"WebPage","@id":"https:\/\/highlightsofhvar.com\/hr\/uvjeti-i-odredbe\/","url":"https:\/\/highlightsofhvar.com\/hr\/uvjeti-i-odredbe\/","name":"Uvjeti i odredbe - Highlights of Hvar","isPartOf":{"@id":"https:\/\/highlightsofhvar.com\/hr\/#website"},"datePublished":"2026-02-16T13:27:37+00:00","dateModified":"2026-03-30T19:08:18+00:00","breadcrumb":{"@id":"https:\/\/highlightsofhvar.com\/hr\/uvjeti-i-odredbe\/#breadcrumb"},"inLanguage":"hr","potentialAction":[{"@type":"ReadAction","target":["https:\/\/highlightsofhvar.com\/hr\/uvjeti-i-odredbe\/"]}]},{"@type":"BreadcrumbList","@id":"https:\/\/highlightsofhvar.com\/hr\/uvjeti-i-odredbe\/#breadcrumb","itemListElement":[{"@type":"ListItem","position":1,"name":"Home","item":"https:\/\/highlightsofhvar.com\/hr\/"},{"@type":"ListItem","position":2,"name":"Uvjeti i odredbe"}]},{"@type":"WebSite","@id":"https:\/\/highlightsofhvar.com\/hr\/#website","url":"https:\/\/highlightsofhvar.com\/hr\/","name":"Highlights of Hvar","description":"Highlights of Hvar","publisher":{"@id":"https:\/\/highlightsofhvar.com\/hr\/#organization"},"potentialAction":[{"@type":"SearchAction","target":{"@type":"EntryPoint","urlTemplate":"https:\/\/highlightsofhvar.com\/hr\/?s={search_term_string}"},"query-input":{"@type":"PropertyValueSpecification","valueRequired":true,"valueName":"search_term_string"}}],"inLanguage":"hr"},{"@type":"Organization","@id":"https:\/\/highlightsofhvar.com\/hr\/#organization","name":"Highlights of Hvar","url":"https:\/\/highlightsofhvar.com\/hr\/","logo":{"@type":"ImageObject","inLanguage":"hr","@id":"https:\/\/highlightsofhvar.com\/hr\/#\/schema\/logo\/image\/","url":"https:\/\/highlightsofhvar.com\/wp-content\/uploads\/2026\/01\/cropped-Logo-Hvar-Highlights-Gold.png","contentUrl":"https:\/\/highlightsofhvar.com\/wp-content\/uploads\/2026\/01\/cropped-Logo-Hvar-Highlights-Gold.png","width":512,"height":512,"caption":"Highlights of Hvar"},"image":{"@id":"https:\/\/highlightsofhvar.com\/hr\/#\/schema\/logo\/image\/"}}]}},"_links":{"self":[{"href":"https:\/\/highlightsofhvar.com\/hr\/wp-json\/wp\/v2\/pages\/3699","targetHints":{"allow":["GET"]}}],"collection":[{"href":"https:\/\/highlightsofhvar.com\/hr\/wp-json\/wp\/v2\/pages"}],"about":[{"href":"https:\/\/highlightsofhvar.com\/hr\/wp-json\/wp\/v2\/types\/page"}],"author":[{"embeddable":true,"href":"https:\/\/highlightsofhvar.com\/hr\/wp-json\/wp\/v2\/users\/2"}],"replies":[{"embeddable":true,"href":"https:\/\/highlightsofhvar.com\/hr\/wp-json\/wp\/v2\/comments?post=3699"}],"version-history":[{"count":1,"href":"https:\/\/highlightsofhvar.com\/hr\/wp-json\/wp\/v2\/pages\/3699\/revisions"}],"predecessor-version":[{"id":3701,"href":"https:\/\/highlightsofhvar.com\/hr\/wp-json\/wp\/v2\/pages\/3699\/revisions\/3701"}],"wp:attachment":[{"href":"https:\/\/highlightsofhvar.com\/hr\/wp-json\/wp\/v2\/media?parent=3699"}],"curies":[{"name":"wp","href":"https:\/\/api.w.org\/{rel}","templated":true}]}}