{"id":3654,"date":"2026-02-12T11:17:56","date_gmt":"2026-02-12T11:17:56","guid":{"rendered":"https:\/\/highlightsofhvar.com\/smjestaj-za-dusu\/"},"modified":"2026-03-30T19:07:19","modified_gmt":"2026-03-30T19:07:19","slug":"smjestaj-za-dusu","status":"publish","type":"page","link":"https:\/\/highlightsofhvar.com\/hr\/smjestaj-za-dusu\/","title":{"rendered":"Smje\u0161taj za du\u0161u"},"content":{"rendered":"\t\t<div data-elementor-type=\"wp-page\" data-elementor-id=\"3654\" class=\"elementor elementor-3654 elementor-143\" data-elementor-post-type=\"page\">\n\t\t\t\t<div class=\"elementor-element elementor-element-454697b7 e-flex e-con-boxed elementor-invisible e-con e-parent\" data-id=\"454697b7\" data-element_type=\"container\" data-e-type=\"container\" data-settings=\"{&quot;background_background&quot;:&quot;classic&quot;,&quot;animation&quot;:&quot;fadeIn&quot;}\">\n\t\t\t\t\t<div class=\"e-con-inner\">\n\t\t<div class=\"elementor-element elementor-element-50b94e63 e-con-full e-flex e-con e-child\" data-id=\"50b94e63\" data-element_type=\"container\" data-e-type=\"container\">\n\t\t\t\t<div class=\"elementor-element elementor-element-652004b4 elementor-invisible elementor-widget elementor-widget-heading\" data-id=\"652004b4\" data-element_type=\"widget\" data-e-type=\"widget\" data-settings=\"{&quot;_animation&quot;:&quot;fadeInUp&quot;}\" data-widget_type=\"heading.default\">\n\t\t\t\t\t<h1 class=\"elementor-heading-title elementor-size-default\">Smje\u0161taj za du\u0161u<\/h1>\t\t\t\t<\/div>\n\t\t\t\t<div class=\"elementor-element elementor-element-6a061fa2 elementor-invisible elementor-widget elementor-widget-text-editor\" data-id=\"6a061fa2\" data-element_type=\"widget\" data-e-type=\"widget\" data-settings=\"{&quot;_animation&quot;:&quot;fadeInUp&quot;}\" data-widget_type=\"text-editor.default\">\n\t\t\t\t\t\t\t\t\t<p>Lorem ipsum dolor sit amet, consectetur dempor adipisicing elit.<\/p>\t\t\t\t\t\t\t\t<\/div>\n\t\t\t\t<\/div>\n\t\t\t\t\t<\/div>\n\t\t\t\t<\/div>\n\t\t<div class=\"elementor-element elementor-element-5f4fffc7 e-flex e-con-boxed e-con e-parent\" data-id=\"5f4fffc7\" data-element_type=\"container\" data-e-type=\"container\">\n\t\t\t\t\t<div class=\"e-con-inner\">\n\t\t<div class=\"elementor-element elementor-element-4e20ee94 e-con-full e-flex e-con e-child\" data-id=\"4e20ee94\" data-element_type=\"container\" data-e-type=\"container\">\n\t\t\t\t<div class=\"elementor-element elementor-element-5e6226cc elementor-widget__width-auto elementor-invisible elementor-widget elementor-widget-heading\" data-id=\"5e6226cc\" data-element_type=\"widget\" data-e-type=\"widget\" data-settings=\"{&quot;_animation&quot;:&quot;fadeInLeft&quot;}\" data-widget_type=\"heading.default\">\n\t\t\t\t\t<h6 class=\"elementor-heading-title elementor-size-default\">Istra\u017ei<\/h6>\t\t\t\t<\/div>\n\t\t\t\t<div class=\"elementor-element elementor-element-1c81a772 elementor-invisible elementor-widget elementor-widget-heading\" data-id=\"1c81a772\" data-element_type=\"widget\" data-e-type=\"widget\" data-settings=\"{&quot;_animation&quot;:&quot;fadeInLeft&quot;}\" data-widget_type=\"heading.default\">\n\t\t\t\t\t<h2 class=\"elementor-heading-title elementor-size-default\">Nadolaze\u0107a putovanja<\/h2>\t\t\t\t<\/div>\n\t\t<div class=\"elementor-element elementor-element-626ac7bb e-con-full e-flex e-con e-child\" data-id=\"626ac7bb\" data-element_type=\"container\" data-e-type=\"container\">\n\t\t\t\t<div class=\"elementor-element elementor-element-37499d01 elementor-widget__width-initial elementor-widget-mobile__width-inherit elementor-invisible elementor-widget elementor-widget-text-editor\" data-id=\"37499d01\" data-element_type=\"widget\" data-e-type=\"widget\" data-settings=\"{&quot;_animation&quot;:&quot;fadeInUp&quot;}\" data-widget_type=\"text-editor.default\">\n\t\t\t\t\t\t\t\t\t<p>Lorem ipsum dolor sit amet, consectetur adipisicing elit, sed do eiusmod tempor incididunt ut labore et dolore magna aliqua. Ut enim ad minim veniam quis nostrud.<\/p>\t\t\t\t\t\t\t\t<\/div>\n\t\t\t\t<div class=\"elementor-element elementor-element-3de8a97b elementor-align-end elementor-widget__width-initial elementor-mobile-align-start elementor-widget-mobile__width-inherit elementor-icon-list--layout-traditional elementor-list-item-link-full_width elementor-invisible elementor-widget elementor-widget-icon-list\" data-id=\"3de8a97b\" data-element_type=\"widget\" data-e-type=\"widget\" data-settings=\"{&quot;_animation&quot;:&quot;fadeInRight&quot;}\" data-widget_type=\"icon-list.default\">\n\t\t\t\t\t\t\t<ul class=\"elementor-icon-list-items\">\n\t\t\t\t\t\t\t<li class=\"elementor-icon-list-item\">\n\t\t\t\t\t\t\t\t\t\t\t<a href=\"#\">\n\n\t\t\t\t\t\t\t\t\t\t\t\t<span class=\"elementor-icon-list-icon\">\n\t\t\t\t\t\t\t<i aria-hidden=\"true\" class=\"icon icon-envelope2\"><\/i>\t\t\t\t\t\t<\/span>\n\t\t\t\t\t\t\t\t\t\t<span class=\"elementor-icon-list-text\">Pretplati se na novosti<\/span>\n\t\t\t\t\t\t\t\t\t\t\t<\/a>\n\t\t\t\t\t\t\t\t\t<\/li>\n\t\t\t\t\t\t<\/ul>\n\t\t\t\t\t\t<\/div>\n\t\t\t\t<\/div>\n\t\t<div class=\"elementor-element elementor-element-23bf5433 e-con-full e-flex e-con e-child\" data-id=\"23bf5433\" data-element_type=\"container\" data-e-type=\"container\">\n\t\t<div class=\"elementor-element elementor-element-5ab56e6 e-con-full e-flex elementor-invisible e-con e-child\" data-id=\"5ab56e6\" data-element_type=\"container\" data-e-type=\"container\" data-settings=\"{&quot;background_background&quot;:&quot;classic&quot;,&quot;animation&quot;:&quot;fadeIn&quot;}\">\n\t\t\t\t<div class=\"elementor-element elementor-element-1ce86ceb elementor-align-end elementor-icon-list--layout-traditional elementor-list-item-link-full_width elementor-invisible elementor-widget elementor-widget-icon-list\" data-id=\"1ce86ceb\" data-element_type=\"widget\" data-e-type=\"widget\" data-settings=\"{&quot;_animation&quot;:&quot;fadeIn&quot;}\" data-widget_type=\"icon-list.default\">\n\t\t\t\t\t\t\t<ul class=\"elementor-icon-list-items\">\n\t\t\t\t\t\t\t<li class=\"elementor-icon-list-item\">\n\t\t\t\t\t\t\t\t\t\t\t<span class=\"elementor-icon-list-icon\">\n\t\t\t\t\t\t\t<i aria-hidden=\"true\" class=\"icon icon-dollar\"><\/i>\t\t\t\t\t\t<\/span>\n\t\t\t\t\t\t\t\t\t\t<span class=\"elementor-icon-list-text\">1,890<\/span>\n\t\t\t\t\t\t\t\t\t<\/li>\n\t\t\t\t\t\t<\/ul>\n\t\t\t\t\t\t<\/div>\n\t\t\t\t<div class=\"elementor-element elementor-element-10b65748 elementor-widget-mobile__width-inherit elementor-invisible elementor-widget elementor-widget-icon-box\" data-id=\"10b65748\" data-element_type=\"widget\" data-e-type=\"widget\" data-settings=\"{&quot;_animation&quot;:&quot;fadeIn&quot;}\" data-widget_type=\"icon-box.default\">\n\t\t\t\t\t\t\t<div class=\"elementor-icon-box-wrapper\">\n\n\t\t\t\n\t\t\t\t\t\t<div class=\"elementor-icon-box-content\">\n\n\t\t\t\t\t\t\t\t\t<h4 class=\"elementor-icon-box-title\">\n\t\t\t\t\t\t<a href=\"#\" >\n\t\t\t\t\t\t\t Autenti\u010dan smje\u0161taj za du\u0161u &amp; Tradicionalna vila\t\t\t\t\t\t<\/a>\n\t\t\t\t\t<\/h4>\n\t\t\t\t\n\t\t\t\t\t\t\t\t\t<p class=\"elementor-icon-box-description\">\n\t\t\t\t\t\tSmje\u0161taj za du\u0161u u Vrisniku \u2014 Terra Arhaica\n\n\t\t\t\t\t<\/p>\n\t\t\t\t\n\t\t\t<\/div>\n\t\t\t\n\t\t<\/div>\n\t\t\t\t\t\t<\/div>\n\t\t\t\t<div class=\"elementor-element elementor-element-6f6e7a0 elementor-invisible elementor-widget elementor-widget-button\" data-id=\"6f6e7a0\" data-element_type=\"widget\" data-e-type=\"widget\" data-settings=\"{&quot;_animation&quot;:&quot;fadeIn&quot;}\" data-widget_type=\"button.default\">\n\t\t\t\t\t\t\t\t\t\t<a class=\"elementor-button elementor-button-link elementor-size-sm\" href=\"https:\/\/highlightsofhvar.com\/hr\/smjestaj-za-dusu\/terra-arhaica-autentican-smjestaj-za-dusu-tradicionalna-vila\/\">\n\t\t\t\t\t\t<span class=\"elementor-button-content-wrapper\">\n\t\t\t\t\t\t\t\t\t<span class=\"elementor-button-text\">Saznaj vi\u0161e<\/span>\n\t\t\t\t\t<\/span>\n\t\t\t\t\t<\/a>\n\t\t\t\t\t\t\t\t<\/div>\n\t\t\t\t<\/div>\n\t\t\t\t<\/div>\n\t\t\t\t<\/div>\n\t\t\t\t\t<\/div>\n\t\t\t\t<\/div>\n\t\t\t\t<\/div>\n\t\t","protected":false},"excerpt":{"rendered":"<p>Lorem ipsum dolor sit amet, consectetur dempor adipisicing elit. Istra\u017ei Nadolaze\u0107a putovanja Lorem ipsum dolor sit amet, consectetur adipisicing elit, sed do eiusmod tempor incididunt ut labore et dolore magna aliqua. Ut enim ad minim veniam quis nostrud. Pretplati se na novosti 1,890 Autenti\u010dan smje\u0161taj za du\u0161u &amp; Tradicionalna vila Smje\u0161taj za du\u0161u u Vrisniku [&hellip;]<\/p>\n","protected":false},"author":1,"featured_media":0,"parent":0,"menu_order":0,"comment_status":"closed","ping_status":"closed","template":"elementor_header_footer","meta":{"_joinchat":[],"footnotes":""},"class_list":["post-3654","page","type-page","status-publish","hentry"],"yoast_head":"<!-- This site is optimized with the Yoast SEO plugin v27.3 - https:\/\/yoast.com\/product\/yoast-seo-wordpress\/ -->\n<title>Smje\u0161taj za du\u0161u - Highlights of Hvar<\/title>\n<meta name=\"robots\" content=\"index, follow, max-snippet:-1, max-image-preview:large, max-video-preview:-1\" \/>\n<link rel=\"canonical\" href=\"https:\/\/highlightsofhvar.com\/hr\/smjestaj-za-dusu\/\" \/>\n<meta property=\"og:locale\" content=\"hr_HR\" \/>\n<meta property=\"og:type\" content=\"article\" \/>\n<meta property=\"og:title\" content=\"Smje\u0161taj za du\u0161u - Highlights of Hvar\" \/>\n<meta property=\"og:description\" content=\"Lorem ipsum dolor sit amet, consectetur dempor adipisicing elit. Istra\u017ei Nadolaze\u0107a putovanja Lorem ipsum dolor sit amet, consectetur adipisicing elit, sed do eiusmod tempor incididunt ut labore et dolore magna aliqua. Ut enim ad minim veniam quis nostrud. Pretplati se na novosti 1,890 Autenti\u010dan smje\u0161taj za du\u0161u &amp; Tradicionalna vila Smje\u0161taj za du\u0161u u Vrisniku [&hellip;]\" \/>\n<meta property=\"og:url\" content=\"https:\/\/highlightsofhvar.com\/hr\/smjestaj-za-dusu\/\" \/>\n<meta property=\"og:site_name\" content=\"Highlights of Hvar\" \/>\n<meta property=\"article:modified_time\" content=\"2026-03-30T19:07:19+00:00\" \/>\n<meta name=\"twitter:card\" content=\"summary_large_image\" \/>\n<script type=\"application\/ld+json\" class=\"yoast-schema-graph\">{\"@context\":\"https:\\\/\\\/schema.org\",\"@graph\":[{\"@type\":\"WebPage\",\"@id\":\"https:\\\/\\\/highlightsofhvar.com\\\/hr\\\/smjestaj-za-dusu\\\/\",\"url\":\"https:\\\/\\\/highlightsofhvar.com\\\/hr\\\/smjestaj-za-dusu\\\/\",\"name\":\"Smje\u0161taj za du\u0161u - Highlights of Hvar\",\"isPartOf\":{\"@id\":\"https:\\\/\\\/highlightsofhvar.com\\\/hr\\\/#website\"},\"datePublished\":\"2026-02-12T11:17:56+00:00\",\"dateModified\":\"2026-03-30T19:07:19+00:00\",\"breadcrumb\":{\"@id\":\"https:\\\/\\\/highlightsofhvar.com\\\/hr\\\/smjestaj-za-dusu\\\/#breadcrumb\"},\"inLanguage\":\"hr\",\"potentialAction\":[{\"@type\":\"ReadAction\",\"target\":[\"https:\\\/\\\/highlightsofhvar.com\\\/hr\\\/smjestaj-za-dusu\\\/\"]}]},{\"@type\":\"BreadcrumbList\",\"@id\":\"https:\\\/\\\/highlightsofhvar.com\\\/hr\\\/smjestaj-za-dusu\\\/#breadcrumb\",\"itemListElement\":[{\"@type\":\"ListItem\",\"position\":1,\"name\":\"Home\",\"item\":\"https:\\\/\\\/highlightsofhvar.com\\\/hr\\\/\"},{\"@type\":\"ListItem\",\"position\":2,\"name\":\"Smje\u0161taj za du\u0161u\"}]},{\"@type\":\"WebSite\",\"@id\":\"https:\\\/\\\/highlightsofhvar.com\\\/hr\\\/#website\",\"url\":\"https:\\\/\\\/highlightsofhvar.com\\\/hr\\\/\",\"name\":\"Highlights of Hvar\",\"description\":\"Highlights of Hvar\",\"publisher\":{\"@id\":\"https:\\\/\\\/highlightsofhvar.com\\\/hr\\\/#organization\"},\"potentialAction\":[{\"@type\":\"SearchAction\",\"target\":{\"@type\":\"EntryPoint\",\"urlTemplate\":\"https:\\\/\\\/highlightsofhvar.com\\\/hr\\\/?s={search_term_string}\"},\"query-input\":{\"@type\":\"PropertyValueSpecification\",\"valueRequired\":true,\"valueName\":\"search_term_string\"}}],\"inLanguage\":\"hr\"},{\"@type\":\"Organization\",\"@id\":\"https:\\\/\\\/highlightsofhvar.com\\\/hr\\\/#organization\",\"name\":\"Highlights of Hvar\",\"url\":\"https:\\\/\\\/highlightsofhvar.com\\\/hr\\\/\",\"logo\":{\"@type\":\"ImageObject\",\"inLanguage\":\"hr\",\"@id\":\"https:\\\/\\\/highlightsofhvar.com\\\/hr\\\/#\\\/schema\\\/logo\\\/image\\\/\",\"url\":\"https:\\\/\\\/highlightsofhvar.com\\\/wp-content\\\/uploads\\\/2026\\\/01\\\/cropped-Logo-Hvar-Highlights-Gold.png\",\"contentUrl\":\"https:\\\/\\\/highlightsofhvar.com\\\/wp-content\\\/uploads\\\/2026\\\/01\\\/cropped-Logo-Hvar-Highlights-Gold.png\",\"width\":512,\"height\":512,\"caption\":\"Highlights of Hvar\"},\"image\":{\"@id\":\"https:\\\/\\\/highlightsofhvar.com\\\/hr\\\/#\\\/schema\\\/logo\\\/image\\\/\"}}]}<\/script>\n<!-- \/ Yoast SEO plugin. -->","yoast_head_json":{"title":"Smje\u0161taj za du\u0161u - Highlights of Hvar","robots":{"index":"index","follow":"follow","max-snippet":"max-snippet:-1","max-image-preview":"max-image-preview:large","max-video-preview":"max-video-preview:-1"},"canonical":"https:\/\/highlightsofhvar.com\/hr\/smjestaj-za-dusu\/","og_locale":"hr_HR","og_type":"article","og_title":"Smje\u0161taj za du\u0161u - Highlights of Hvar","og_description":"Lorem ipsum dolor sit amet, consectetur dempor adipisicing elit. Istra\u017ei Nadolaze\u0107a putovanja Lorem ipsum dolor sit amet, consectetur adipisicing elit, sed do eiusmod tempor incididunt ut labore et dolore magna aliqua. Ut enim ad minim veniam quis nostrud. Pretplati se na novosti 1,890 Autenti\u010dan smje\u0161taj za du\u0161u &amp; Tradicionalna vila Smje\u0161taj za du\u0161u u Vrisniku [&hellip;]","og_url":"https:\/\/highlightsofhvar.com\/hr\/smjestaj-za-dusu\/","og_site_name":"Highlights of Hvar","article_modified_time":"2026-03-30T19:07:19+00:00","twitter_card":"summary_large_image","schema":{"@context":"https:\/\/schema.org","@graph":[{"@type":"WebPage","@id":"https:\/\/highlightsofhvar.com\/hr\/smjestaj-za-dusu\/","url":"https:\/\/highlightsofhvar.com\/hr\/smjestaj-za-dusu\/","name":"Smje\u0161taj za du\u0161u - Highlights of Hvar","isPartOf":{"@id":"https:\/\/highlightsofhvar.com\/hr\/#website"},"datePublished":"2026-02-12T11:17:56+00:00","dateModified":"2026-03-30T19:07:19+00:00","breadcrumb":{"@id":"https:\/\/highlightsofhvar.com\/hr\/smjestaj-za-dusu\/#breadcrumb"},"inLanguage":"hr","potentialAction":[{"@type":"ReadAction","target":["https:\/\/highlightsofhvar.com\/hr\/smjestaj-za-dusu\/"]}]},{"@type":"BreadcrumbList","@id":"https:\/\/highlightsofhvar.com\/hr\/smjestaj-za-dusu\/#breadcrumb","itemListElement":[{"@type":"ListItem","position":1,"name":"Home","item":"https:\/\/highlightsofhvar.com\/hr\/"},{"@type":"ListItem","position":2,"name":"Smje\u0161taj za du\u0161u"}]},{"@type":"WebSite","@id":"https:\/\/highlightsofhvar.com\/hr\/#website","url":"https:\/\/highlightsofhvar.com\/hr\/","name":"Highlights of Hvar","description":"Highlights of Hvar","publisher":{"@id":"https:\/\/highlightsofhvar.com\/hr\/#organization"},"potentialAction":[{"@type":"SearchAction","target":{"@type":"EntryPoint","urlTemplate":"https:\/\/highlightsofhvar.com\/hr\/?s={search_term_string}"},"query-input":{"@type":"PropertyValueSpecification","valueRequired":true,"valueName":"search_term_string"}}],"inLanguage":"hr"},{"@type":"Organization","@id":"https:\/\/highlightsofhvar.com\/hr\/#organization","name":"Highlights of Hvar","url":"https:\/\/highlightsofhvar.com\/hr\/","logo":{"@type":"ImageObject","inLanguage":"hr","@id":"https:\/\/highlightsofhvar.com\/hr\/#\/schema\/logo\/image\/","url":"https:\/\/highlightsofhvar.com\/wp-content\/uploads\/2026\/01\/cropped-Logo-Hvar-Highlights-Gold.png","contentUrl":"https:\/\/highlightsofhvar.com\/wp-content\/uploads\/2026\/01\/cropped-Logo-Hvar-Highlights-Gold.png","width":512,"height":512,"caption":"Highlights of Hvar"},"image":{"@id":"https:\/\/highlightsofhvar.com\/hr\/#\/schema\/logo\/image\/"}}]}},"_links":{"self":[{"href":"https:\/\/highlightsofhvar.com\/hr\/wp-json\/wp\/v2\/pages\/3654","targetHints":{"allow":["GET"]}}],"collection":[{"href":"https:\/\/highlightsofhvar.com\/hr\/wp-json\/wp\/v2\/pages"}],"about":[{"href":"https:\/\/highlightsofhvar.com\/hr\/wp-json\/wp\/v2\/types\/page"}],"author":[{"embeddable":true,"href":"https:\/\/highlightsofhvar.com\/hr\/wp-json\/wp\/v2\/users\/1"}],"replies":[{"embeddable":true,"href":"https:\/\/highlightsofhvar.com\/hr\/wp-json\/wp\/v2\/comments?post=3654"}],"version-history":[{"count":1,"href":"https:\/\/highlightsofhvar.com\/hr\/wp-json\/wp\/v2\/pages\/3654\/revisions"}],"predecessor-version":[{"id":3657,"href":"https:\/\/highlightsofhvar.com\/hr\/wp-json\/wp\/v2\/pages\/3654\/revisions\/3657"}],"wp:attachment":[{"href":"https:\/\/highlightsofhvar.com\/hr\/wp-json\/wp\/v2\/media?parent=3654"}],"curies":[{"name":"wp","href":"https:\/\/api.w.org\/{rel}","templated":true}]}}