{"id":3645,"date":"2026-02-12T11:16:39","date_gmt":"2026-02-12T11:16:39","guid":{"rendered":"https:\/\/highlightsofhvar.com\/samo-romanticno\/"},"modified":"2026-03-30T19:06:49","modified_gmt":"2026-03-30T19:06:49","slug":"samo-romanticno","status":"publish","type":"page","link":"https:\/\/highlightsofhvar.com\/hr\/samo-romanticno\/","title":{"rendered":"Samo romanti\u010dno"},"content":{"rendered":"\t\t<div data-elementor-type=\"wp-page\" data-elementor-id=\"3645\" class=\"elementor elementor-3645 elementor-137\" data-elementor-post-type=\"page\">\n\t\t\t\t<div class=\"elementor-element elementor-element-647ba6ed e-flex e-con-boxed elementor-invisible e-con e-parent\" data-id=\"647ba6ed\" data-element_type=\"container\" data-e-type=\"container\" data-settings=\"{&quot;background_background&quot;:&quot;classic&quot;,&quot;animation&quot;:&quot;fadeIn&quot;}\">\n\t\t\t\t\t<div class=\"e-con-inner\">\n\t\t<div class=\"elementor-element elementor-element-49334e5c e-con-full e-flex e-con e-child\" data-id=\"49334e5c\" data-element_type=\"container\" data-e-type=\"container\">\n\t\t\t\t<div class=\"elementor-element elementor-element-6970b14 elementor-invisible elementor-widget elementor-widget-heading\" data-id=\"6970b14\" data-element_type=\"widget\" data-e-type=\"widget\" data-settings=\"{&quot;_animation&quot;:&quot;fadeInUp&quot;}\" data-widget_type=\"heading.default\">\n\t\t\t\t\t<h1 class=\"elementor-heading-title elementor-size-default\">Samo romanti\u010dno<\/h1>\t\t\t\t<\/div>\n\t\t\t\t<\/div>\n\t\t\t\t\t<\/div>\n\t\t\t\t<\/div>\n\t\t<div class=\"elementor-element elementor-element-68e8bd57 e-flex e-con-boxed e-con e-parent\" data-id=\"68e8bd57\" data-element_type=\"container\" data-e-type=\"container\">\n\t\t\t\t\t<div class=\"e-con-inner\">\n\t\t<div class=\"elementor-element elementor-element-564a19c4 e-con-full e-flex e-con e-child\" data-id=\"564a19c4\" data-element_type=\"container\" data-e-type=\"container\">\n\t\t\t\t<div class=\"elementor-element elementor-element-17240464 elementor-widget__width-auto elementor-invisible elementor-widget elementor-widget-heading\" data-id=\"17240464\" data-element_type=\"widget\" data-e-type=\"widget\" data-settings=\"{&quot;_animation&quot;:&quot;fadeInLeft&quot;}\" data-widget_type=\"heading.default\">\n\t\t\t\t\t<h6 class=\"elementor-heading-title elementor-size-default\">Pregledaj<\/h6>\t\t\t\t<\/div>\n\t\t<div class=\"elementor-element elementor-element-3bd769f0 e-con-full e-flex e-con e-child\" data-id=\"3bd769f0\" data-element_type=\"container\" data-e-type=\"container\">\n\t\t\t\t<div class=\"elementor-element elementor-element-17007913 elementor-widget__width-initial elementor-widget-mobile__width-inherit elementor-invisible elementor-widget elementor-widget-text-editor\" data-id=\"17007913\" data-element_type=\"widget\" data-e-type=\"widget\" data-settings=\"{&quot;_animation&quot;:&quot;fadeInUp&quot;}\" data-widget_type=\"text-editor.default\">\n\t\t\t\t\t\t\t\t\t<p>Za zaljubljene, vjen\u010danja i intimne trenutke u autenti\u010dnom okru\u017eenju otoka Hvara.<\/p>\t\t\t\t\t\t\t\t<\/div>\n\t\t\t\t<div class=\"elementor-element elementor-element-7bc2896c elementor-align-end elementor-widget__width-initial elementor-mobile-align-start elementor-widget-mobile__width-inherit elementor-icon-list--layout-traditional elementor-list-item-link-full_width elementor-invisible elementor-widget elementor-widget-icon-list\" data-id=\"7bc2896c\" data-element_type=\"widget\" data-e-type=\"widget\" data-settings=\"{&quot;_animation&quot;:&quot;fadeInRight&quot;}\" data-widget_type=\"icon-list.default\">\n\t\t\t\t\t\t\t<ul class=\"elementor-icon-list-items\">\n\t\t\t\t\t\t\t<li class=\"elementor-icon-list-item\">\n\t\t\t\t\t\t\t\t\t\t\t<a href=\"#\">\n\n\t\t\t\t\t\t\t\t\t\t\t\t<span class=\"elementor-icon-list-icon\">\n\t\t\t\t\t\t\t<i aria-hidden=\"true\" class=\"icon icon-envelope2\"><\/i>\t\t\t\t\t\t<\/span>\n\t\t\t\t\t\t\t\t\t\t<span class=\"elementor-icon-list-text\">Pretplati se na obavijesti<\/span>\n\t\t\t\t\t\t\t\t\t\t\t<\/a>\n\t\t\t\t\t\t\t\t\t<\/li>\n\t\t\t\t\t\t<\/ul>\n\t\t\t\t\t\t<\/div>\n\t\t\t\t<\/div>\n\t\t<div class=\"elementor-element elementor-element-1ab02f55 e-con-full e-flex e-con e-child\" data-id=\"1ab02f55\" data-element_type=\"container\" data-e-type=\"container\">\n\t\t<div class=\"elementor-element elementor-element-71bd27d2 e-con-full e-flex elementor-invisible e-con e-child\" data-id=\"71bd27d2\" data-element_type=\"container\" data-e-type=\"container\" data-settings=\"{&quot;background_background&quot;:&quot;classic&quot;,&quot;animation&quot;:&quot;fadeIn&quot;}\">\n\t\t\t\t<div class=\"elementor-element elementor-element-cdef22c elementor-align-end elementor-icon-list--layout-traditional elementor-list-item-link-full_width elementor-invisible elementor-widget elementor-widget-icon-list\" data-id=\"cdef22c\" data-element_type=\"widget\" data-e-type=\"widget\" data-settings=\"{&quot;_animation&quot;:&quot;fadeIn&quot;}\" data-widget_type=\"icon-list.default\">\n\t\t\t\t\t\t\t<ul class=\"elementor-icon-list-items\">\n\t\t\t\t\t\t\t<li class=\"elementor-icon-list-item\">\n\t\t\t\t\t\t\t\t\t\t<span class=\"elementor-icon-list-text\"><\/span>\n\t\t\t\t\t\t\t\t\t<\/li>\n\t\t\t\t\t\t<\/ul>\n\t\t\t\t\t\t<\/div>\n\t\t\t\t<div class=\"elementor-element elementor-element-1eefa6c8 elementor-widget-mobile__width-inherit elementor-invisible elementor-widget elementor-widget-icon-box\" data-id=\"1eefa6c8\" data-element_type=\"widget\" data-e-type=\"widget\" data-settings=\"{&quot;_animation&quot;:&quot;fadeIn&quot;}\" data-widget_type=\"icon-box.default\">\n\t\t\t\t\t\t\t<div class=\"elementor-icon-box-wrapper\">\n\n\t\t\t\n\t\t\t\t\t\t<div class=\"elementor-icon-box-content\">\n\n\t\t\t\t\t\t\t\t\t<h4 class=\"elementor-icon-box-title\">\n\t\t\t\t\t\t<a href=\"#\" >\n\t\t\t\t\t\t\tKolijevka ljubavi\t\t\t\t\t\t<\/a>\n\t\t\t\t\t<\/h4>\n\t\t\t\t\n\t\t\t\t\t\t\t\t\t<p class=\"elementor-icon-box-description\">\n\t\t\t\t\t\tPrivatna prosidba i ve\u010dera uz svije\u0107e\n\n\t\t\t\t\t<\/p>\n\t\t\t\t\n\t\t\t<\/div>\n\t\t\t\n\t\t<\/div>\n\t\t\t\t\t\t<\/div>\n\t\t\t\t<div class=\"elementor-element elementor-element-40999c55 elementor-invisible elementor-widget elementor-widget-button\" data-id=\"40999c55\" data-element_type=\"widget\" data-e-type=\"widget\" data-settings=\"{&quot;_animation&quot;:&quot;fadeIn&quot;}\" data-widget_type=\"button.default\">\n\t\t\t\t\t\t\t\t\t\t<a class=\"elementor-button elementor-size-sm\" role=\"button\">\n\t\t\t\t\t\t<span class=\"elementor-button-content-wrapper\">\n\t\t\t\t\t\t\t\t\t<span class=\"elementor-button-text\">Istra\u017ei do\u017eivljaj<\/span>\n\t\t\t\t\t<\/span>\n\t\t\t\t\t<\/a>\n\t\t\t\t\t\t\t\t<\/div>\n\t\t\t\t<\/div>\n\t\t<div class=\"elementor-element elementor-element-2ba2a471 e-con-full e-flex elementor-invisible e-con e-child\" data-id=\"2ba2a471\" data-element_type=\"container\" data-e-type=\"container\" data-settings=\"{&quot;background_background&quot;:&quot;classic&quot;,&quot;animation&quot;:&quot;fadeIn&quot;}\">\n\t\t\t\t<div class=\"elementor-element elementor-element-7ec87d99 elementor-align-end elementor-icon-list--layout-traditional elementor-list-item-link-full_width elementor-invisible elementor-widget elementor-widget-icon-list\" data-id=\"7ec87d99\" data-element_type=\"widget\" data-e-type=\"widget\" data-settings=\"{&quot;_animation&quot;:&quot;fadeIn&quot;}\" data-widget_type=\"icon-list.default\">\n\t\t\t\t\t\t\t<ul class=\"elementor-icon-list-items\">\n\t\t\t\t\t\t\t<li class=\"elementor-icon-list-item\">\n\t\t\t\t\t\t\t\t\t\t<span class=\"elementor-icon-list-text\"><\/span>\n\t\t\t\t\t\t\t\t\t<\/li>\n\t\t\t\t\t\t<\/ul>\n\t\t\t\t\t\t<\/div>\n\t\t\t\t<div class=\"elementor-element elementor-element-5d12f7dc elementor-widget-mobile__width-inherit elementor-invisible elementor-widget elementor-widget-icon-box\" data-id=\"5d12f7dc\" data-element_type=\"widget\" data-e-type=\"widget\" data-settings=\"{&quot;_animation&quot;:&quot;fadeIn&quot;}\" data-widget_type=\"icon-box.default\">\n\t\t\t\t\t\t\t<div class=\"elementor-icon-box-wrapper\">\n\n\t\t\t\n\t\t\t\t\t\t<div class=\"elementor-icon-box-content\">\n\n\t\t\t\t\t\t\t\t\t<h4 class=\"elementor-icon-box-title\">\n\t\t\t\t\t\t<a href=\"#\" >\n\t\t\t\t\t\t\tVjen\u010danja\t\t\t\t\t\t<\/a>\n\t\t\t\t\t<\/h4>\n\t\t\t\t\n\t\t\t\t\t\t\t\t\t<p class=\"elementor-icon-box-description\">\n\t\t\t\t\t\tTerra Arhaica \u2014 Privatno imanje za vje\u010dna slavlja\n\n\t\t\t\t\t<\/p>\n\t\t\t\t\n\t\t\t<\/div>\n\t\t\t\n\t\t<\/div>\n\t\t\t\t\t\t<\/div>\n\t\t\t\t<div class=\"elementor-element elementor-element-5c5f9445 elementor-invisible elementor-widget elementor-widget-button\" data-id=\"5c5f9445\" data-element_type=\"widget\" data-e-type=\"widget\" data-settings=\"{&quot;_animation&quot;:&quot;fadeIn&quot;}\" data-widget_type=\"button.default\">\n\t\t\t\t\t\t\t\t\t\t<a class=\"elementor-button elementor-button-link elementor-size-sm\" href=\"https:\/\/highlightsofhvar.com\/hr\/samo-romanticno\/vjencanja\/\">\n\t\t\t\t\t\t<span class=\"elementor-button-content-wrapper\">\n\t\t\t\t\t\t\t\t\t<span class=\"elementor-button-text\">Istra\u017ei do\u017eivljaj<\/span>\n\t\t\t\t\t<\/span>\n\t\t\t\t\t<\/a>\n\t\t\t\t\t\t\t\t<\/div>\n\t\t\t\t<\/div>\n\t\t\t\t<\/div>\n\t\t\t\t<\/div>\n\t\t\t\t\t<\/div>\n\t\t\t\t<\/div>\n\t\t\t\t<\/div>\n\t\t","protected":false},"excerpt":{"rendered":"<p>Pregledaj Za zaljubljene, vjen\u010danja i intimne trenutke u autenti\u010dnom okru\u017eenju otoka Hvara. Pretplati se na obavijesti Kolijevka ljubavi Privatna prosidba i ve\u010dera uz svije\u0107e Istra\u017ei do\u017eivljaj Vjen\u010danja Terra Arhaica \u2014 Privatno imanje za vje\u010dna slavlja Istra\u017ei do\u017eivljaj<\/p>\n","protected":false},"author":1,"featured_media":0,"parent":0,"menu_order":0,"comment_status":"closed","ping_status":"closed","template":"elementor_header_footer","meta":{"_joinchat":[],"footnotes":""},"class_list":["post-3645","page","type-page","status-publish","hentry"],"yoast_head":"<!-- This site is optimized with the Yoast SEO plugin v27.3 - https:\/\/yoast.com\/product\/yoast-seo-wordpress\/ -->\n<title>Samo romanti\u010dno - Highlights of Hvar<\/title>\n<meta name=\"robots\" content=\"index, follow, max-snippet:-1, max-image-preview:large, max-video-preview:-1\" \/>\n<link rel=\"canonical\" href=\"https:\/\/highlightsofhvar.com\/hr\/samo-romanticno\/\" \/>\n<meta property=\"og:locale\" content=\"hr_HR\" \/>\n<meta property=\"og:type\" content=\"article\" \/>\n<meta property=\"og:title\" content=\"Samo romanti\u010dno - Highlights of Hvar\" \/>\n<meta property=\"og:description\" content=\"Pregledaj Za zaljubljene, vjen\u010danja i intimne trenutke u autenti\u010dnom okru\u017eenju otoka Hvara. Pretplati se na obavijesti Kolijevka ljubavi Privatna prosidba i ve\u010dera uz svije\u0107e Istra\u017ei do\u017eivljaj Vjen\u010danja Terra Arhaica \u2014 Privatno imanje za vje\u010dna slavlja Istra\u017ei do\u017eivljaj\" \/>\n<meta property=\"og:url\" content=\"https:\/\/highlightsofhvar.com\/hr\/samo-romanticno\/\" \/>\n<meta property=\"og:site_name\" content=\"Highlights of Hvar\" \/>\n<meta property=\"article:modified_time\" content=\"2026-03-30T19:06:49+00:00\" \/>\n<meta name=\"twitter:card\" content=\"summary_large_image\" \/>\n<script type=\"application\/ld+json\" class=\"yoast-schema-graph\">{\"@context\":\"https:\\\/\\\/schema.org\",\"@graph\":[{\"@type\":\"WebPage\",\"@id\":\"https:\\\/\\\/highlightsofhvar.com\\\/hr\\\/samo-romanticno\\\/\",\"url\":\"https:\\\/\\\/highlightsofhvar.com\\\/hr\\\/samo-romanticno\\\/\",\"name\":\"Samo romanti\u010dno - Highlights of Hvar\",\"isPartOf\":{\"@id\":\"https:\\\/\\\/highlightsofhvar.com\\\/hr\\\/#website\"},\"datePublished\":\"2026-02-12T11:16:39+00:00\",\"dateModified\":\"2026-03-30T19:06:49+00:00\",\"breadcrumb\":{\"@id\":\"https:\\\/\\\/highlightsofhvar.com\\\/hr\\\/samo-romanticno\\\/#breadcrumb\"},\"inLanguage\":\"hr\",\"potentialAction\":[{\"@type\":\"ReadAction\",\"target\":[\"https:\\\/\\\/highlightsofhvar.com\\\/hr\\\/samo-romanticno\\\/\"]}]},{\"@type\":\"BreadcrumbList\",\"@id\":\"https:\\\/\\\/highlightsofhvar.com\\\/hr\\\/samo-romanticno\\\/#breadcrumb\",\"itemListElement\":[{\"@type\":\"ListItem\",\"position\":1,\"name\":\"Home\",\"item\":\"https:\\\/\\\/highlightsofhvar.com\\\/hr\\\/\"},{\"@type\":\"ListItem\",\"position\":2,\"name\":\"Samo romanti\u010dno\"}]},{\"@type\":\"WebSite\",\"@id\":\"https:\\\/\\\/highlightsofhvar.com\\\/hr\\\/#website\",\"url\":\"https:\\\/\\\/highlightsofhvar.com\\\/hr\\\/\",\"name\":\"Highlights of Hvar\",\"description\":\"Highlights of Hvar\",\"publisher\":{\"@id\":\"https:\\\/\\\/highlightsofhvar.com\\\/hr\\\/#organization\"},\"potentialAction\":[{\"@type\":\"SearchAction\",\"target\":{\"@type\":\"EntryPoint\",\"urlTemplate\":\"https:\\\/\\\/highlightsofhvar.com\\\/hr\\\/?s={search_term_string}\"},\"query-input\":{\"@type\":\"PropertyValueSpecification\",\"valueRequired\":true,\"valueName\":\"search_term_string\"}}],\"inLanguage\":\"hr\"},{\"@type\":\"Organization\",\"@id\":\"https:\\\/\\\/highlightsofhvar.com\\\/hr\\\/#organization\",\"name\":\"Highlights of Hvar\",\"url\":\"https:\\\/\\\/highlightsofhvar.com\\\/hr\\\/\",\"logo\":{\"@type\":\"ImageObject\",\"inLanguage\":\"hr\",\"@id\":\"https:\\\/\\\/highlightsofhvar.com\\\/hr\\\/#\\\/schema\\\/logo\\\/image\\\/\",\"url\":\"https:\\\/\\\/highlightsofhvar.com\\\/wp-content\\\/uploads\\\/2026\\\/01\\\/cropped-Logo-Hvar-Highlights-Gold.png\",\"contentUrl\":\"https:\\\/\\\/highlightsofhvar.com\\\/wp-content\\\/uploads\\\/2026\\\/01\\\/cropped-Logo-Hvar-Highlights-Gold.png\",\"width\":512,\"height\":512,\"caption\":\"Highlights of Hvar\"},\"image\":{\"@id\":\"https:\\\/\\\/highlightsofhvar.com\\\/hr\\\/#\\\/schema\\\/logo\\\/image\\\/\"}}]}<\/script>\n<!-- \/ Yoast SEO plugin. -->","yoast_head_json":{"title":"Samo romanti\u010dno - Highlights of Hvar","robots":{"index":"index","follow":"follow","max-snippet":"max-snippet:-1","max-image-preview":"max-image-preview:large","max-video-preview":"max-video-preview:-1"},"canonical":"https:\/\/highlightsofhvar.com\/hr\/samo-romanticno\/","og_locale":"hr_HR","og_type":"article","og_title":"Samo romanti\u010dno - Highlights of Hvar","og_description":"Pregledaj Za zaljubljene, vjen\u010danja i intimne trenutke u autenti\u010dnom okru\u017eenju otoka Hvara. Pretplati se na obavijesti Kolijevka ljubavi Privatna prosidba i ve\u010dera uz svije\u0107e Istra\u017ei do\u017eivljaj Vjen\u010danja Terra Arhaica \u2014 Privatno imanje za vje\u010dna slavlja Istra\u017ei do\u017eivljaj","og_url":"https:\/\/highlightsofhvar.com\/hr\/samo-romanticno\/","og_site_name":"Highlights of Hvar","article_modified_time":"2026-03-30T19:06:49+00:00","twitter_card":"summary_large_image","schema":{"@context":"https:\/\/schema.org","@graph":[{"@type":"WebPage","@id":"https:\/\/highlightsofhvar.com\/hr\/samo-romanticno\/","url":"https:\/\/highlightsofhvar.com\/hr\/samo-romanticno\/","name":"Samo romanti\u010dno - Highlights of Hvar","isPartOf":{"@id":"https:\/\/highlightsofhvar.com\/hr\/#website"},"datePublished":"2026-02-12T11:16:39+00:00","dateModified":"2026-03-30T19:06:49+00:00","breadcrumb":{"@id":"https:\/\/highlightsofhvar.com\/hr\/samo-romanticno\/#breadcrumb"},"inLanguage":"hr","potentialAction":[{"@type":"ReadAction","target":["https:\/\/highlightsofhvar.com\/hr\/samo-romanticno\/"]}]},{"@type":"BreadcrumbList","@id":"https:\/\/highlightsofhvar.com\/hr\/samo-romanticno\/#breadcrumb","itemListElement":[{"@type":"ListItem","position":1,"name":"Home","item":"https:\/\/highlightsofhvar.com\/hr\/"},{"@type":"ListItem","position":2,"name":"Samo romanti\u010dno"}]},{"@type":"WebSite","@id":"https:\/\/highlightsofhvar.com\/hr\/#website","url":"https:\/\/highlightsofhvar.com\/hr\/","name":"Highlights of Hvar","description":"Highlights of Hvar","publisher":{"@id":"https:\/\/highlightsofhvar.com\/hr\/#organization"},"potentialAction":[{"@type":"SearchAction","target":{"@type":"EntryPoint","urlTemplate":"https:\/\/highlightsofhvar.com\/hr\/?s={search_term_string}"},"query-input":{"@type":"PropertyValueSpecification","valueRequired":true,"valueName":"search_term_string"}}],"inLanguage":"hr"},{"@type":"Organization","@id":"https:\/\/highlightsofhvar.com\/hr\/#organization","name":"Highlights of Hvar","url":"https:\/\/highlightsofhvar.com\/hr\/","logo":{"@type":"ImageObject","inLanguage":"hr","@id":"https:\/\/highlightsofhvar.com\/hr\/#\/schema\/logo\/image\/","url":"https:\/\/highlightsofhvar.com\/wp-content\/uploads\/2026\/01\/cropped-Logo-Hvar-Highlights-Gold.png","contentUrl":"https:\/\/highlightsofhvar.com\/wp-content\/uploads\/2026\/01\/cropped-Logo-Hvar-Highlights-Gold.png","width":512,"height":512,"caption":"Highlights of Hvar"},"image":{"@id":"https:\/\/highlightsofhvar.com\/hr\/#\/schema\/logo\/image\/"}}]}},"_links":{"self":[{"href":"https:\/\/highlightsofhvar.com\/hr\/wp-json\/wp\/v2\/pages\/3645","targetHints":{"allow":["GET"]}}],"collection":[{"href":"https:\/\/highlightsofhvar.com\/hr\/wp-json\/wp\/v2\/pages"}],"about":[{"href":"https:\/\/highlightsofhvar.com\/hr\/wp-json\/wp\/v2\/types\/page"}],"author":[{"embeddable":true,"href":"https:\/\/highlightsofhvar.com\/hr\/wp-json\/wp\/v2\/users\/1"}],"replies":[{"embeddable":true,"href":"https:\/\/highlightsofhvar.com\/hr\/wp-json\/wp\/v2\/comments?post=3645"}],"version-history":[{"count":1,"href":"https:\/\/highlightsofhvar.com\/hr\/wp-json\/wp\/v2\/pages\/3645\/revisions"}],"predecessor-version":[{"id":3652,"href":"https:\/\/highlightsofhvar.com\/hr\/wp-json\/wp\/v2\/pages\/3645\/revisions\/3652"}],"wp:attachment":[{"href":"https:\/\/highlightsofhvar.com\/hr\/wp-json\/wp\/v2\/media?parent=3645"}],"curies":[{"name":"wp","href":"https:\/\/api.w.org\/{rel}","templated":true}]}}