{"id":3572,"date":"2026-03-26T17:32:57","date_gmt":"2026-03-26T17:32:57","guid":{"rendered":"https:\/\/highlightsofhvar.com\/pravne-informacije-impressum\/"},"modified":"2026-03-30T19:05:38","modified_gmt":"2026-03-30T19:05:38","slug":"pravne-informacije-impressum","status":"publish","type":"page","link":"https:\/\/highlightsofhvar.com\/hr\/pravne-informacije-impressum\/","title":{"rendered":"Pravne informacije \/ Impressum"},"content":{"rendered":"\t\t<div data-elementor-type=\"wp-page\" data-elementor-id=\"3572\" class=\"elementor elementor-3572 elementor-2934\" data-elementor-post-type=\"page\">\n\t\t\t\t<div class=\"elementor-element elementor-element-1e3aab7 e-flex e-con-boxed elementor-invisible e-con e-parent\" data-id=\"1e3aab7\" data-element_type=\"container\" data-e-type=\"container\" data-settings=\"{&quot;background_background&quot;:&quot;classic&quot;,&quot;animation&quot;:&quot;fadeIn&quot;}\">\n\t\t\t\t\t<div class=\"e-con-inner\">\n\t\t<div class=\"elementor-element elementor-element-65d74871 e-con-full e-flex e-con e-child\" data-id=\"65d74871\" data-element_type=\"container\" data-e-type=\"container\">\n\t\t\t\t<div class=\"elementor-element elementor-element-516f0497 elementor-invisible elementor-widget elementor-widget-heading\" data-id=\"516f0497\" data-element_type=\"widget\" data-e-type=\"widget\" data-settings=\"{&quot;_animation&quot;:&quot;fadeInUp&quot;}\" data-widget_type=\"heading.default\">\n\t\t\t\t\t<h1 class=\"elementor-heading-title elementor-size-default\">Pravne informacije \/ Impressum<\/h1>\t\t\t\t<\/div>\n\t\t\t\t<\/div>\n\t\t\t\t\t<\/div>\n\t\t\t\t<\/div>\n\t\t<div class=\"elementor-element elementor-element-186d01b6 e-flex e-con-boxed e-con e-parent\" data-id=\"186d01b6\" data-element_type=\"container\" data-e-type=\"container\">\n\t\t\t\t\t<div class=\"e-con-inner\">\n\t\t<div class=\"elementor-element elementor-element-7f9bc80a e-con-full e-flex e-con e-child\" data-id=\"7f9bc80a\" data-element_type=\"container\" data-e-type=\"container\">\n\t\t\t\t<div class=\"elementor-element elementor-element-28a4720 elementor-widget elementor-widget-text-editor\" data-id=\"28a4720\" data-element_type=\"widget\" data-e-type=\"widget\" data-widget_type=\"text-editor.default\">\n\t\t\t\t\t\t\t\t\t<p data-start=\"85\" data-end=\"132\"><strong data-start=\"85\" data-end=\"132\">HIGHLIGHTS OF HVAR j.d.o.o. \u2013 Turisti\u010dka agencija<\/strong><\/p><hr data-start=\"134\" data-end=\"137\"><p data-start=\"139\" data-end=\"211\"><strong data-start=\"139\" data-end=\"160\">Sjedi\u0161te<\/strong><br data-start=\"160\" data-end=\"163\">Vukovarska cesta 6<br data-start=\"181\" data-end=\"184\">21460 Stari Grad, Hrvatska<\/p><p data-start=\"213\" data-end=\"367\">Broj licence (\u0161ifra djelatnosti): 1690<br data-start=\"243\" data-end=\"246\">OIB: 10451755769<br data-start=\"295\" data-end=\"298\">Mati\u010dni broj subjekta (MBS): 0604988922<br data-start=\"341\" data-end=\"344\">PDV ID: HR10451755769<\/p><hr data-start=\"369\" data-end=\"372\"><p data-start=\"374\" data-end=\"431\"><strong data-start=\"374\" data-end=\"407\">Odgovorna osoba \/ Direktor<\/strong><br data-start=\"407\" data-end=\"410\">Magdalena Plenkovi\u0107<\/p><p data-start=\"433\" data-end=\"564\">Imenovana kao odgovorna voditeljica turisti\u010dke agencije u skladu sa Zakonom o pru\u017eanju usluga u turizmu.<\/p><hr data-start=\"566\" data-end=\"569\"><p data-start=\"571\" data-end=\"736\"><strong data-start=\"571\" data-end=\"596\">Nadzorno tijelo<\/strong><br data-start=\"596\" data-end=\"599\">Dr\u017eavni inspektorat Republike Hrvatske<br data-start=\"644\" data-end=\"647\">Slu\u017eba turisti\u010dke inspekcije<br data-start=\"673\" data-end=\"676\">\u0160ubi\u0107eva 29<br data-start=\"687\" data-end=\"690\">10000 Zagreb<br data-start=\"702\" data-end=\"705\">Email: <a class=\"decorated-link cursor-pointer\" rel=\"noopener\" data-start=\"712\" data-end=\"734\">pisarnica.dirh@dirh.hr<\/a><\/p><hr data-start=\"738\" data-end=\"741\"><p data-start=\"743\" data-end=\"808\"><strong data-start=\"743\" data-end=\"784\">Osniva\u010d i ovla\u0161teni zastupnik<\/strong><br data-start=\"784\" data-end=\"787\">Magdalena Plenkovi\u0107<\/p><hr data-start=\"810\" data-end=\"813\"><p data-start=\"815\" data-end=\"950\"><strong data-start=\"815\" data-end=\"839\">Registracija tvrtke<\/strong><br data-start=\"839\" data-end=\"842\">Trgova\u010dki sud u Splitu<br data-start=\"867\" data-end=\"870\">Mati\u010dni broj subjekta (MBS): 0604988922<br data-start=\"907\" data-end=\"910\">Datum registracije: 19. prosinca 2025.<\/p><hr data-start=\"952\" data-end=\"955\"><p data-start=\"957\" data-end=\"998\"><strong data-start=\"957\" data-end=\"974\">Temeljni kapital<\/strong><br data-start=\"974\" data-end=\"977\">10,00 EUR (u cijelosti upla\u0107en)<\/p><hr data-start=\"1000\" data-end=\"1003\"><p data-start=\"1005\" data-end=\"1088\"><strong data-start=\"1005\" data-end=\"1021\">Bankovni podaci<\/strong><br data-start=\"1021\" data-end=\"1024\">OTP banka d.d.<br data-start=\"1038\" data-end=\"1041\">IBAN: HR4224070001100750253<br data-start=\"1068\" data-end=\"1071\">SWIFT: OTPVHR2X<\/p><hr data-start=\"1090\" data-end=\"1093\"><p data-start=\"1095\" data-end=\"1227\"><strong data-start=\"1095\" data-end=\"1116\">O tvrtki<\/strong><br data-start=\"1116\" data-end=\"1119\">HIGHLIGHTS OF HVAR j.d.o.o. je online turisti\u010dka agencija sa sjedi\u0161tem u Starom Gradu na otoku Hvaru, Hrvatska.<\/p><p data-start=\"1229\" data-end=\"1373\">Tvrtka je osnovana i registrirana 19. prosinca 2025. i posluje u skladu s va\u017ee\u0107im zakonima Republike Hrvatske.<\/p><p data-start=\"1375\" data-end=\"1476\">Na\u0161e usluge pru\u017eamo putem digitalnih kanala i stojimo ti na raspolaganju za sva pitanja.<\/p>\t\t\t\t\t\t\t\t<\/div>\n\t\t\t\t<\/div>\n\t\t\t\t\t<\/div>\n\t\t\t\t<\/div>\n\t\t\t\t<\/div>\n\t\t","protected":false},"excerpt":{"rendered":"<p>Pravne informacije \/ Impressum HIGHLIGHTS OF HVAR j.d.o.o. \u2013 Turisti\u010dka agencija Sjedi\u0161teVukovarska cesta 621460 Stari Grad, Hrvatska Broj licence (\u0161ifra djelatnosti): 1690OIB: 10451755769Mati\u010dni broj subjekta (MBS): 0604988922PDV ID: HR10451755769 Odgovorna osoba \/ DirektorMagdalena Plenkovi\u0107 Imenovana kao odgovorna voditeljica turisti\u010dke agencije u skladu sa Zakonom o pru\u017eanju usluga u turizmu. Nadzorno tijeloDr\u017eavni inspektorat Republike HrvatskeSlu\u017eba turisti\u010dke [&hellip;]<\/p>\n","protected":false},"author":1,"featured_media":0,"parent":0,"menu_order":0,"comment_status":"closed","ping_status":"closed","template":"elementor_header_footer","meta":{"_joinchat":[],"footnotes":""},"class_list":["post-3572","page","type-page","status-publish","hentry"],"yoast_head":"<!-- This site is optimized with the Yoast SEO plugin v27.3 - https:\/\/yoast.com\/product\/yoast-seo-wordpress\/ -->\n<title>Pravne informacije \/ Impressum - Highlights of Hvar<\/title>\n<meta name=\"robots\" content=\"index, follow, max-snippet:-1, max-image-preview:large, max-video-preview:-1\" \/>\n<link rel=\"canonical\" href=\"https:\/\/highlightsofhvar.com\/hr\/pravne-informacije-impressum\/\" \/>\n<meta property=\"og:locale\" content=\"hr_HR\" \/>\n<meta property=\"og:type\" content=\"article\" \/>\n<meta property=\"og:title\" content=\"Pravne informacije \/ Impressum - Highlights of Hvar\" \/>\n<meta property=\"og:description\" content=\"Pravne informacije \/ Impressum HIGHLIGHTS OF HVAR j.d.o.o. \u2013 Turisti\u010dka agencija Sjedi\u0161teVukovarska cesta 621460 Stari Grad, Hrvatska Broj licence (\u0161ifra djelatnosti): 1690OIB: 10451755769Mati\u010dni broj subjekta (MBS): 0604988922PDV ID: HR10451755769 Odgovorna osoba \/ DirektorMagdalena Plenkovi\u0107 Imenovana kao odgovorna voditeljica turisti\u010dke agencije u skladu sa Zakonom o pru\u017eanju usluga u turizmu. Nadzorno tijeloDr\u017eavni inspektorat Republike HrvatskeSlu\u017eba turisti\u010dke [&hellip;]\" \/>\n<meta property=\"og:url\" content=\"https:\/\/highlightsofhvar.com\/hr\/pravne-informacije-impressum\/\" \/>\n<meta property=\"og:site_name\" content=\"Highlights of Hvar\" \/>\n<meta property=\"article:modified_time\" content=\"2026-03-30T19:05:38+00:00\" \/>\n<meta name=\"twitter:card\" content=\"summary_large_image\" \/>\n<meta name=\"twitter:label1\" content=\"Procijenjeno vrijeme \u010ditanja\" \/>\n\t<meta name=\"twitter:data1\" content=\"1 minuta\" \/>\n<script type=\"application\/ld+json\" class=\"yoast-schema-graph\">{\"@context\":\"https:\\\/\\\/schema.org\",\"@graph\":[{\"@type\":\"WebPage\",\"@id\":\"https:\\\/\\\/highlightsofhvar.com\\\/hr\\\/pravne-informacije-impressum\\\/\",\"url\":\"https:\\\/\\\/highlightsofhvar.com\\\/hr\\\/pravne-informacije-impressum\\\/\",\"name\":\"Pravne informacije \\\/ Impressum - Highlights of Hvar\",\"isPartOf\":{\"@id\":\"https:\\\/\\\/highlightsofhvar.com\\\/hr\\\/#website\"},\"datePublished\":\"2026-03-26T17:32:57+00:00\",\"dateModified\":\"2026-03-30T19:05:38+00:00\",\"breadcrumb\":{\"@id\":\"https:\\\/\\\/highlightsofhvar.com\\\/hr\\\/pravne-informacije-impressum\\\/#breadcrumb\"},\"inLanguage\":\"hr\",\"potentialAction\":[{\"@type\":\"ReadAction\",\"target\":[\"https:\\\/\\\/highlightsofhvar.com\\\/hr\\\/pravne-informacije-impressum\\\/\"]}]},{\"@type\":\"BreadcrumbList\",\"@id\":\"https:\\\/\\\/highlightsofhvar.com\\\/hr\\\/pravne-informacije-impressum\\\/#breadcrumb\",\"itemListElement\":[{\"@type\":\"ListItem\",\"position\":1,\"name\":\"Home\",\"item\":\"https:\\\/\\\/highlightsofhvar.com\\\/hr\\\/\"},{\"@type\":\"ListItem\",\"position\":2,\"name\":\"Pravne informacije \\\/ Impressum\"}]},{\"@type\":\"WebSite\",\"@id\":\"https:\\\/\\\/highlightsofhvar.com\\\/hr\\\/#website\",\"url\":\"https:\\\/\\\/highlightsofhvar.com\\\/hr\\\/\",\"name\":\"Highlights of Hvar\",\"description\":\"Highlights of Hvar\",\"publisher\":{\"@id\":\"https:\\\/\\\/highlightsofhvar.com\\\/hr\\\/#organization\"},\"potentialAction\":[{\"@type\":\"SearchAction\",\"target\":{\"@type\":\"EntryPoint\",\"urlTemplate\":\"https:\\\/\\\/highlightsofhvar.com\\\/hr\\\/?s={search_term_string}\"},\"query-input\":{\"@type\":\"PropertyValueSpecification\",\"valueRequired\":true,\"valueName\":\"search_term_string\"}}],\"inLanguage\":\"hr\"},{\"@type\":\"Organization\",\"@id\":\"https:\\\/\\\/highlightsofhvar.com\\\/hr\\\/#organization\",\"name\":\"Highlights of Hvar\",\"url\":\"https:\\\/\\\/highlightsofhvar.com\\\/hr\\\/\",\"logo\":{\"@type\":\"ImageObject\",\"inLanguage\":\"hr\",\"@id\":\"https:\\\/\\\/highlightsofhvar.com\\\/hr\\\/#\\\/schema\\\/logo\\\/image\\\/\",\"url\":\"https:\\\/\\\/highlightsofhvar.com\\\/wp-content\\\/uploads\\\/2026\\\/01\\\/cropped-Logo-Hvar-Highlights-Gold.png\",\"contentUrl\":\"https:\\\/\\\/highlightsofhvar.com\\\/wp-content\\\/uploads\\\/2026\\\/01\\\/cropped-Logo-Hvar-Highlights-Gold.png\",\"width\":512,\"height\":512,\"caption\":\"Highlights of Hvar\"},\"image\":{\"@id\":\"https:\\\/\\\/highlightsofhvar.com\\\/hr\\\/#\\\/schema\\\/logo\\\/image\\\/\"}}]}<\/script>\n<!-- \/ Yoast SEO plugin. -->","yoast_head_json":{"title":"Pravne informacije \/ Impressum - Highlights of Hvar","robots":{"index":"index","follow":"follow","max-snippet":"max-snippet:-1","max-image-preview":"max-image-preview:large","max-video-preview":"max-video-preview:-1"},"canonical":"https:\/\/highlightsofhvar.com\/hr\/pravne-informacije-impressum\/","og_locale":"hr_HR","og_type":"article","og_title":"Pravne informacije \/ Impressum - Highlights of Hvar","og_description":"Pravne informacije \/ Impressum HIGHLIGHTS OF HVAR j.d.o.o. \u2013 Turisti\u010dka agencija Sjedi\u0161teVukovarska cesta 621460 Stari Grad, Hrvatska Broj licence (\u0161ifra djelatnosti): 1690OIB: 10451755769Mati\u010dni broj subjekta (MBS): 0604988922PDV ID: HR10451755769 Odgovorna osoba \/ DirektorMagdalena Plenkovi\u0107 Imenovana kao odgovorna voditeljica turisti\u010dke agencije u skladu sa Zakonom o pru\u017eanju usluga u turizmu. Nadzorno tijeloDr\u017eavni inspektorat Republike HrvatskeSlu\u017eba turisti\u010dke [&hellip;]","og_url":"https:\/\/highlightsofhvar.com\/hr\/pravne-informacije-impressum\/","og_site_name":"Highlights of Hvar","article_modified_time":"2026-03-30T19:05:38+00:00","twitter_card":"summary_large_image","twitter_misc":{"Procijenjeno vrijeme \u010ditanja":"1 minuta"},"schema":{"@context":"https:\/\/schema.org","@graph":[{"@type":"WebPage","@id":"https:\/\/highlightsofhvar.com\/hr\/pravne-informacije-impressum\/","url":"https:\/\/highlightsofhvar.com\/hr\/pravne-informacije-impressum\/","name":"Pravne informacije \/ Impressum - Highlights of Hvar","isPartOf":{"@id":"https:\/\/highlightsofhvar.com\/hr\/#website"},"datePublished":"2026-03-26T17:32:57+00:00","dateModified":"2026-03-30T19:05:38+00:00","breadcrumb":{"@id":"https:\/\/highlightsofhvar.com\/hr\/pravne-informacije-impressum\/#breadcrumb"},"inLanguage":"hr","potentialAction":[{"@type":"ReadAction","target":["https:\/\/highlightsofhvar.com\/hr\/pravne-informacije-impressum\/"]}]},{"@type":"BreadcrumbList","@id":"https:\/\/highlightsofhvar.com\/hr\/pravne-informacije-impressum\/#breadcrumb","itemListElement":[{"@type":"ListItem","position":1,"name":"Home","item":"https:\/\/highlightsofhvar.com\/hr\/"},{"@type":"ListItem","position":2,"name":"Pravne informacije \/ Impressum"}]},{"@type":"WebSite","@id":"https:\/\/highlightsofhvar.com\/hr\/#website","url":"https:\/\/highlightsofhvar.com\/hr\/","name":"Highlights of Hvar","description":"Highlights of Hvar","publisher":{"@id":"https:\/\/highlightsofhvar.com\/hr\/#organization"},"potentialAction":[{"@type":"SearchAction","target":{"@type":"EntryPoint","urlTemplate":"https:\/\/highlightsofhvar.com\/hr\/?s={search_term_string}"},"query-input":{"@type":"PropertyValueSpecification","valueRequired":true,"valueName":"search_term_string"}}],"inLanguage":"hr"},{"@type":"Organization","@id":"https:\/\/highlightsofhvar.com\/hr\/#organization","name":"Highlights of Hvar","url":"https:\/\/highlightsofhvar.com\/hr\/","logo":{"@type":"ImageObject","inLanguage":"hr","@id":"https:\/\/highlightsofhvar.com\/hr\/#\/schema\/logo\/image\/","url":"https:\/\/highlightsofhvar.com\/wp-content\/uploads\/2026\/01\/cropped-Logo-Hvar-Highlights-Gold.png","contentUrl":"https:\/\/highlightsofhvar.com\/wp-content\/uploads\/2026\/01\/cropped-Logo-Hvar-Highlights-Gold.png","width":512,"height":512,"caption":"Highlights of Hvar"},"image":{"@id":"https:\/\/highlightsofhvar.com\/hr\/#\/schema\/logo\/image\/"}}]}},"_links":{"self":[{"href":"https:\/\/highlightsofhvar.com\/hr\/wp-json\/wp\/v2\/pages\/3572","targetHints":{"allow":["GET"]}}],"collection":[{"href":"https:\/\/highlightsofhvar.com\/hr\/wp-json\/wp\/v2\/pages"}],"about":[{"href":"https:\/\/highlightsofhvar.com\/hr\/wp-json\/wp\/v2\/types\/page"}],"author":[{"embeddable":true,"href":"https:\/\/highlightsofhvar.com\/hr\/wp-json\/wp\/v2\/users\/1"}],"replies":[{"embeddable":true,"href":"https:\/\/highlightsofhvar.com\/hr\/wp-json\/wp\/v2\/comments?post=3572"}],"version-history":[{"count":1,"href":"https:\/\/highlightsofhvar.com\/hr\/wp-json\/wp\/v2\/pages\/3572\/revisions"}],"predecessor-version":[{"id":3574,"href":"https:\/\/highlightsofhvar.com\/hr\/wp-json\/wp\/v2\/pages\/3572\/revisions\/3574"}],"wp:attachment":[{"href":"https:\/\/highlightsofhvar.com\/hr\/wp-json\/wp\/v2\/media?parent=3572"}],"curies":[{"name":"wp","href":"https:\/\/api.w.org\/{rel}","templated":true}]}}