{"id":3569,"date":"2026-03-26T11:57:47","date_gmt":"2026-03-26T11:57:47","guid":{"rendered":"https:\/\/highlightsofhvar.com\/politika-kolacica\/"},"modified":"2026-03-30T19:05:38","modified_gmt":"2026-03-30T19:05:38","slug":"politika-kolacica","status":"publish","type":"page","link":"https:\/\/highlightsofhvar.com\/hr\/politika-kolacica\/","title":{"rendered":"Politika kola\u010di\u0107a"},"content":{"rendered":"\t\t<div data-elementor-type=\"wp-page\" data-elementor-id=\"3569\" class=\"elementor elementor-3569 elementor-2863\" data-elementor-post-type=\"page\">\n\t\t\t\t<div class=\"elementor-element elementor-element-1e3aab7 e-flex e-con-boxed elementor-invisible e-con e-parent\" data-id=\"1e3aab7\" data-element_type=\"container\" data-e-type=\"container\" data-settings=\"{&quot;background_background&quot;:&quot;classic&quot;,&quot;animation&quot;:&quot;fadeIn&quot;}\">\n\t\t\t\t\t<div class=\"e-con-inner\">\n\t\t<div class=\"elementor-element elementor-element-65d74871 e-con-full e-flex e-con e-child\" data-id=\"65d74871\" data-element_type=\"container\" data-e-type=\"container\">\n\t\t\t\t<div class=\"elementor-element elementor-element-516f0497 elementor-invisible elementor-widget elementor-widget-heading\" data-id=\"516f0497\" data-element_type=\"widget\" data-e-type=\"widget\" data-settings=\"{&quot;_animation&quot;:&quot;fadeInUp&quot;}\" data-widget_type=\"heading.default\">\n\t\t\t\t\t<h1 class=\"elementor-heading-title elementor-size-default\">Uvjeti kori\u0161tenja<\/h1>\t\t\t\t<\/div>\n\t\t\t\t<\/div>\n\t\t\t\t\t<\/div>\n\t\t\t\t<\/div>\n\t\t<div class=\"elementor-element elementor-element-186d01b6 e-flex e-con-boxed e-con e-parent\" data-id=\"186d01b6\" data-element_type=\"container\" data-e-type=\"container\">\n\t\t\t\t\t<div class=\"e-con-inner\">\n\t\t<div class=\"elementor-element elementor-element-63e6f91 e-con-full e-flex e-con e-child\" data-id=\"63e6f91\" data-element_type=\"container\" data-e-type=\"container\">\n\t\t\t\t<div class=\"elementor-element elementor-element-ab68bad elementor-invisible elementor-widget elementor-widget-heading\" data-id=\"ab68bad\" data-element_type=\"widget\" data-e-type=\"widget\" data-settings=\"{&quot;_animation&quot;:&quot;fadeInRight&quot;}\" data-widget_type=\"heading.default\">\n\t\t\t\t\t<h3 class=\"elementor-heading-title elementor-size-default\">Politika kola\u010di\u0107a<\/h3>\t\t\t\t<\/div>\n\t\t\t\t<div class=\"elementor-element elementor-element-871f0b8 elementor-widget elementor-widget-text-editor\" data-id=\"871f0b8\" data-element_type=\"widget\" data-e-type=\"widget\" data-widget_type=\"text-editor.default\">\n\t\t\t\t\t\t\t\t\t<p> <\/p><h6 data-section-id=\"1g3b3i8\" data-start=\"180\" data-end=\"209\"><span role=\"text\"><strong data-start=\"183\" data-end=\"209\">Zadnje a\u017eurirano: o\u017eujak 2026.<\/strong><\/span><\/h6><h6 data-section-id=\"1g3b3i8\" data-start=\"180\" data-end=\"209\"><span role=\"text\"><strong data-start=\"183\" data-end=\"209\">1. Op\u0107e informacije<\/strong><\/span><\/h6><p>Ova web stranica koristi kola\u010di\u0107e kako bi osigurala pravilno funkcioniranje i pobolj\u0161ala korisni\u010dko iskustvo.<\/p><p>Kori\u0161tenjem ove web stranice pristajete na upotrebu kola\u010di\u0107a u skladu s ovom Politikom kola\u010di\u0107a.<\/p><p>Kola\u010di\u0107i se koriste u skladu s tvojim postavkama odabranim putem obavijesti o kola\u010di\u0107ima.<\/p><hr data-start=\"395\" data-end=\"398\"><h6 data-section-id=\"xp9kky\" data-start=\"400\" data-end=\"426\"><span role=\"text\"><strong data-start=\"403\" data-end=\"426\">2. \u0160to su kola\u010di\u0107i<\/strong><\/span><\/h6><p>Kola\u010di\u0107i su male tekstualne datoteke pohranjene na tvom ure\u0111aju (ra\u010dunalu, tabletu ili mobitelu) kada posjeti\u0161 web stranicu.<\/p><hr data-start=\"541\" data-end=\"544\"><h6 data-section-id=\"rg6eak\" data-start=\"546\" data-end=\"579\"><span role=\"text\"><strong data-start=\"549\" data-end=\"579\">3. Vrste kola\u010di\u0107a koje koristimo<\/strong><\/span><\/h6><p><span role=\"text\"><strong data-start=\"585\" data-end=\"611\">3.1. Nu\u017eni kola\u010di\u0107i<\/strong><\/span><\/p><p>Ovi kola\u010di\u0107i su neophodni za pravilno funkcioniranje web stranice i ne mogu se onemogu\u0107iti.<\/p><hr data-start=\"702\" data-end=\"705\"><h6 data-section-id=\"bt36au\" data-start=\"707\" data-end=\"737\"><span role=\"text\"><strong data-start=\"711\" data-end=\"737\">3.2. Analiti\u010dki kola\u010di\u0107i<\/strong><\/span><\/h6><p>Koristimo analiti\u010dke alate poput <strong data-start=\"769\" data-end=\"789\">Google Analyticsa<\/strong> za prikupljanje anonimiziranih podataka o tome kako posjetitelji koriste na\u0161u web stranicu.<\/p><p>Google Analytics mo\u017ee obra\u0111ivati podatke poput IP adrese i pona\u0161anja pri pregledavanju.<br>Podaci se anonimiziraju gdje je to mogu\u0107e.<\/p><p>To nam poma\u017ee pobolj\u0161ati na\u0161e usluge i performanse web stranice.<\/p><hr data-start=\"915\" data-end=\"918\"><h6 data-section-id=\"cq4cye\" data-start=\"920\" data-end=\"966\"><span role=\"text\"><strong data-start=\"924\" data-end=\"966\">3.3. Marketin\u0161ki kola\u010di\u0107i (ako je primjenjivo)<\/strong><\/span><\/h6><p>Ovi kola\u010di\u0107i mogu se koristiti za prikazivanje relevantnog sadr\u017eaja i oglasa.<\/p><p>Nu\u017eni kola\u010di\u0107i su neophodni za funkcioniranje web stranice.<\/p><p>Koriste se samo uz tvoju privolu.<\/p><hr data-start=\"1078\" data-end=\"1081\"><h6 data-section-id=\"f31i08\" data-start=\"1083\" data-end=\"1112\"><span role=\"text\"><strong data-start=\"1086\" data-end=\"1112\">4. Kola\u010di\u0107i tre\u0107ih strana<\/strong><\/span><\/h6><p>Neke kola\u010di\u0107e mogu postaviti usluge tre\u0107ih strana, uklju\u010duju\u0107i:<\/p><ul data-start=\"1177\" data-end=\"1241\"><li data-section-id=\"1li1d1z\" data-start=\"1177\" data-end=\"1197\"><h6 data-start=\"1179\" data-end=\"1197\">Google Analytics<\/h6><\/li><li data-section-id=\"4h1b9v\" data-start=\"1198\" data-end=\"1241\"><h6 data-start=\"1200\" data-end=\"1241\">pru\u017eatelji usluga pla\u0107anja (npr. Stripe, PayPal)<\/h6><\/li><\/ul><h6 data-start=\"1243\" data-end=\"1316\">Ove tre\u0107e strane obra\u0111uju podatke u skladu sa svojim politikama privatnosti.<\/h6><hr data-start=\"1318\" data-end=\"1321\"><h6 data-section-id=\"1m2tmkt\" data-start=\"1323\" data-end=\"1349\"><span role=\"text\"><strong data-start=\"1326\" data-end=\"1349\">5. Upravljanje kola\u010di\u0107ima<\/strong><\/span><\/h6><p>Mo\u017ee\u0161 upravljati svojim postavkama kola\u010di\u0107a u bilo kojem trenutku:<\/p><ul data-start=\"1403\" data-end=\"1512\"><li data-section-id=\"1vqcr1k\" data-start=\"1403\" data-end=\"1447\"><h6 data-start=\"1405\" data-end=\"1447\">putem obavijesti o kola\u010di\u0107ima na na\u0161oj web stranici<\/h6><\/li><li data-section-id=\"5dwt6z\" data-start=\"1448\" data-end=\"1481\"><h6 data-start=\"1450\" data-end=\"1481\">putem postavki svog preglednika<\/h6><\/li><li data-section-id=\"1em6f37\" data-start=\"1482\" data-end=\"1512\"><h6 data-start=\"1484\" data-end=\"1512\">brisanjem pohranjenih kola\u010di\u0107a<\/h6><\/li><\/ul><hr data-start=\"1514\" data-end=\"1517\"><h6 data-section-id=\"1ouwpys\" data-start=\"1519\" data-end=\"1540\"><span role=\"text\"><strong data-start=\"1522\" data-end=\"1540\">6. Pravna osnova<\/strong><\/span><\/h6><p>Nu\u017eni kola\u010di\u0107i se obra\u0111uju na temelju legitimnog interesa.<\/p><p>Analiti\u010dki i marketin\u0161ki kola\u010di\u0107i koriste se samo uz tvoju privolu.<\/p><hr data-start=\"1670\" data-end=\"1673\"><h6 data-section-id=\"wcbt7x\" data-start=\"1675\" data-end=\"1701\"><span role=\"text\"><strong data-start=\"1678\" data-end=\"1701\">7. Razdoblje \u010duvanja<\/strong><\/span><\/h6><p>Kola\u010di\u0107i se pohranjuju ograni\u010deno vrijeme, ovisno o njihovoj svrsi (sesijski ili trajni kola\u010di\u0107i).<\/p><p>Sesijski kola\u010di\u0107i se bri\u0161u kada zatvori\u0161 preglednik.<br>Trajni kola\u010di\u0107i ostaju odre\u0111eno vrijeme ili dok se ru\u010dno ne izbri\u0161u.<\/p><hr data-start=\"1804\" data-end=\"1807\"><h6 data-section-id=\"1wipspn\" data-start=\"1809\" data-end=\"1841\"><span role=\"text\"><strong data-start=\"1812\" data-end=\"1841\">8. Izmjene ove politike<\/strong><\/span><\/h6><p>Zadr\u017eavamo pravo a\u017euriranja ove Politike kola\u010di\u0107a u bilo kojem trenutku.<\/p><p>Sve izmjene bit \u0107e objavljene na ovoj stranici.<\/p><hr data-start=\"1951\" data-end=\"1954\"><h6 data-section-id=\"120zche\" data-start=\"1956\" data-end=\"1973\"><span role=\"text\"><strong data-start=\"1959\" data-end=\"1973\">9. Kontakt<\/strong><\/span><\/h6><p>Voditelj obrade podataka:<br>HIGHLIGHTS OF HVAR j.d.o.o.<br>E-mail: info@highlightsofhvar.com<\/p><p>Za vi\u0161e informacija kontaktiraj nas:<\/p><p><strong data-start=\"2013\" data-end=\"2044\">HIGHLIGHTS OF HVAR j.d.o.o.<\/strong><br data-start=\"2044\" data-end=\"2047\">E-mail: info@highlightsofhvar.com<\/p>\t\t\t\t\t\t\t\t<\/div>\n\t\t\t\t<\/div>\n\t\t\t\t\t<\/div>\n\t\t\t\t<\/div>\n\t\t<div class=\"elementor-element elementor-element-7a476b07 e-flex e-con-boxed e-con e-parent\" data-id=\"7a476b07\" data-element_type=\"container\" data-e-type=\"container\" data-settings=\"{&quot;background_background&quot;:&quot;classic&quot;}\">\n\t\t\t\t\t<div class=\"e-con-inner\">\n\t\t<div class=\"elementor-element elementor-element-5b235b3d e-con-full e-flex e-con e-child\" data-id=\"5b235b3d\" data-element_type=\"container\" data-e-type=\"container\">\n\t\t\t\t<div class=\"elementor-element elementor-element-3c071434 elementor-invisible elementor-widget elementor-widget-heading\" data-id=\"3c071434\" data-element_type=\"widget\" data-e-type=\"widget\" data-settings=\"{&quot;_animation&quot;:&quot;fadeInLeft&quot;}\" data-widget_type=\"heading.default\">\n\t\t\t\t\t<h3 class=\"elementor-heading-title elementor-size-default\">Treba\u0161 pomo\u0107? Po\u0161alji nam poruku<\/h3>\t\t\t\t<\/div>\n\t\t\t\t<\/div>\n\t\t<div class=\"elementor-element elementor-element-71a31d76 e-con-full e-flex e-con e-child\" data-id=\"71a31d76\" data-element_type=\"container\" data-e-type=\"container\">\n\t\t\t\t<div class=\"elementor-element elementor-element-37db484c elementor-align-right elementor-mobile-align-left elementor-widget-mobile__width-inherit elementor-invisible elementor-widget elementor-widget-button\" data-id=\"37db484c\" data-element_type=\"widget\" data-e-type=\"widget\" data-settings=\"{&quot;_animation&quot;:&quot;fadeInRight&quot;}\" data-widget_type=\"button.default\">\n\t\t\t\t\t\t\t\t\t\t<a class=\"elementor-button elementor-button-link elementor-size-sm\" href=\"#\">\n\t\t\t\t\t\t<span class=\"elementor-button-content-wrapper\">\n\t\t\t\t\t\t\t\t\t<span class=\"elementor-button-text\">Kontaktiraj nas<\/span>\n\t\t\t\t\t<\/span>\n\t\t\t\t\t<\/a>\n\t\t\t\t\t\t\t\t<\/div>\n\t\t\t\t<\/div>\n\t\t\t\t\t<\/div>\n\t\t\t\t<\/div>\n\t\t\t\t<\/div>\n\t\t","protected":false},"excerpt":{"rendered":"<p>Uvjeti kori\u0161tenja Politika kola\u010di\u0107a Zadnje a\u017eurirano: o\u017eujak 2026. 1. Op\u0107e informacije Ova web stranica koristi kola\u010di\u0107e kako bi osigurala pravilno funkcioniranje i pobolj\u0161ala korisni\u010dko iskustvo. Kori\u0161tenjem ove web stranice pristajete na upotrebu kola\u010di\u0107a u skladu s ovom Politikom kola\u010di\u0107a. Kola\u010di\u0107i se koriste u skladu s tvojim postavkama odabranim putem obavijesti o kola\u010di\u0107ima. 2. \u0160to su [&hellip;]<\/p>\n","protected":false},"author":1,"featured_media":0,"parent":0,"menu_order":0,"comment_status":"closed","ping_status":"closed","template":"elementor_header_footer","meta":{"_joinchat":[],"footnotes":""},"class_list":["post-3569","page","type-page","status-publish","hentry"],"yoast_head":"<!-- This site is optimized with the Yoast SEO plugin v27.3 - https:\/\/yoast.com\/product\/yoast-seo-wordpress\/ -->\n<title>Politika kola\u010di\u0107a - Highlights of Hvar<\/title>\n<meta name=\"robots\" content=\"index, follow, max-snippet:-1, max-image-preview:large, max-video-preview:-1\" \/>\n<link rel=\"canonical\" href=\"https:\/\/highlightsofhvar.com\/hr\/politika-kolacica\/\" \/>\n<meta property=\"og:locale\" content=\"hr_HR\" \/>\n<meta property=\"og:type\" content=\"article\" \/>\n<meta property=\"og:title\" content=\"Politika kola\u010di\u0107a - Highlights of Hvar\" \/>\n<meta property=\"og:description\" content=\"Uvjeti kori\u0161tenja Politika kola\u010di\u0107a Zadnje a\u017eurirano: o\u017eujak 2026. 1. Op\u0107e informacije Ova web stranica koristi kola\u010di\u0107e kako bi osigurala pravilno funkcioniranje i pobolj\u0161ala korisni\u010dko iskustvo. Kori\u0161tenjem ove web stranice pristajete na upotrebu kola\u010di\u0107a u skladu s ovom Politikom kola\u010di\u0107a. Kola\u010di\u0107i se koriste u skladu s tvojim postavkama odabranim putem obavijesti o kola\u010di\u0107ima. 2. \u0160to su [&hellip;]\" \/>\n<meta property=\"og:url\" content=\"https:\/\/highlightsofhvar.com\/hr\/politika-kolacica\/\" \/>\n<meta property=\"og:site_name\" content=\"Highlights of Hvar\" \/>\n<meta property=\"article:modified_time\" content=\"2026-03-30T19:05:38+00:00\" \/>\n<meta name=\"twitter:card\" content=\"summary_large_image\" \/>\n<meta name=\"twitter:label1\" content=\"Procijenjeno vrijeme \u010ditanja\" \/>\n\t<meta name=\"twitter:data1\" content=\"2 minute\" \/>\n<script type=\"application\/ld+json\" class=\"yoast-schema-graph\">{\"@context\":\"https:\\\/\\\/schema.org\",\"@graph\":[{\"@type\":\"WebPage\",\"@id\":\"https:\\\/\\\/highlightsofhvar.com\\\/hr\\\/politika-kolacica\\\/\",\"url\":\"https:\\\/\\\/highlightsofhvar.com\\\/hr\\\/politika-kolacica\\\/\",\"name\":\"Politika kola\u010di\u0107a - Highlights of Hvar\",\"isPartOf\":{\"@id\":\"https:\\\/\\\/highlightsofhvar.com\\\/hr\\\/#website\"},\"datePublished\":\"2026-03-26T11:57:47+00:00\",\"dateModified\":\"2026-03-30T19:05:38+00:00\",\"breadcrumb\":{\"@id\":\"https:\\\/\\\/highlightsofhvar.com\\\/hr\\\/politika-kolacica\\\/#breadcrumb\"},\"inLanguage\":\"hr\",\"potentialAction\":[{\"@type\":\"ReadAction\",\"target\":[\"https:\\\/\\\/highlightsofhvar.com\\\/hr\\\/politika-kolacica\\\/\"]}]},{\"@type\":\"BreadcrumbList\",\"@id\":\"https:\\\/\\\/highlightsofhvar.com\\\/hr\\\/politika-kolacica\\\/#breadcrumb\",\"itemListElement\":[{\"@type\":\"ListItem\",\"position\":1,\"name\":\"Home\",\"item\":\"https:\\\/\\\/highlightsofhvar.com\\\/hr\\\/\"},{\"@type\":\"ListItem\",\"position\":2,\"name\":\"Politika kola\u010di\u0107a\"}]},{\"@type\":\"WebSite\",\"@id\":\"https:\\\/\\\/highlightsofhvar.com\\\/hr\\\/#website\",\"url\":\"https:\\\/\\\/highlightsofhvar.com\\\/hr\\\/\",\"name\":\"Highlights of Hvar\",\"description\":\"Highlights of Hvar\",\"publisher\":{\"@id\":\"https:\\\/\\\/highlightsofhvar.com\\\/hr\\\/#organization\"},\"potentialAction\":[{\"@type\":\"SearchAction\",\"target\":{\"@type\":\"EntryPoint\",\"urlTemplate\":\"https:\\\/\\\/highlightsofhvar.com\\\/hr\\\/?s={search_term_string}\"},\"query-input\":{\"@type\":\"PropertyValueSpecification\",\"valueRequired\":true,\"valueName\":\"search_term_string\"}}],\"inLanguage\":\"hr\"},{\"@type\":\"Organization\",\"@id\":\"https:\\\/\\\/highlightsofhvar.com\\\/hr\\\/#organization\",\"name\":\"Highlights of Hvar\",\"url\":\"https:\\\/\\\/highlightsofhvar.com\\\/hr\\\/\",\"logo\":{\"@type\":\"ImageObject\",\"inLanguage\":\"hr\",\"@id\":\"https:\\\/\\\/highlightsofhvar.com\\\/hr\\\/#\\\/schema\\\/logo\\\/image\\\/\",\"url\":\"https:\\\/\\\/highlightsofhvar.com\\\/wp-content\\\/uploads\\\/2026\\\/01\\\/cropped-Logo-Hvar-Highlights-Gold.png\",\"contentUrl\":\"https:\\\/\\\/highlightsofhvar.com\\\/wp-content\\\/uploads\\\/2026\\\/01\\\/cropped-Logo-Hvar-Highlights-Gold.png\",\"width\":512,\"height\":512,\"caption\":\"Highlights of Hvar\"},\"image\":{\"@id\":\"https:\\\/\\\/highlightsofhvar.com\\\/hr\\\/#\\\/schema\\\/logo\\\/image\\\/\"}}]}<\/script>\n<!-- \/ Yoast SEO plugin. -->","yoast_head_json":{"title":"Politika kola\u010di\u0107a - Highlights of Hvar","robots":{"index":"index","follow":"follow","max-snippet":"max-snippet:-1","max-image-preview":"max-image-preview:large","max-video-preview":"max-video-preview:-1"},"canonical":"https:\/\/highlightsofhvar.com\/hr\/politika-kolacica\/","og_locale":"hr_HR","og_type":"article","og_title":"Politika kola\u010di\u0107a - Highlights of Hvar","og_description":"Uvjeti kori\u0161tenja Politika kola\u010di\u0107a Zadnje a\u017eurirano: o\u017eujak 2026. 1. Op\u0107e informacije Ova web stranica koristi kola\u010di\u0107e kako bi osigurala pravilno funkcioniranje i pobolj\u0161ala korisni\u010dko iskustvo. Kori\u0161tenjem ove web stranice pristajete na upotrebu kola\u010di\u0107a u skladu s ovom Politikom kola\u010di\u0107a. Kola\u010di\u0107i se koriste u skladu s tvojim postavkama odabranim putem obavijesti o kola\u010di\u0107ima. 2. \u0160to su [&hellip;]","og_url":"https:\/\/highlightsofhvar.com\/hr\/politika-kolacica\/","og_site_name":"Highlights of Hvar","article_modified_time":"2026-03-30T19:05:38+00:00","twitter_card":"summary_large_image","twitter_misc":{"Procijenjeno vrijeme \u010ditanja":"2 minute"},"schema":{"@context":"https:\/\/schema.org","@graph":[{"@type":"WebPage","@id":"https:\/\/highlightsofhvar.com\/hr\/politika-kolacica\/","url":"https:\/\/highlightsofhvar.com\/hr\/politika-kolacica\/","name":"Politika kola\u010di\u0107a - Highlights of Hvar","isPartOf":{"@id":"https:\/\/highlightsofhvar.com\/hr\/#website"},"datePublished":"2026-03-26T11:57:47+00:00","dateModified":"2026-03-30T19:05:38+00:00","breadcrumb":{"@id":"https:\/\/highlightsofhvar.com\/hr\/politika-kolacica\/#breadcrumb"},"inLanguage":"hr","potentialAction":[{"@type":"ReadAction","target":["https:\/\/highlightsofhvar.com\/hr\/politika-kolacica\/"]}]},{"@type":"BreadcrumbList","@id":"https:\/\/highlightsofhvar.com\/hr\/politika-kolacica\/#breadcrumb","itemListElement":[{"@type":"ListItem","position":1,"name":"Home","item":"https:\/\/highlightsofhvar.com\/hr\/"},{"@type":"ListItem","position":2,"name":"Politika kola\u010di\u0107a"}]},{"@type":"WebSite","@id":"https:\/\/highlightsofhvar.com\/hr\/#website","url":"https:\/\/highlightsofhvar.com\/hr\/","name":"Highlights of Hvar","description":"Highlights of Hvar","publisher":{"@id":"https:\/\/highlightsofhvar.com\/hr\/#organization"},"potentialAction":[{"@type":"SearchAction","target":{"@type":"EntryPoint","urlTemplate":"https:\/\/highlightsofhvar.com\/hr\/?s={search_term_string}"},"query-input":{"@type":"PropertyValueSpecification","valueRequired":true,"valueName":"search_term_string"}}],"inLanguage":"hr"},{"@type":"Organization","@id":"https:\/\/highlightsofhvar.com\/hr\/#organization","name":"Highlights of Hvar","url":"https:\/\/highlightsofhvar.com\/hr\/","logo":{"@type":"ImageObject","inLanguage":"hr","@id":"https:\/\/highlightsofhvar.com\/hr\/#\/schema\/logo\/image\/","url":"https:\/\/highlightsofhvar.com\/wp-content\/uploads\/2026\/01\/cropped-Logo-Hvar-Highlights-Gold.png","contentUrl":"https:\/\/highlightsofhvar.com\/wp-content\/uploads\/2026\/01\/cropped-Logo-Hvar-Highlights-Gold.png","width":512,"height":512,"caption":"Highlights of Hvar"},"image":{"@id":"https:\/\/highlightsofhvar.com\/hr\/#\/schema\/logo\/image\/"}}]}},"_links":{"self":[{"href":"https:\/\/highlightsofhvar.com\/hr\/wp-json\/wp\/v2\/pages\/3569","targetHints":{"allow":["GET"]}}],"collection":[{"href":"https:\/\/highlightsofhvar.com\/hr\/wp-json\/wp\/v2\/pages"}],"about":[{"href":"https:\/\/highlightsofhvar.com\/hr\/wp-json\/wp\/v2\/types\/page"}],"author":[{"embeddable":true,"href":"https:\/\/highlightsofhvar.com\/hr\/wp-json\/wp\/v2\/users\/1"}],"replies":[{"embeddable":true,"href":"https:\/\/highlightsofhvar.com\/hr\/wp-json\/wp\/v2\/comments?post=3569"}],"version-history":[{"count":1,"href":"https:\/\/highlightsofhvar.com\/hr\/wp-json\/wp\/v2\/pages\/3569\/revisions"}],"predecessor-version":[{"id":3571,"href":"https:\/\/highlightsofhvar.com\/hr\/wp-json\/wp\/v2\/pages\/3569\/revisions\/3571"}],"wp:attachment":[{"href":"https:\/\/highlightsofhvar.com\/hr\/wp-json\/wp\/v2\/media?parent=3569"}],"curies":[{"name":"wp","href":"https:\/\/api.w.org\/{rel}","templated":true}]}}