{"id":3559,"date":"2026-03-26T17:39:28","date_gmt":"2026-03-26T17:39:28","guid":{"rendered":"https:\/\/highlightsofhvar.com\/obavijest-o-prigovoru\/"},"modified":"2026-03-30T19:05:02","modified_gmt":"2026-03-30T19:05:02","slug":"obavijest-o-prigovoru","status":"publish","type":"page","link":"https:\/\/highlightsofhvar.com\/hr\/obavijest-o-prigovoru\/","title":{"rendered":"Obavijest o prigovoru"},"content":{"rendered":"\t\t<div data-elementor-type=\"wp-page\" data-elementor-id=\"3559\" class=\"elementor elementor-3559 elementor-2942\" data-elementor-post-type=\"page\">\n\t\t\t\t<div class=\"elementor-element elementor-element-1e3aab7 e-flex e-con-boxed elementor-invisible e-con e-parent\" data-id=\"1e3aab7\" data-element_type=\"container\" data-e-type=\"container\" data-settings=\"{&quot;background_background&quot;:&quot;classic&quot;,&quot;animation&quot;:&quot;fadeIn&quot;}\">\n\t\t\t\t\t<div class=\"e-con-inner\">\n\t\t<div class=\"elementor-element elementor-element-65d74871 e-con-full e-flex e-con e-child\" data-id=\"65d74871\" data-element_type=\"container\" data-e-type=\"container\">\n\t\t\t\t<div class=\"elementor-element elementor-element-516f0497 elementor-invisible elementor-widget elementor-widget-heading\" data-id=\"516f0497\" data-element_type=\"widget\" data-e-type=\"widget\" data-settings=\"{&quot;_animation&quot;:&quot;fadeInUp&quot;}\" data-widget_type=\"heading.default\">\n\t\t\t\t\t<h1 class=\"elementor-heading-title elementor-size-default\">Obavijest o prigovoru<\/h1>\t\t\t\t<\/div>\n\t\t\t\t<\/div>\n\t\t\t\t\t<\/div>\n\t\t\t\t<\/div>\n\t\t<div class=\"elementor-element elementor-element-186d01b6 e-flex e-con-boxed e-con e-parent\" data-id=\"186d01b6\" data-element_type=\"container\" data-e-type=\"container\">\n\t\t\t\t\t<div class=\"e-con-inner\">\n\t\t<div class=\"elementor-element elementor-element-7f9bc80a e-con-full e-flex e-con e-child\" data-id=\"7f9bc80a\" data-element_type=\"container\" data-e-type=\"container\">\n\t\t\t\t<div class=\"elementor-element elementor-element-28a4720 elementor-widget elementor-widget-text-editor\" data-id=\"28a4720\" data-element_type=\"widget\" data-e-type=\"widget\" data-widget_type=\"text-editor.default\">\n\t\t\t\t\t\t\t\t\t<h1 data-section-id=\"1o0tisq\" data-start=\"217\" data-end=\"242\"><span role=\"text\">\ud83d\udcc4<\/span>Prigovori korisnika<\/h1><p data-start=\"113\" data-end=\"428\">Sukladno Zakonu o za\u0161titi potro\u0161a\u010da (NN 19\/22, 59\/23) i Zakonu o pru\u017eanju usluga u turizmu (NN 130\/17, 25\/19, 98\/19, 42\/20, 70\/21), korisnici <strong data-start=\"283\" data-end=\"314\">HIGHLIGHTS OF HVAR j.d.o.o.<\/strong> koji \u017eele podnijeti prigovor na kvalitetu na\u0161ih usluga mogu to u\u010diniti pisanim putem na sljede\u0107u adresu:<\/p><p data-start=\"430\" data-end=\"513\"><strong data-start=\"430\" data-end=\"461\">HIGHLIGHTS OF HVAR j.d.o.o.<\/strong><br data-start=\"461\" data-end=\"464\">Vukovarska cesta 6<br data-start=\"482\" data-end=\"485\">21460 Stari Grad<br data-start=\"501\" data-end=\"504\">Hrvatska<\/p><p data-start=\"515\" data-end=\"620\">Prigovori se tako\u0111er mogu podnijeti putem e-po\u0161te na: <strong data-start=\"562\" data-end=\"591\"><a class=\"decorated-link cursor-pointer\" rel=\"noopener\" data-start=\"564\" data-end=\"589\">info@highlightsofhvar.com<\/a><\/strong> <\/p><p data-start=\"622\" data-end=\"742\">Budu\u0107i da agencija prvenstveno posluje putem digitalnih kanala, korisnike poti\u010demo da prigovore podnose elektroni\u010dkim putem.<\/p><p data-start=\"744\" data-end=\"1012\">Potvrda primitka prigovora bit \u0107e poslana pisanim putem bez odgode, a odgovor \u0107e biti dostavljen u roku od 15 dana od datuma primitka prigovora. Molimo korisnike da u svom prigovoru navedu kako i kome treba dostaviti odgovor.<\/p><p data-start=\"1014\" data-end=\"1196\">Svi osobni podaci navedeni u prigovoru bit \u0107e obra\u0111eni i pohranjeni u skladu s Op\u0107om uredbom o za\u0161titi podataka (GDPR) i ne\u0107e se koristiti u druge svrhe.<\/p><p data-start=\"244\" data-end=\"413\"> <\/p>\t\t\t\t\t\t\t\t<\/div>\n\t\t\t\t<\/div>\n\t\t\t\t\t<\/div>\n\t\t\t\t<\/div>\n\t\t\t\t<\/div>\n\t\t","protected":false},"excerpt":{"rendered":"<p>Obavijest o prigovoru \ud83d\udcc4Prigovori korisnika Sukladno Zakonu o za\u0161titi potro\u0161a\u010da (NN 19\/22, 59\/23) i Zakonu o pru\u017eanju usluga u turizmu (NN 130\/17, 25\/19, 98\/19, 42\/20, 70\/21), korisnici HIGHLIGHTS OF HVAR j.d.o.o. koji \u017eele podnijeti prigovor na kvalitetu na\u0161ih usluga mogu to u\u010diniti pisanim putem na sljede\u0107u adresu: HIGHLIGHTS OF HVAR j.d.o.o.Vukovarska cesta 621460 Stari GradHrvatska [&hellip;]<\/p>\n","protected":false},"author":1,"featured_media":0,"parent":0,"menu_order":0,"comment_status":"closed","ping_status":"closed","template":"elementor_header_footer","meta":{"_joinchat":[],"footnotes":""},"class_list":["post-3559","page","type-page","status-publish","hentry"],"yoast_head":"<!-- This site is optimized with the Yoast SEO plugin v27.3 - https:\/\/yoast.com\/product\/yoast-seo-wordpress\/ -->\n<title>Obavijest o prigovoru - Highlights of Hvar<\/title>\n<meta name=\"robots\" content=\"index, follow, max-snippet:-1, max-image-preview:large, max-video-preview:-1\" \/>\n<link rel=\"canonical\" href=\"https:\/\/highlightsofhvar.com\/hr\/obavijest-o-prigovoru\/\" \/>\n<meta property=\"og:locale\" content=\"hr_HR\" \/>\n<meta property=\"og:type\" content=\"article\" \/>\n<meta property=\"og:title\" content=\"Obavijest o prigovoru - Highlights of Hvar\" \/>\n<meta property=\"og:description\" content=\"Obavijest o prigovoru \ud83d\udcc4Prigovori korisnika Sukladno Zakonu o za\u0161titi potro\u0161a\u010da (NN 19\/22, 59\/23) i Zakonu o pru\u017eanju usluga u turizmu (NN 130\/17, 25\/19, 98\/19, 42\/20, 70\/21), korisnici HIGHLIGHTS OF HVAR j.d.o.o. koji \u017eele podnijeti prigovor na kvalitetu na\u0161ih usluga mogu to u\u010diniti pisanim putem na sljede\u0107u adresu: HIGHLIGHTS OF HVAR j.d.o.o.Vukovarska cesta 621460 Stari GradHrvatska [&hellip;]\" \/>\n<meta property=\"og:url\" content=\"https:\/\/highlightsofhvar.com\/hr\/obavijest-o-prigovoru\/\" \/>\n<meta property=\"og:site_name\" content=\"Highlights of Hvar\" \/>\n<meta property=\"article:modified_time\" content=\"2026-03-30T19:05:02+00:00\" \/>\n<meta name=\"twitter:card\" content=\"summary_large_image\" \/>\n<meta name=\"twitter:label1\" content=\"Procijenjeno vrijeme \u010ditanja\" \/>\n\t<meta name=\"twitter:data1\" content=\"1 minuta\" \/>\n<script type=\"application\/ld+json\" class=\"yoast-schema-graph\">{\"@context\":\"https:\\\/\\\/schema.org\",\"@graph\":[{\"@type\":\"WebPage\",\"@id\":\"https:\\\/\\\/highlightsofhvar.com\\\/hr\\\/obavijest-o-prigovoru\\\/\",\"url\":\"https:\\\/\\\/highlightsofhvar.com\\\/hr\\\/obavijest-o-prigovoru\\\/\",\"name\":\"Obavijest o prigovoru - Highlights of Hvar\",\"isPartOf\":{\"@id\":\"https:\\\/\\\/highlightsofhvar.com\\\/hr\\\/#website\"},\"datePublished\":\"2026-03-26T17:39:28+00:00\",\"dateModified\":\"2026-03-30T19:05:02+00:00\",\"breadcrumb\":{\"@id\":\"https:\\\/\\\/highlightsofhvar.com\\\/hr\\\/obavijest-o-prigovoru\\\/#breadcrumb\"},\"inLanguage\":\"hr\",\"potentialAction\":[{\"@type\":\"ReadAction\",\"target\":[\"https:\\\/\\\/highlightsofhvar.com\\\/hr\\\/obavijest-o-prigovoru\\\/\"]}]},{\"@type\":\"BreadcrumbList\",\"@id\":\"https:\\\/\\\/highlightsofhvar.com\\\/hr\\\/obavijest-o-prigovoru\\\/#breadcrumb\",\"itemListElement\":[{\"@type\":\"ListItem\",\"position\":1,\"name\":\"Home\",\"item\":\"https:\\\/\\\/highlightsofhvar.com\\\/hr\\\/\"},{\"@type\":\"ListItem\",\"position\":2,\"name\":\"Obavijest o prigovoru\"}]},{\"@type\":\"WebSite\",\"@id\":\"https:\\\/\\\/highlightsofhvar.com\\\/hr\\\/#website\",\"url\":\"https:\\\/\\\/highlightsofhvar.com\\\/hr\\\/\",\"name\":\"Highlights of Hvar\",\"description\":\"Highlights of Hvar\",\"publisher\":{\"@id\":\"https:\\\/\\\/highlightsofhvar.com\\\/hr\\\/#organization\"},\"potentialAction\":[{\"@type\":\"SearchAction\",\"target\":{\"@type\":\"EntryPoint\",\"urlTemplate\":\"https:\\\/\\\/highlightsofhvar.com\\\/hr\\\/?s={search_term_string}\"},\"query-input\":{\"@type\":\"PropertyValueSpecification\",\"valueRequired\":true,\"valueName\":\"search_term_string\"}}],\"inLanguage\":\"hr\"},{\"@type\":\"Organization\",\"@id\":\"https:\\\/\\\/highlightsofhvar.com\\\/hr\\\/#organization\",\"name\":\"Highlights of Hvar\",\"url\":\"https:\\\/\\\/highlightsofhvar.com\\\/hr\\\/\",\"logo\":{\"@type\":\"ImageObject\",\"inLanguage\":\"hr\",\"@id\":\"https:\\\/\\\/highlightsofhvar.com\\\/hr\\\/#\\\/schema\\\/logo\\\/image\\\/\",\"url\":\"https:\\\/\\\/highlightsofhvar.com\\\/wp-content\\\/uploads\\\/2026\\\/01\\\/cropped-Logo-Hvar-Highlights-Gold.png\",\"contentUrl\":\"https:\\\/\\\/highlightsofhvar.com\\\/wp-content\\\/uploads\\\/2026\\\/01\\\/cropped-Logo-Hvar-Highlights-Gold.png\",\"width\":512,\"height\":512,\"caption\":\"Highlights of Hvar\"},\"image\":{\"@id\":\"https:\\\/\\\/highlightsofhvar.com\\\/hr\\\/#\\\/schema\\\/logo\\\/image\\\/\"}}]}<\/script>\n<!-- \/ Yoast SEO plugin. -->","yoast_head_json":{"title":"Obavijest o prigovoru - Highlights of Hvar","robots":{"index":"index","follow":"follow","max-snippet":"max-snippet:-1","max-image-preview":"max-image-preview:large","max-video-preview":"max-video-preview:-1"},"canonical":"https:\/\/highlightsofhvar.com\/hr\/obavijest-o-prigovoru\/","og_locale":"hr_HR","og_type":"article","og_title":"Obavijest o prigovoru - Highlights of Hvar","og_description":"Obavijest o prigovoru \ud83d\udcc4Prigovori korisnika Sukladno Zakonu o za\u0161titi potro\u0161a\u010da (NN 19\/22, 59\/23) i Zakonu o pru\u017eanju usluga u turizmu (NN 130\/17, 25\/19, 98\/19, 42\/20, 70\/21), korisnici HIGHLIGHTS OF HVAR j.d.o.o. koji \u017eele podnijeti prigovor na kvalitetu na\u0161ih usluga mogu to u\u010diniti pisanim putem na sljede\u0107u adresu: HIGHLIGHTS OF HVAR j.d.o.o.Vukovarska cesta 621460 Stari GradHrvatska [&hellip;]","og_url":"https:\/\/highlightsofhvar.com\/hr\/obavijest-o-prigovoru\/","og_site_name":"Highlights of Hvar","article_modified_time":"2026-03-30T19:05:02+00:00","twitter_card":"summary_large_image","twitter_misc":{"Procijenjeno vrijeme \u010ditanja":"1 minuta"},"schema":{"@context":"https:\/\/schema.org","@graph":[{"@type":"WebPage","@id":"https:\/\/highlightsofhvar.com\/hr\/obavijest-o-prigovoru\/","url":"https:\/\/highlightsofhvar.com\/hr\/obavijest-o-prigovoru\/","name":"Obavijest o prigovoru - Highlights of Hvar","isPartOf":{"@id":"https:\/\/highlightsofhvar.com\/hr\/#website"},"datePublished":"2026-03-26T17:39:28+00:00","dateModified":"2026-03-30T19:05:02+00:00","breadcrumb":{"@id":"https:\/\/highlightsofhvar.com\/hr\/obavijest-o-prigovoru\/#breadcrumb"},"inLanguage":"hr","potentialAction":[{"@type":"ReadAction","target":["https:\/\/highlightsofhvar.com\/hr\/obavijest-o-prigovoru\/"]}]},{"@type":"BreadcrumbList","@id":"https:\/\/highlightsofhvar.com\/hr\/obavijest-o-prigovoru\/#breadcrumb","itemListElement":[{"@type":"ListItem","position":1,"name":"Home","item":"https:\/\/highlightsofhvar.com\/hr\/"},{"@type":"ListItem","position":2,"name":"Obavijest o prigovoru"}]},{"@type":"WebSite","@id":"https:\/\/highlightsofhvar.com\/hr\/#website","url":"https:\/\/highlightsofhvar.com\/hr\/","name":"Highlights of Hvar","description":"Highlights of Hvar","publisher":{"@id":"https:\/\/highlightsofhvar.com\/hr\/#organization"},"potentialAction":[{"@type":"SearchAction","target":{"@type":"EntryPoint","urlTemplate":"https:\/\/highlightsofhvar.com\/hr\/?s={search_term_string}"},"query-input":{"@type":"PropertyValueSpecification","valueRequired":true,"valueName":"search_term_string"}}],"inLanguage":"hr"},{"@type":"Organization","@id":"https:\/\/highlightsofhvar.com\/hr\/#organization","name":"Highlights of Hvar","url":"https:\/\/highlightsofhvar.com\/hr\/","logo":{"@type":"ImageObject","inLanguage":"hr","@id":"https:\/\/highlightsofhvar.com\/hr\/#\/schema\/logo\/image\/","url":"https:\/\/highlightsofhvar.com\/wp-content\/uploads\/2026\/01\/cropped-Logo-Hvar-Highlights-Gold.png","contentUrl":"https:\/\/highlightsofhvar.com\/wp-content\/uploads\/2026\/01\/cropped-Logo-Hvar-Highlights-Gold.png","width":512,"height":512,"caption":"Highlights of Hvar"},"image":{"@id":"https:\/\/highlightsofhvar.com\/hr\/#\/schema\/logo\/image\/"}}]}},"_links":{"self":[{"href":"https:\/\/highlightsofhvar.com\/hr\/wp-json\/wp\/v2\/pages\/3559","targetHints":{"allow":["GET"]}}],"collection":[{"href":"https:\/\/highlightsofhvar.com\/hr\/wp-json\/wp\/v2\/pages"}],"about":[{"href":"https:\/\/highlightsofhvar.com\/hr\/wp-json\/wp\/v2\/types\/page"}],"author":[{"embeddable":true,"href":"https:\/\/highlightsofhvar.com\/hr\/wp-json\/wp\/v2\/users\/1"}],"replies":[{"embeddable":true,"href":"https:\/\/highlightsofhvar.com\/hr\/wp-json\/wp\/v2\/comments?post=3559"}],"version-history":[{"count":1,"href":"https:\/\/highlightsofhvar.com\/hr\/wp-json\/wp\/v2\/pages\/3559\/revisions"}],"predecessor-version":[{"id":3562,"href":"https:\/\/highlightsofhvar.com\/hr\/wp-json\/wp\/v2\/pages\/3559\/revisions\/3562"}],"wp:attachment":[{"href":"https:\/\/highlightsofhvar.com\/hr\/wp-json\/wp\/v2\/media?parent=3559"}],"curies":[{"name":"wp","href":"https:\/\/api.w.org\/{rel}","templated":true}]}}